{"id":53886,"date":"2025-08-12T13:23:20","date_gmt":"2025-08-12T16:23:20","guid":{"rendered":"https:\/\/rms-enlinea.com.ar\/tienda\/producto\/mouse-inalambrico-logitech-g305-lightspeed-910-006021\/"},"modified":"2026-04-06T14:24:02","modified_gmt":"2026-04-06T17:24:02","slug":"mouse-inalambrico-logitech-g305-lightspeed-910-006021","status":"publish","type":"product","link":"https:\/\/rms-enlinea.com.ar\/tienda\/producto\/mouse-inalambrico-logitech-g305-lightspeed-910-006021\/","title":{"rendered":"Mouse Inalambrico Logitech G305 Lightspeed 910-006021"},"content":{"rendered":"<p>ESPECIFICACIONES F\u00cdSICAS<br \/>Altura: 116,6 mm<br \/>Anchura: 62,15 mm<br \/>Profundidad: 38,2 mm<br \/>Peso: 99 g<br \/>SEGUIMIENTO<br \/>Sensor: HERO\u2122<br \/>Resoluci\u00f3n: 200 \u2013 12.000 dpi<br \/>Sin suavizado\/aceleraci\u00f3n\/filtros<br \/>Aceleraci\u00f3n m\u00e1x.: &gt; 40 G5Pruebas realizadas sobre alfombrilla de mouse Logitech G240 para juegos<br \/>Velocidad m\u00e1x.: &gt; 400 ips6Pruebas realizadas sobre alfombrilla de mouse Logitech G240 para juegos<\/p>\n","protected":false},"excerpt":{"rendered":"<p>ESPECIFICACIONES F\u00cdSICASAltura: 116,6 mmAnchura: 62,15 mmProfundidad: 38,2 mmPeso: 99 gSEGUIMIENTOSensor: HERO\u2122Resoluci\u00f3n: 200 \u2013 12.000 dpiSin suavizado\/aceleraci\u00f3n\/filtrosAceleraci\u00f3n m\u00e1x.: &gt; 40 G5Pruebas realizadas sobre alfombrilla de mouse Logitech G240 para juegosVelocidad m\u00e1x.: &gt; 400 ips6Pruebas realizadas sobre alfombrilla de mouse Logitech G240 para juegos<\/p>\n","protected":false},"featured_media":53887,"comment_status":"open","ping_status":"closed","template":"","meta":{"_uag_custom_page_level_css":""},"product_brand":[549],"product_cat":[125],"product_tag":[],"class_list":{"0":"post-53886","1":"product","2":"type-product","3":"status-publish","4":"has-post-thumbnail","6":"product_brand-logitech","7":"product_cat-teclados-y-mouses","9":"first","10":"outofstock","11":"sale","12":"taxable","13":"shipping-taxable","14":"purchasable","15":"product-type-simple"},"uagb_featured_image_src":{"full":["https:\/\/rms-enlinea.com.ar\/wp-content\/uploads\/2025\/08\/D_991220-MLA89582211234_082025-F.jpg",667,1200,false],"thumbnail":["https:\/\/rms-enlinea.com.ar\/wp-content\/uploads\/2025\/08\/D_991220-MLA89582211234_082025-F-150x150.jpg",150,150,true],"medium":["https:\/\/rms-enlinea.com.ar\/wp-content\/uploads\/2025\/08\/D_991220-MLA89582211234_082025-F-167x300.jpg",167,300,true],"medium_large":["https:\/\/rms-enlinea.com.ar\/wp-content\/uploads\/2025\/08\/D_991220-MLA89582211234_082025-F.jpg",667,1200,false],"large":["https:\/\/rms-enlinea.com.ar\/wp-content\/uploads\/2025\/08\/D_991220-MLA89582211234_082025-F-569x1024.jpg",569,1024,true],"1536x1536":["https:\/\/rms-enlinea.com.ar\/wp-content\/uploads\/2025\/08\/D_991220-MLA89582211234_082025-F.jpg",667,1200,false],"2048x2048":["https:\/\/rms-enlinea.com.ar\/wp-content\/uploads\/2025\/08\/D_991220-MLA89582211234_082025-F.jpg",667,1200,false],"woocommerce_thumbnail":["https:\/\/rms-enlinea.com.ar\/wp-content\/uploads\/2025\/08\/D_991220-MLA89582211234_082025-F-450x450.jpg",450,450,true],"woocommerce_single":["https:\/\/rms-enlinea.com.ar\/wp-content\/uploads\/2025\/08\/D_991220-MLA89582211234_082025-F-600x1079.jpg",600,1079,true],"woocommerce_gallery_thumbnail":["https:\/\/rms-enlinea.com.ar\/wp-content\/uploads\/2025\/08\/D_991220-MLA89582211234_082025-F-100x100.jpg",100,100,true]},"uagb_author_info":{"display_name":"nelson","author_link":"https:\/\/rms-enlinea.com.ar\/tienda\/author\/"},"uagb_comment_info":0,"uagb_excerpt":"ESPECIFICACIONES F\u00cdSICASAltura: 116,6 mmAnchura: 62,15 mmProfundidad: 38,2 mmPeso: 99 gSEGUIMIENTOSensor: HERO\u2122Resoluci\u00f3n: 200 \u2013 12.000 dpiSin suavizado\/aceleraci\u00f3n\/filtrosAceleraci\u00f3n m\u00e1x.: &gt; 40 G5Pruebas realizadas sobre alfombrilla de mouse Logitech G240 para juegosVelocidad m\u00e1x.: &gt; 400 ips6Pruebas realizadas sobre alfombrilla de mouse Logitech G240 para juegos","_links":{"self":[{"href":"https:\/\/rms-enlinea.com.ar\/tienda\/wp-json\/wp\/v2\/product\/53886","targetHints":{"allow":["GET"]}}],"collection":[{"href":"https:\/\/rms-enlinea.com.ar\/tienda\/wp-json\/wp\/v2\/product"}],"about":[{"href":"https:\/\/rms-enlinea.com.ar\/tienda\/wp-json\/wp\/v2\/types\/product"}],"replies":[{"embeddable":true,"href":"https:\/\/rms-enlinea.com.ar\/tienda\/wp-json\/wp\/v2\/comments?post=53886"}],"wp:featuredmedia":[{"embeddable":true,"href":"https:\/\/rms-enlinea.com.ar\/tienda\/wp-json\/wp\/v2\/media\/53887"}],"wp:attachment":[{"href":"https:\/\/rms-enlinea.com.ar\/tienda\/wp-json\/wp\/v2\/media?parent=53886"}],"wp:term":[{"taxonomy":"product_brand","embeddable":true,"href":"https:\/\/rms-enlinea.com.ar\/tienda\/wp-json\/wp\/v2\/product_brand?post=53886"},{"taxonomy":"product_cat","embeddable":true,"href":"https:\/\/rms-enlinea.com.ar\/tienda\/wp-json\/wp\/v2\/product_cat?post=53886"},{"taxonomy":"product_tag","embeddable":true,"href":"https:\/\/rms-enlinea.com.ar\/tienda\/wp-json\/wp\/v2\/product_tag?post=53886"}],"curies":[{"name":"wp","href":"https:\/\/api.w.org\/{rel}","templated":true}]}}