{"id":54011,"date":"2025-08-13T09:50:23","date_gmt":"2025-08-13T12:50:23","guid":{"rendered":"https:\/\/rms-enlinea.com.ar\/tienda\/producto\/mouse-inalambrico-genius-nx-7000-blueeye-g5-red\/"},"modified":"2026-02-16T13:23:44","modified_gmt":"2026-02-16T16:23:44","slug":"mouse-inalambrico-genius-nx-7000-blueeye-g5-red","status":"publish","type":"product","link":"https:\/\/rms-enlinea.com.ar\/tienda\/producto\/mouse-inalambrico-genius-nx-7000-blueeye-g5-red\/","title":{"rendered":"Mouse Inalambrico Genius Nx 7000 Blueeye G5 Red"},"content":{"rendered":"<p>Requisitos del sistema<br \/>Ventanas 7, 8, 8.1, 10<\/p>\n<p>Mac OS X 10.8 o posterior<\/p>\n<p>Puerto USB<\/p>\n<p>Especificaciones<br \/>Frecuencia RF2,4 GHz<\/p>\n<p>N\u00famero de botones3 (izquierda, derecha, bot\u00f3n central con desplazamiento)<\/p>\n<p>Resoluci\u00f3n (PPP)1200<\/p>\n<p>Motor de sensoresOjo azul<\/p>\n<p>ColoresNegro tranquilo, Blanco elegante, Azul oc\u00e9ano, Rojo pasi\u00f3n, Verde primavera<\/p>\n<p>Peso79g (incluye receptor)<\/p>\n<p>Dimensiones (An. x Al. x Pr.)58 x 100 x 39 mm (2,28 x 3,94 x 1,54 pulgadas)<\/p>\n<p>Qu\u00e9 est\u00e1 incluido<br \/>NX-7000<\/p>\n<p>Receptor pico USB<\/p>\n<p>Pila alcalina AA<\/p>\n<p>Manual de usuario en varios idiomas<\/p>\n","protected":false},"excerpt":{"rendered":"<p>Requisitos del sistemaVentanas 7, 8, 8.1, 10 Mac OS X 10.8 o posterior Puerto USB EspecificacionesFrecuencia RF2,4 GHz N\u00famero de botones3 (izquierda, derecha, bot\u00f3n central con desplazamiento) Resoluci\u00f3n (PPP)1200 Motor de sensoresOjo azul ColoresNegro tranquilo, Blanco elegante, Azul oc\u00e9ano, Rojo pasi\u00f3n, Verde primavera Peso79g (incluye receptor) Dimensiones (An. x Al. x Pr.)58 x 100 x [&hellip;]<\/p>\n","protected":false},"featured_media":3539,"comment_status":"open","ping_status":"closed","template":"","meta":{"_uag_custom_page_level_css":""},"product_brand":[550],"product_cat":[125],"product_tag":[],"class_list":{"0":"post-54011","1":"product","2":"type-product","3":"status-publish","4":"has-post-thumbnail","6":"product_brand-genius","7":"product_cat-teclados-y-mouses","9":"first","10":"instock","11":"sale","12":"taxable","13":"shipping-taxable","14":"purchasable","15":"product-type-simple"},"uagb_featured_image_src":{"full":["https:\/\/rms-enlinea.com.ar\/wp-content\/uploads\/2025\/06\/D_811553-MLA79113042823_092024-F.jpg",433,512,false],"thumbnail":["https:\/\/rms-enlinea.com.ar\/wp-content\/uploads\/2025\/06\/D_811553-MLA79113042823_092024-F-150x150.jpg",150,150,true],"medium":["https:\/\/rms-enlinea.com.ar\/wp-content\/uploads\/2025\/06\/D_811553-MLA79113042823_092024-F-254x300.jpg",254,300,true],"medium_large":["https:\/\/rms-enlinea.com.ar\/wp-content\/uploads\/2025\/06\/D_811553-MLA79113042823_092024-F.jpg",433,512,false],"large":["https:\/\/rms-enlinea.com.ar\/wp-content\/uploads\/2025\/06\/D_811553-MLA79113042823_092024-F.jpg",433,512,false],"1536x1536":["https:\/\/rms-enlinea.com.ar\/wp-content\/uploads\/2025\/06\/D_811553-MLA79113042823_092024-F.jpg",433,512,false],"2048x2048":["https:\/\/rms-enlinea.com.ar\/wp-content\/uploads\/2025\/06\/D_811553-MLA79113042823_092024-F.jpg",433,512,false],"woocommerce_thumbnail":["https:\/\/rms-enlinea.com.ar\/wp-content\/uploads\/2025\/06\/D_811553-MLA79113042823_092024-F-433x450.jpg",433,450,true],"woocommerce_single":["https:\/\/rms-enlinea.com.ar\/wp-content\/uploads\/2025\/06\/D_811553-MLA79113042823_092024-F.jpg",433,512,false],"woocommerce_gallery_thumbnail":["https:\/\/rms-enlinea.com.ar\/wp-content\/uploads\/2025\/06\/D_811553-MLA79113042823_092024-F-100x100.jpg",100,100,true]},"uagb_author_info":{"display_name":"nelson","author_link":"https:\/\/rms-enlinea.com.ar\/tienda\/author\/"},"uagb_comment_info":0,"uagb_excerpt":"Requisitos del sistemaVentanas 7, 8, 8.1, 10 Mac OS X 10.8 o posterior Puerto USB EspecificacionesFrecuencia RF2,4 GHz N\u00famero de botones3 (izquierda, derecha, bot\u00f3n central con desplazamiento) Resoluci\u00f3n (PPP)1200 Motor de sensoresOjo azul ColoresNegro tranquilo, Blanco elegante, Azul oc\u00e9ano, Rojo pasi\u00f3n, Verde primavera Peso79g (incluye receptor) Dimensiones (An. x Al. x Pr.)58 x 100 x&hellip;","_links":{"self":[{"href":"https:\/\/rms-enlinea.com.ar\/tienda\/wp-json\/wp\/v2\/product\/54011","targetHints":{"allow":["GET"]}}],"collection":[{"href":"https:\/\/rms-enlinea.com.ar\/tienda\/wp-json\/wp\/v2\/product"}],"about":[{"href":"https:\/\/rms-enlinea.com.ar\/tienda\/wp-json\/wp\/v2\/types\/product"}],"replies":[{"embeddable":true,"href":"https:\/\/rms-enlinea.com.ar\/tienda\/wp-json\/wp\/v2\/comments?post=54011"}],"wp:featuredmedia":[{"embeddable":true,"href":"https:\/\/rms-enlinea.com.ar\/tienda\/wp-json\/wp\/v2\/media\/3539"}],"wp:attachment":[{"href":"https:\/\/rms-enlinea.com.ar\/tienda\/wp-json\/wp\/v2\/media?parent=54011"}],"wp:term":[{"taxonomy":"product_brand","embeddable":true,"href":"https:\/\/rms-enlinea.com.ar\/tienda\/wp-json\/wp\/v2\/product_brand?post=54011"},{"taxonomy":"product_cat","embeddable":true,"href":"https:\/\/rms-enlinea.com.ar\/tienda\/wp-json\/wp\/v2\/product_cat?post=54011"},{"taxonomy":"product_tag","embeddable":true,"href":"https:\/\/rms-enlinea.com.ar\/tienda\/wp-json\/wp\/v2\/product_tag?post=54011"}],"curies":[{"name":"wp","href":"https:\/\/api.w.org\/{rel}","templated":true}]}}