{"id":54018,"date":"2025-08-13T10:10:21","date_gmt":"2025-08-13T13:10:21","guid":{"rendered":"https:\/\/rms-enlinea.com.ar\/tienda\/producto\/mouse-genius-micro-traveler-black-1000dpi-cable-retractil\/"},"modified":"2026-04-02T16:44:23","modified_gmt":"2026-04-02T19:44:23","slug":"mouse-genius-micro-traveler-black-1000dpi-cable-retractil","status":"publish","type":"product","link":"https:\/\/rms-enlinea.com.ar\/tienda\/producto\/mouse-genius-micro-traveler-black-1000dpi-cable-retractil\/","title":{"rendered":"Mouse Genius Micro Traveler Black 1000dpi Cable Retractil"},"content":{"rendered":"<p>Nombre del modelo<\/p>\n<p>Micro Traveler<\/p>\n<p>Interfaz<\/p>\n<p>USB<\/p>\n<p>Unidad de sensor<\/p>\n<p>\u00d3ptico<\/p>\n<p>Resoluci\u00f3n (DPI)<\/p>\n<p>1000<\/p>\n<p>Cantidad de botones<\/p>\n<p>Tres (izquierda, derecha y central con desplazamiento)<\/p>\n<p>Longitud de cable de alimentaci\u00f3n<\/p>\n<p>0.86 m<\/p>\n","protected":false},"excerpt":{"rendered":"<p>Nombre del modelo Micro Traveler Interfaz USB Unidad de sensor \u00d3ptico Resoluci\u00f3n (DPI) 1000 Cantidad de botones Tres (izquierda, derecha y central con desplazamiento) Longitud de cable de alimentaci\u00f3n 0.86 m<\/p>\n","protected":false},"featured_media":54019,"comment_status":"open","ping_status":"closed","template":"","meta":{"_uag_custom_page_level_css":""},"product_brand":[550],"product_cat":[125],"product_tag":[],"class_list":{"0":"post-54018","1":"product","2":"type-product","3":"status-publish","4":"has-post-thumbnail","6":"product_brand-genius","7":"product_cat-teclados-y-mouses","9":"first","10":"outofstock","11":"sale","12":"taxable","13":"shipping-taxable","14":"purchasable","15":"product-type-simple"},"uagb_featured_image_src":{"full":["https:\/\/rms-enlinea.com.ar\/wp-content\/uploads\/2025\/08\/D_821567-MLA89645705068_082025-F.jpg",1158,1189,false],"thumbnail":["https:\/\/rms-enlinea.com.ar\/wp-content\/uploads\/2025\/08\/D_821567-MLA89645705068_082025-F-150x150.jpg",150,150,true],"medium":["https:\/\/rms-enlinea.com.ar\/wp-content\/uploads\/2025\/08\/D_821567-MLA89645705068_082025-F-292x300.jpg",292,300,true],"medium_large":["https:\/\/rms-enlinea.com.ar\/wp-content\/uploads\/2025\/08\/D_821567-MLA89645705068_082025-F-768x789.jpg",768,789,true],"large":["https:\/\/rms-enlinea.com.ar\/wp-content\/uploads\/2025\/08\/D_821567-MLA89645705068_082025-F-997x1024.jpg",997,1024,true],"1536x1536":["https:\/\/rms-enlinea.com.ar\/wp-content\/uploads\/2025\/08\/D_821567-MLA89645705068_082025-F.jpg",1158,1189,false],"2048x2048":["https:\/\/rms-enlinea.com.ar\/wp-content\/uploads\/2025\/08\/D_821567-MLA89645705068_082025-F.jpg",1158,1189,false],"woocommerce_thumbnail":["https:\/\/rms-enlinea.com.ar\/wp-content\/uploads\/2025\/08\/D_821567-MLA89645705068_082025-F-450x450.jpg",450,450,true],"woocommerce_single":["https:\/\/rms-enlinea.com.ar\/wp-content\/uploads\/2025\/08\/D_821567-MLA89645705068_082025-F-600x616.jpg",600,616,true],"woocommerce_gallery_thumbnail":["https:\/\/rms-enlinea.com.ar\/wp-content\/uploads\/2025\/08\/D_821567-MLA89645705068_082025-F-100x100.jpg",100,100,true]},"uagb_author_info":{"display_name":"nelson","author_link":"https:\/\/rms-enlinea.com.ar\/tienda\/author\/"},"uagb_comment_info":0,"uagb_excerpt":"Nombre del modelo Micro Traveler Interfaz USB Unidad de sensor \u00d3ptico Resoluci\u00f3n (DPI) 1000 Cantidad de botones Tres (izquierda, derecha y central con desplazamiento) Longitud de cable de alimentaci\u00f3n 0.86 m","_links":{"self":[{"href":"https:\/\/rms-enlinea.com.ar\/tienda\/wp-json\/wp\/v2\/product\/54018","targetHints":{"allow":["GET"]}}],"collection":[{"href":"https:\/\/rms-enlinea.com.ar\/tienda\/wp-json\/wp\/v2\/product"}],"about":[{"href":"https:\/\/rms-enlinea.com.ar\/tienda\/wp-json\/wp\/v2\/types\/product"}],"replies":[{"embeddable":true,"href":"https:\/\/rms-enlinea.com.ar\/tienda\/wp-json\/wp\/v2\/comments?post=54018"}],"wp:featuredmedia":[{"embeddable":true,"href":"https:\/\/rms-enlinea.com.ar\/tienda\/wp-json\/wp\/v2\/media\/54019"}],"wp:attachment":[{"href":"https:\/\/rms-enlinea.com.ar\/tienda\/wp-json\/wp\/v2\/media?parent=54018"}],"wp:term":[{"taxonomy":"product_brand","embeddable":true,"href":"https:\/\/rms-enlinea.com.ar\/tienda\/wp-json\/wp\/v2\/product_brand?post=54018"},{"taxonomy":"product_cat","embeddable":true,"href":"https:\/\/rms-enlinea.com.ar\/tienda\/wp-json\/wp\/v2\/product_cat?post=54018"},{"taxonomy":"product_tag","embeddable":true,"href":"https:\/\/rms-enlinea.com.ar\/tienda\/wp-json\/wp\/v2\/product_tag?post=54018"}],"curies":[{"name":"wp","href":"https:\/\/api.w.org\/{rel}","templated":true}]}}