{"id":54029,"date":"2025-08-13T10:10:54","date_gmt":"2025-08-13T13:10:54","guid":{"rendered":"https:\/\/rms-enlinea.com.ar\/tienda\/producto\/kit-teclado-mouse-genius-km-8101-inalambrico-2-4ghz-negro\/"},"modified":"2026-04-06T14:19:25","modified_gmt":"2026-04-06T17:19:25","slug":"kit-teclado-mouse-genius-km-8101-inalambrico-2-4ghz-negro","status":"publish","type":"product","link":"https:\/\/rms-enlinea.com.ar\/tienda\/producto\/kit-teclado-mouse-genius-km-8101-inalambrico-2-4ghz-negro\/","title":{"rendered":"Kit Teclado Mouse Genius Km 8101 Inal\u00e1mbrico 2.4ghz Negro"},"content":{"rendered":"<p>Nombre del modelo KM-8101<br \/>\nFrecuencia RF 2,4 GHz<br \/>\nTipo de tecla C\u00f3ncava<br \/>\nTeclas de funci\u00f3n S\u00ed, 12 (8 de audio, 4 de Internet)<br \/>\nTeclas multimedia S\u00ed<br \/>\nMotor de sensor de rat\u00f3n \u00d3ptico<br \/>\nResoluci\u00f3n del rat\u00f3n (DPI) 1000<br \/>\nRat\u00f3n n\u00famero de botones 3 (izquierda, derecha, bot\u00f3n central con desplazamiento)<br \/>\nPeso (g) Teclado: Aprox. 403 g<br \/>\nRat\u00f3n: Aprox. 54.5 g<br \/>\nDimensiones (A x A x P) mm (pulgadas) Teclado: 440.51 x 139.7 x 27.1 mm (17.34 x 5.50 x 1.06 pulgadas)<br \/>\nRat\u00f3n: 97 x 55 x 35 mm (3.82 x 2.17 x 1.38 pulgadas)<br \/>\nManual de usuario S\u00ed,<br \/>\nKM-8101 (Multi-idioma) Descargar<br \/>\nRequisitos del sistema Windows\u00ae 8, 10, 11 o posterior \/ Mac OS X 10.8 o posterior \/ Puerto USB disponible<br \/>\nColores Negro<br \/>\nContenido de la caja KM-8101\/K Teclado inal\u00e1mbrico<br \/>\nNX-7020 Rat\u00f3n inal\u00e1mbrico<br \/>\nReceptor USB x1<br \/>\nAA Pilas para teclado x1<br \/>\nAA Pilas para rat\u00f3n x1<br \/>\nManual del usuario en varios idiomas<\/p>\n","protected":false},"excerpt":{"rendered":"<p>Nombre del modelo KM-8101 Frecuencia RF 2,4 GHz Tipo de tecla C\u00f3ncava Teclas de funci\u00f3n S\u00ed, 12 (8 de audio, 4 de Internet) Teclas multimedia S\u00ed Motor de sensor de rat\u00f3n \u00d3ptico Resoluci\u00f3n del rat\u00f3n (DPI) 1000 Rat\u00f3n n\u00famero de botones 3 (izquierda, derecha, bot\u00f3n central con desplazamiento) Peso (g) Teclado: Aprox. 403 g Rat\u00f3n: [&hellip;]<\/p>\n","protected":false},"featured_media":54030,"comment_status":"open","ping_status":"closed","template":"","meta":{"_uag_custom_page_level_css":""},"product_brand":[550],"product_cat":[125],"product_tag":[],"class_list":{"0":"post-54029","1":"product","2":"type-product","3":"status-publish","4":"has-post-thumbnail","6":"product_brand-genius","7":"product_cat-teclados-y-mouses","9":"first","10":"outofstock","11":"sale","12":"taxable","13":"shipping-taxable","14":"purchasable","15":"product-type-simple"},"uagb_featured_image_src":{"full":["https:\/\/rms-enlinea.com.ar\/wp-content\/uploads\/2025\/08\/D_926360-MLA89644832936_082025-F.jpg",1200,337,false],"thumbnail":["https:\/\/rms-enlinea.com.ar\/wp-content\/uploads\/2025\/08\/D_926360-MLA89644832936_082025-F-150x150.jpg",150,150,true],"medium":["https:\/\/rms-enlinea.com.ar\/wp-content\/uploads\/2025\/08\/D_926360-MLA89644832936_082025-F-300x84.jpg",300,84,true],"medium_large":["https:\/\/rms-enlinea.com.ar\/wp-content\/uploads\/2025\/08\/D_926360-MLA89644832936_082025-F-768x216.jpg",768,216,true],"large":["https:\/\/rms-enlinea.com.ar\/wp-content\/uploads\/2025\/08\/D_926360-MLA89644832936_082025-F-1024x288.jpg",1024,288,true],"1536x1536":["https:\/\/rms-enlinea.com.ar\/wp-content\/uploads\/2025\/08\/D_926360-MLA89644832936_082025-F.jpg",1200,337,false],"2048x2048":["https:\/\/rms-enlinea.com.ar\/wp-content\/uploads\/2025\/08\/D_926360-MLA89644832936_082025-F.jpg",1200,337,false],"woocommerce_thumbnail":["https:\/\/rms-enlinea.com.ar\/wp-content\/uploads\/2025\/08\/D_926360-MLA89644832936_082025-F-450x337.jpg",450,337,true],"woocommerce_single":["https:\/\/rms-enlinea.com.ar\/wp-content\/uploads\/2025\/08\/D_926360-MLA89644832936_082025-F-600x169.jpg",600,169,true],"woocommerce_gallery_thumbnail":["https:\/\/rms-enlinea.com.ar\/wp-content\/uploads\/2025\/08\/D_926360-MLA89644832936_082025-F-100x100.jpg",100,100,true]},"uagb_author_info":{"display_name":"nelson","author_link":"https:\/\/rms-enlinea.com.ar\/tienda\/author\/"},"uagb_comment_info":0,"uagb_excerpt":"Nombre del modelo KM-8101 Frecuencia RF 2,4 GHz Tipo de tecla C\u00f3ncava Teclas de funci\u00f3n S\u00ed, 12 (8 de audio, 4 de Internet) Teclas multimedia S\u00ed Motor de sensor de rat\u00f3n \u00d3ptico Resoluci\u00f3n del rat\u00f3n (DPI) 1000 Rat\u00f3n n\u00famero de botones 3 (izquierda, derecha, bot\u00f3n central con desplazamiento) Peso (g) Teclado: Aprox. 403 g Rat\u00f3n:&hellip;","_links":{"self":[{"href":"https:\/\/rms-enlinea.com.ar\/tienda\/wp-json\/wp\/v2\/product\/54029","targetHints":{"allow":["GET"]}}],"collection":[{"href":"https:\/\/rms-enlinea.com.ar\/tienda\/wp-json\/wp\/v2\/product"}],"about":[{"href":"https:\/\/rms-enlinea.com.ar\/tienda\/wp-json\/wp\/v2\/types\/product"}],"replies":[{"embeddable":true,"href":"https:\/\/rms-enlinea.com.ar\/tienda\/wp-json\/wp\/v2\/comments?post=54029"}],"wp:featuredmedia":[{"embeddable":true,"href":"https:\/\/rms-enlinea.com.ar\/tienda\/wp-json\/wp\/v2\/media\/54030"}],"wp:attachment":[{"href":"https:\/\/rms-enlinea.com.ar\/tienda\/wp-json\/wp\/v2\/media?parent=54029"}],"wp:term":[{"taxonomy":"product_brand","embeddable":true,"href":"https:\/\/rms-enlinea.com.ar\/tienda\/wp-json\/wp\/v2\/product_brand?post=54029"},{"taxonomy":"product_cat","embeddable":true,"href":"https:\/\/rms-enlinea.com.ar\/tienda\/wp-json\/wp\/v2\/product_cat?post=54029"},{"taxonomy":"product_tag","embeddable":true,"href":"https:\/\/rms-enlinea.com.ar\/tienda\/wp-json\/wp\/v2\/product_tag?post=54029"}],"curies":[{"name":"wp","href":"https:\/\/api.w.org\/{rel}","templated":true}]}}