{"id":54037,"date":"2025-08-13T10:11:16","date_gmt":"2025-08-13T13:11:16","guid":{"rendered":"https:\/\/rms-enlinea.com.ar\/tienda\/producto\/kit-teclado-y-mouse-inalambrico-genius-luxemate-q8000\/"},"modified":"2026-04-06T14:37:58","modified_gmt":"2026-04-06T17:37:58","slug":"kit-teclado-y-mouse-inalambrico-genius-luxemate-q8000","status":"publish","type":"product","link":"https:\/\/rms-enlinea.com.ar\/tienda\/producto\/kit-teclado-y-mouse-inalambrico-genius-luxemate-q8000\/","title":{"rendered":"Kit Teclado Y Mouse Inalambrico Genius Luxemate Q8000"},"content":{"rendered":"<p>Frecuencia RF 2.4 GHz<br \/>\nTipo de tecla Llave redonda delgada<br \/>\nTeclas de funci\u00f3n S\u00ed, 12 (8 de audio, 4 de Internet)<br \/>\nTeclas multimedia S\u00ed<br \/>\nMotor de sensor de rat\u00f3n \u00d3ptico<br \/>\nResoluci\u00f3n del rat\u00f3n (DPI) 800, 1200, 1600<br \/>\nRat\u00f3n n\u00famero de botones 3 (izquierda, derecha, bot\u00f3n central con desplazamiento)<br \/>\nOtro &#8211;<br \/>\nPeso (g) Teclado: Aprox. 351 g \/ Rat\u00f3n: Aprox. 56 g<br \/>\nDimensiones (L x A x P) Teclado: 318,6 x 143,6 x 20,5 mm (12,54 x 5,65 x 0,80 in)<br \/>\nRat\u00f3n: 60,8 x 100,3 x 37 mm (2,39 x 3,94 x 1,45 in)<br \/>\nRequisitos del sistema Windows\u00ae 8, 10, 11 o posterior \/ Mac OS X 10.8 o posterior \/ Puerto USB<br \/>\nColor Blanco<br \/>\nNota Im\u00e1genes y colores en el paquete son solo referenciales<br \/>\nContenido de la caja \u2022 LuxeMate Q8000 Teclado inal\u00e1mbrico<br \/>\n\u2022 LuxeMate Q8000 Rat\u00f3n inal\u00e1mbrico<br \/>\n\u2022 Receptor USB x1<br \/>\n\u2022 Pilas AAA para teclado x2<br \/>\n\u2022 Pila AAA para rat\u00f3n x1<br \/>\n\u2022 Manual del usuario en varios idiomas<\/p>\n","protected":false},"excerpt":{"rendered":"<p>Frecuencia RF 2.4 GHz Tipo de tecla Llave redonda delgada Teclas de funci\u00f3n S\u00ed, 12 (8 de audio, 4 de Internet) Teclas multimedia S\u00ed Motor de sensor de rat\u00f3n \u00d3ptico Resoluci\u00f3n del rat\u00f3n (DPI) 800, 1200, 1600 Rat\u00f3n n\u00famero de botones 3 (izquierda, derecha, bot\u00f3n central con desplazamiento) Otro &#8211; Peso (g) Teclado: Aprox. 351 [&hellip;]<\/p>\n","protected":false},"featured_media":54038,"comment_status":"open","ping_status":"closed","template":"","meta":{"_uag_custom_page_level_css":""},"product_brand":[550],"product_cat":[125],"product_tag":[],"class_list":{"0":"post-54037","1":"product","2":"type-product","3":"status-publish","4":"has-post-thumbnail","6":"product_brand-genius","7":"product_cat-teclados-y-mouses","9":"first","10":"outofstock","11":"sale","12":"taxable","13":"shipping-taxable","14":"purchasable","15":"product-type-simple"},"uagb_featured_image_src":{"full":["https:\/\/rms-enlinea.com.ar\/wp-content\/uploads\/2025\/08\/D_843070-MLA90019987195_082025-F.jpg",1198,432,false],"thumbnail":["https:\/\/rms-enlinea.com.ar\/wp-content\/uploads\/2025\/08\/D_843070-MLA90019987195_082025-F-150x150.jpg",150,150,true],"medium":["https:\/\/rms-enlinea.com.ar\/wp-content\/uploads\/2025\/08\/D_843070-MLA90019987195_082025-F-300x108.jpg",300,108,true],"medium_large":["https:\/\/rms-enlinea.com.ar\/wp-content\/uploads\/2025\/08\/D_843070-MLA90019987195_082025-F-768x277.jpg",768,277,true],"large":["https:\/\/rms-enlinea.com.ar\/wp-content\/uploads\/2025\/08\/D_843070-MLA90019987195_082025-F-1024x369.jpg",1024,369,true],"1536x1536":["https:\/\/rms-enlinea.com.ar\/wp-content\/uploads\/2025\/08\/D_843070-MLA90019987195_082025-F.jpg",1198,432,false],"2048x2048":["https:\/\/rms-enlinea.com.ar\/wp-content\/uploads\/2025\/08\/D_843070-MLA90019987195_082025-F.jpg",1198,432,false],"woocommerce_thumbnail":["https:\/\/rms-enlinea.com.ar\/wp-content\/uploads\/2025\/08\/D_843070-MLA90019987195_082025-F-450x432.jpg",450,432,true],"woocommerce_single":["https:\/\/rms-enlinea.com.ar\/wp-content\/uploads\/2025\/08\/D_843070-MLA90019987195_082025-F-600x216.jpg",600,216,true],"woocommerce_gallery_thumbnail":["https:\/\/rms-enlinea.com.ar\/wp-content\/uploads\/2025\/08\/D_843070-MLA90019987195_082025-F-100x100.jpg",100,100,true]},"uagb_author_info":{"display_name":"nelson","author_link":"https:\/\/rms-enlinea.com.ar\/tienda\/author\/"},"uagb_comment_info":0,"uagb_excerpt":"Frecuencia RF 2.4 GHz Tipo de tecla Llave redonda delgada Teclas de funci\u00f3n S\u00ed, 12 (8 de audio, 4 de Internet) Teclas multimedia S\u00ed Motor de sensor de rat\u00f3n \u00d3ptico Resoluci\u00f3n del rat\u00f3n (DPI) 800, 1200, 1600 Rat\u00f3n n\u00famero de botones 3 (izquierda, derecha, bot\u00f3n central con desplazamiento) Otro &#8211; Peso (g) Teclado: Aprox. 351&hellip;","_links":{"self":[{"href":"https:\/\/rms-enlinea.com.ar\/tienda\/wp-json\/wp\/v2\/product\/54037","targetHints":{"allow":["GET"]}}],"collection":[{"href":"https:\/\/rms-enlinea.com.ar\/tienda\/wp-json\/wp\/v2\/product"}],"about":[{"href":"https:\/\/rms-enlinea.com.ar\/tienda\/wp-json\/wp\/v2\/types\/product"}],"replies":[{"embeddable":true,"href":"https:\/\/rms-enlinea.com.ar\/tienda\/wp-json\/wp\/v2\/comments?post=54037"}],"wp:featuredmedia":[{"embeddable":true,"href":"https:\/\/rms-enlinea.com.ar\/tienda\/wp-json\/wp\/v2\/media\/54038"}],"wp:attachment":[{"href":"https:\/\/rms-enlinea.com.ar\/tienda\/wp-json\/wp\/v2\/media?parent=54037"}],"wp:term":[{"taxonomy":"product_brand","embeddable":true,"href":"https:\/\/rms-enlinea.com.ar\/tienda\/wp-json\/wp\/v2\/product_brand?post=54037"},{"taxonomy":"product_cat","embeddable":true,"href":"https:\/\/rms-enlinea.com.ar\/tienda\/wp-json\/wp\/v2\/product_cat?post=54037"},{"taxonomy":"product_tag","embeddable":true,"href":"https:\/\/rms-enlinea.com.ar\/tienda\/wp-json\/wp\/v2\/product_tag?post=54037"}],"curies":[{"name":"wp","href":"https:\/\/api.w.org\/{rel}","templated":true}]}}