{"id":54043,"date":"2025-08-13T10:11:24","date_gmt":"2025-08-13T13:11:24","guid":{"rendered":"https:\/\/rms-enlinea.com.ar\/tienda\/producto\/kit-teclado-y-mouse-genius-km-160-oficina-usb-cable-1-5m-esp\/"},"modified":"2026-04-21T04:57:40","modified_gmt":"2026-04-21T07:57:40","slug":"kit-teclado-y-mouse-genius-km-160-oficina-usb-cable-1-5m-esp","status":"publish","type":"product","link":"https:\/\/rms-enlinea.com.ar\/tienda\/producto\/kit-teclado-y-mouse-genius-km-160-oficina-usb-cable-1-5m-esp\/","title":{"rendered":"Kit Teclado Y Mouse Genius Km-160 Oficina Usb Cable 1.5m Esp"},"content":{"rendered":"<p>Requisitos del sistema<br \/>\nWindows 7, 8, 8.1, 10 o superior<\/p>\n<p>Mac OS X 10.8 o superior<\/p>\n<p>Puerto USB<\/p>\n<p>Especificaciones<br \/>\nTeclado<br \/>\nLongitud de cable: 1,5 m<\/p>\n<p>Tipo de teclas: C\u00f3ncavas<\/p>\n<p>Mouse<br \/>\nUnidad de sensor\u00d3ptico<\/p>\n<p>Cantidad de botones: Tres (izquierda, derecha y central con desplazamiento)<\/p>\n<p>Resoluci\u00f3n (DPI)1000<\/p>\n<p>Longitud de cable: 1,5 m<\/p>\n<p>Dimensiones (A x A x P)<br \/>\nTeclado: 460 x 157,5 x 27 mm (18.11 x 6.20 x 1.06 pulgadas)<\/p>\n<p>Mouse: 37,8 x 100 x 58 mm (1,49 x 3,93 x 2,28 pulgadas)<\/p>\n<p>Peso<br \/>\nTeclado: Aprox. 570 g<\/p>\n<p>Mouse: Aprox. 85 g<\/p>\n<p>Color<br \/>\nNegro<\/p>\n<p>Contenido de la caja<br \/>\nKB-115 (teclado USB), DX-160 (USB Mouse)<\/p>\n","protected":false},"excerpt":{"rendered":"<p>Requisitos del sistema Windows 7, 8, 8.1, 10 o superior Mac OS X 10.8 o superior Puerto USB Especificaciones Teclado Longitud de cable: 1,5 m Tipo de teclas: C\u00f3ncavas Mouse Unidad de sensor\u00d3ptico Cantidad de botones: Tres (izquierda, derecha y central con desplazamiento) Resoluci\u00f3n (DPI)1000 Longitud de cable: 1,5 m Dimensiones (A x A x [&hellip;]<\/p>\n","protected":false},"featured_media":54044,"comment_status":"open","ping_status":"closed","template":"","meta":{"_uag_custom_page_level_css":""},"product_brand":[550],"product_cat":[125],"product_tag":[],"class_list":{"0":"post-54043","1":"product","2":"type-product","3":"status-publish","4":"has-post-thumbnail","6":"product_brand-genius","7":"product_cat-teclados-y-mouses","9":"first","10":"outofstock","11":"sale","12":"taxable","13":"shipping-taxable","14":"purchasable","15":"product-type-simple"},"uagb_featured_image_src":{"full":["https:\/\/rms-enlinea.com.ar\/wp-content\/uploads\/2025\/08\/D_842520-MLA89645643634_082025-F.jpg",1200,963,false],"thumbnail":["https:\/\/rms-enlinea.com.ar\/wp-content\/uploads\/2025\/08\/D_842520-MLA89645643634_082025-F-150x150.jpg",150,150,true],"medium":["https:\/\/rms-enlinea.com.ar\/wp-content\/uploads\/2025\/08\/D_842520-MLA89645643634_082025-F-300x241.jpg",300,241,true],"medium_large":["https:\/\/rms-enlinea.com.ar\/wp-content\/uploads\/2025\/08\/D_842520-MLA89645643634_082025-F-768x616.jpg",768,616,true],"large":["https:\/\/rms-enlinea.com.ar\/wp-content\/uploads\/2025\/08\/D_842520-MLA89645643634_082025-F-1024x822.jpg",1024,822,true],"1536x1536":["https:\/\/rms-enlinea.com.ar\/wp-content\/uploads\/2025\/08\/D_842520-MLA89645643634_082025-F.jpg",1200,963,false],"2048x2048":["https:\/\/rms-enlinea.com.ar\/wp-content\/uploads\/2025\/08\/D_842520-MLA89645643634_082025-F.jpg",1200,963,false],"woocommerce_thumbnail":["https:\/\/rms-enlinea.com.ar\/wp-content\/uploads\/2025\/08\/D_842520-MLA89645643634_082025-F-450x450.jpg",450,450,true],"woocommerce_single":["https:\/\/rms-enlinea.com.ar\/wp-content\/uploads\/2025\/08\/D_842520-MLA89645643634_082025-F-600x482.jpg",600,482,true],"woocommerce_gallery_thumbnail":["https:\/\/rms-enlinea.com.ar\/wp-content\/uploads\/2025\/08\/D_842520-MLA89645643634_082025-F-100x100.jpg",100,100,true]},"uagb_author_info":{"display_name":"nelson","author_link":"https:\/\/rms-enlinea.com.ar\/tienda\/author\/"},"uagb_comment_info":0,"uagb_excerpt":"Requisitos del sistema Windows 7, 8, 8.1, 10 o superior Mac OS X 10.8 o superior Puerto USB Especificaciones Teclado Longitud de cable: 1,5 m Tipo de teclas: C\u00f3ncavas Mouse Unidad de sensor\u00d3ptico Cantidad de botones: Tres (izquierda, derecha y central con desplazamiento) Resoluci\u00f3n (DPI)1000 Longitud de cable: 1,5 m Dimensiones (A x A x&hellip;","_links":{"self":[{"href":"https:\/\/rms-enlinea.com.ar\/tienda\/wp-json\/wp\/v2\/product\/54043","targetHints":{"allow":["GET"]}}],"collection":[{"href":"https:\/\/rms-enlinea.com.ar\/tienda\/wp-json\/wp\/v2\/product"}],"about":[{"href":"https:\/\/rms-enlinea.com.ar\/tienda\/wp-json\/wp\/v2\/types\/product"}],"replies":[{"embeddable":true,"href":"https:\/\/rms-enlinea.com.ar\/tienda\/wp-json\/wp\/v2\/comments?post=54043"}],"wp:featuredmedia":[{"embeddable":true,"href":"https:\/\/rms-enlinea.com.ar\/tienda\/wp-json\/wp\/v2\/media\/54044"}],"wp:attachment":[{"href":"https:\/\/rms-enlinea.com.ar\/tienda\/wp-json\/wp\/v2\/media?parent=54043"}],"wp:term":[{"taxonomy":"product_brand","embeddable":true,"href":"https:\/\/rms-enlinea.com.ar\/tienda\/wp-json\/wp\/v2\/product_brand?post=54043"},{"taxonomy":"product_cat","embeddable":true,"href":"https:\/\/rms-enlinea.com.ar\/tienda\/wp-json\/wp\/v2\/product_cat?post=54043"},{"taxonomy":"product_tag","embeddable":true,"href":"https:\/\/rms-enlinea.com.ar\/tienda\/wp-json\/wp\/v2\/product_tag?post=54043"}],"curies":[{"name":"wp","href":"https:\/\/api.w.org\/{rel}","templated":true}]}}