{"id":54055,"date":"2025-08-13T10:20:08","date_gmt":"2025-08-13T13:20:08","guid":{"rendered":"https:\/\/rms-enlinea.com.ar\/tienda\/producto\/teclado-genius-smart-kb-100-usb-cable-1-5m-negro\/"},"modified":"2026-04-06T14:00:46","modified_gmt":"2026-04-06T17:00:46","slug":"teclado-genius-smart-kb-100-usb-cable-1-5m-negro","status":"publish","type":"product","link":"https:\/\/rms-enlinea.com.ar\/tienda\/producto\/teclado-genius-smart-kb-100-usb-cable-1-5m-negro\/","title":{"rendered":"Teclado Genius Smart Kb-100 Usb Cable 1.5m Negro"},"content":{"rendered":"<p>REQUISITOS DEL SISTEMA<br \/>\nWindows 7, 8, 8.1, 10 o superior<br \/>\nMac OS X 10.8 o superior<br \/>\nPuerto USB<br \/>\nESPECIFICACIONES<br \/>\nTipo de teclas C\u00f3ncavas<br \/>\nLongitud de cable 1.5 M<br \/>\nSoporte de Tecla Genius S\u00cd<br \/>\nTeclas de Funci\u00f3n Personalizables F1~F12<br \/>\nMotor Inteligente (SmartGenius) S\u00cd<br \/>\nBarra Virtual de Teclas de Funci\u00f3n S\u00cd<br \/>\nTecla de Funci\u00f3n S\u00cd<br \/>\nSoporte de Perfil de Aplicaciones S\u00cd<br \/>\nPeso Aprox. 450 g<br \/>\nDimensiones (A x A x P)440,51 x 139,67 x 20,07 mm (17,34 x 5,50 x 0,79 pulgadas)<br \/>\nColor Negro<\/p>\n","protected":false},"excerpt":{"rendered":"<p>REQUISITOS DEL SISTEMA Windows 7, 8, 8.1, 10 o superior Mac OS X 10.8 o superior Puerto USB ESPECIFICACIONES Tipo de teclas C\u00f3ncavas Longitud de cable 1.5 M Soporte de Tecla Genius S\u00cd Teclas de Funci\u00f3n Personalizables F1~F12 Motor Inteligente (SmartGenius) S\u00cd Barra Virtual de Teclas de Funci\u00f3n S\u00cd Tecla de Funci\u00f3n S\u00cd Soporte de [&hellip;]<\/p>\n","protected":false},"featured_media":25598,"comment_status":"open","ping_status":"closed","template":"","meta":{"_uag_custom_page_level_css":""},"product_brand":[550],"product_cat":[125],"product_tag":[],"class_list":{"0":"post-54055","1":"product","2":"type-product","3":"status-publish","4":"has-post-thumbnail","6":"product_brand-genius","7":"product_cat-teclados-y-mouses","9":"first","10":"outofstock","11":"sale","12":"taxable","13":"shipping-taxable","14":"purchasable","15":"product-type-simple"},"uagb_featured_image_src":{"full":["https:\/\/rms-enlinea.com.ar\/wp-content\/uploads\/2025\/06\/D_808723-MLA74780663109_022024-F.jpg",1200,404,false],"thumbnail":["https:\/\/rms-enlinea.com.ar\/wp-content\/uploads\/2025\/06\/D_808723-MLA74780663109_022024-F-150x150.jpg",150,150,true],"medium":["https:\/\/rms-enlinea.com.ar\/wp-content\/uploads\/2025\/06\/D_808723-MLA74780663109_022024-F-300x101.jpg",300,101,true],"medium_large":["https:\/\/rms-enlinea.com.ar\/wp-content\/uploads\/2025\/06\/D_808723-MLA74780663109_022024-F-768x259.jpg",768,259,true],"large":["https:\/\/rms-enlinea.com.ar\/wp-content\/uploads\/2025\/06\/D_808723-MLA74780663109_022024-F-1024x345.jpg",1024,345,true],"1536x1536":["https:\/\/rms-enlinea.com.ar\/wp-content\/uploads\/2025\/06\/D_808723-MLA74780663109_022024-F.jpg",1200,404,false],"2048x2048":["https:\/\/rms-enlinea.com.ar\/wp-content\/uploads\/2025\/06\/D_808723-MLA74780663109_022024-F.jpg",1200,404,false],"woocommerce_thumbnail":["https:\/\/rms-enlinea.com.ar\/wp-content\/uploads\/2025\/06\/D_808723-MLA74780663109_022024-F-450x404.jpg",450,404,true],"woocommerce_single":["https:\/\/rms-enlinea.com.ar\/wp-content\/uploads\/2025\/06\/D_808723-MLA74780663109_022024-F-600x202.jpg",600,202,true],"woocommerce_gallery_thumbnail":["https:\/\/rms-enlinea.com.ar\/wp-content\/uploads\/2025\/06\/D_808723-MLA74780663109_022024-F-100x100.jpg",100,100,true]},"uagb_author_info":{"display_name":"nelson","author_link":"https:\/\/rms-enlinea.com.ar\/tienda\/author\/"},"uagb_comment_info":0,"uagb_excerpt":"REQUISITOS DEL SISTEMA Windows 7, 8, 8.1, 10 o superior Mac OS X 10.8 o superior Puerto USB ESPECIFICACIONES Tipo de teclas C\u00f3ncavas Longitud de cable 1.5 M Soporte de Tecla Genius S\u00cd Teclas de Funci\u00f3n Personalizables F1~F12 Motor Inteligente (SmartGenius) S\u00cd Barra Virtual de Teclas de Funci\u00f3n S\u00cd Tecla de Funci\u00f3n S\u00cd Soporte de&hellip;","_links":{"self":[{"href":"https:\/\/rms-enlinea.com.ar\/tienda\/wp-json\/wp\/v2\/product\/54055","targetHints":{"allow":["GET"]}}],"collection":[{"href":"https:\/\/rms-enlinea.com.ar\/tienda\/wp-json\/wp\/v2\/product"}],"about":[{"href":"https:\/\/rms-enlinea.com.ar\/tienda\/wp-json\/wp\/v2\/types\/product"}],"replies":[{"embeddable":true,"href":"https:\/\/rms-enlinea.com.ar\/tienda\/wp-json\/wp\/v2\/comments?post=54055"}],"wp:featuredmedia":[{"embeddable":true,"href":"https:\/\/rms-enlinea.com.ar\/tienda\/wp-json\/wp\/v2\/media\/25598"}],"wp:attachment":[{"href":"https:\/\/rms-enlinea.com.ar\/tienda\/wp-json\/wp\/v2\/media?parent=54055"}],"wp:term":[{"taxonomy":"product_brand","embeddable":true,"href":"https:\/\/rms-enlinea.com.ar\/tienda\/wp-json\/wp\/v2\/product_brand?post=54055"},{"taxonomy":"product_cat","embeddable":true,"href":"https:\/\/rms-enlinea.com.ar\/tienda\/wp-json\/wp\/v2\/product_cat?post=54055"},{"taxonomy":"product_tag","embeddable":true,"href":"https:\/\/rms-enlinea.com.ar\/tienda\/wp-json\/wp\/v2\/product_tag?post=54055"}],"curies":[{"name":"wp","href":"https:\/\/api.w.org\/{rel}","templated":true}]}}