{"id":54057,"date":"2025-08-13T10:20:22","date_gmt":"2025-08-13T13:20:22","guid":{"rendered":"https:\/\/rms-enlinea.com.ar\/tienda\/producto\/pad-mouse-genius-g-pad-230s-230x190x2-5mm-azul-gris\/"},"modified":"2026-03-31T19:46:30","modified_gmt":"2026-03-31T22:46:30","slug":"pad-mouse-genius-g-pad-230s-230x190x2-5mm-azul-gris","status":"publish","type":"product","link":"https:\/\/rms-enlinea.com.ar\/tienda\/producto\/pad-mouse-genius-g-pad-230s-230x190x2-5mm-azul-gris\/","title":{"rendered":"Pad Mouse Genius G-pad 230s 230x190x2.5mm Azul Gris"},"content":{"rendered":"<p>Caracter\u00edsticas<br \/>\nMouse Pad suave<br \/>\nTama\u00f1o: 230 x 190 x 2.5 mm<br \/>\nSuperficie resistente a derrames<br \/>\nBase antideslizante<br \/>\nBordes cosidos duraderos<br \/>\nEspecificaci\u00f3n<br \/>\nMaterial Micro Textura, superficie suave<br \/>\nAlmohadilla de Mu\u00f1eca No<br \/>\nEspuma de Memoria No<br \/>\nBase Antideslizante Si<br \/>\nAnti Derrame Si<br \/>\nPeso (gramos) Aprox. 33.8g<br \/>\nDimensiones (L x A x P) mm (pulgadas) 230 x 2.5 x 190 ( 9.06&#8243; x 0.1&#8243; x 7.48&#8243; )<br \/>\nColor Azul Gris<br \/>\nContenido de la caja G-Pad 230S<\/p>\n","protected":false},"excerpt":{"rendered":"<p>Caracter\u00edsticas Mouse Pad suave Tama\u00f1o: 230 x 190 x 2.5 mm Superficie resistente a derrames Base antideslizante Bordes cosidos duraderos Especificaci\u00f3n Material Micro Textura, superficie suave Almohadilla de Mu\u00f1eca No Espuma de Memoria No Base Antideslizante Si Anti Derrame Si Peso (gramos) Aprox. 33.8g Dimensiones (L x A x P) mm (pulgadas) 230 x 2.5 [&hellip;]<\/p>\n","protected":false},"featured_media":54058,"comment_status":"open","ping_status":"closed","template":"","meta":{"_uag_custom_page_level_css":""},"product_brand":[550],"product_cat":[125],"product_tag":[],"class_list":{"0":"post-54057","1":"product","2":"type-product","3":"status-publish","4":"has-post-thumbnail","6":"product_brand-genius","7":"product_cat-teclados-y-mouses","9":"first","10":"outofstock","11":"sale","12":"taxable","13":"shipping-taxable","14":"purchasable","15":"product-type-simple"},"uagb_featured_image_src":{"full":["https:\/\/rms-enlinea.com.ar\/wp-content\/uploads\/2025\/08\/D_969230-MLA90019904501_082025-F.jpg",1197,1007,false],"thumbnail":["https:\/\/rms-enlinea.com.ar\/wp-content\/uploads\/2025\/08\/D_969230-MLA90019904501_082025-F-150x150.jpg",150,150,true],"medium":["https:\/\/rms-enlinea.com.ar\/wp-content\/uploads\/2025\/08\/D_969230-MLA90019904501_082025-F-300x252.jpg",300,252,true],"medium_large":["https:\/\/rms-enlinea.com.ar\/wp-content\/uploads\/2025\/08\/D_969230-MLA90019904501_082025-F-768x646.jpg",768,646,true],"large":["https:\/\/rms-enlinea.com.ar\/wp-content\/uploads\/2025\/08\/D_969230-MLA90019904501_082025-F-1024x861.jpg",1024,861,true],"1536x1536":["https:\/\/rms-enlinea.com.ar\/wp-content\/uploads\/2025\/08\/D_969230-MLA90019904501_082025-F.jpg",1197,1007,false],"2048x2048":["https:\/\/rms-enlinea.com.ar\/wp-content\/uploads\/2025\/08\/D_969230-MLA90019904501_082025-F.jpg",1197,1007,false],"woocommerce_thumbnail":["https:\/\/rms-enlinea.com.ar\/wp-content\/uploads\/2025\/08\/D_969230-MLA90019904501_082025-F-450x450.jpg",450,450,true],"woocommerce_single":["https:\/\/rms-enlinea.com.ar\/wp-content\/uploads\/2025\/08\/D_969230-MLA90019904501_082025-F-600x505.jpg",600,505,true],"woocommerce_gallery_thumbnail":["https:\/\/rms-enlinea.com.ar\/wp-content\/uploads\/2025\/08\/D_969230-MLA90019904501_082025-F-100x100.jpg",100,100,true]},"uagb_author_info":{"display_name":"nelson","author_link":"https:\/\/rms-enlinea.com.ar\/tienda\/author\/"},"uagb_comment_info":0,"uagb_excerpt":"Caracter\u00edsticas Mouse Pad suave Tama\u00f1o: 230 x 190 x 2.5 mm Superficie resistente a derrames Base antideslizante Bordes cosidos duraderos Especificaci\u00f3n Material Micro Textura, superficie suave Almohadilla de Mu\u00f1eca No Espuma de Memoria No Base Antideslizante Si Anti Derrame Si Peso (gramos) Aprox. 33.8g Dimensiones (L x A x P) mm (pulgadas) 230 x 2.5&hellip;","_links":{"self":[{"href":"https:\/\/rms-enlinea.com.ar\/tienda\/wp-json\/wp\/v2\/product\/54057","targetHints":{"allow":["GET"]}}],"collection":[{"href":"https:\/\/rms-enlinea.com.ar\/tienda\/wp-json\/wp\/v2\/product"}],"about":[{"href":"https:\/\/rms-enlinea.com.ar\/tienda\/wp-json\/wp\/v2\/types\/product"}],"replies":[{"embeddable":true,"href":"https:\/\/rms-enlinea.com.ar\/tienda\/wp-json\/wp\/v2\/comments?post=54057"}],"wp:featuredmedia":[{"embeddable":true,"href":"https:\/\/rms-enlinea.com.ar\/tienda\/wp-json\/wp\/v2\/media\/54058"}],"wp:attachment":[{"href":"https:\/\/rms-enlinea.com.ar\/tienda\/wp-json\/wp\/v2\/media?parent=54057"}],"wp:term":[{"taxonomy":"product_brand","embeddable":true,"href":"https:\/\/rms-enlinea.com.ar\/tienda\/wp-json\/wp\/v2\/product_brand?post=54057"},{"taxonomy":"product_cat","embeddable":true,"href":"https:\/\/rms-enlinea.com.ar\/tienda\/wp-json\/wp\/v2\/product_cat?post=54057"},{"taxonomy":"product_tag","embeddable":true,"href":"https:\/\/rms-enlinea.com.ar\/tienda\/wp-json\/wp\/v2\/product_tag?post=54057"}],"curies":[{"name":"wp","href":"https:\/\/api.w.org\/{rel}","templated":true}]}}