{"id":54142,"date":"2025-08-13T17:40:25","date_gmt":"2025-08-13T20:40:25","guid":{"rendered":"https:\/\/rms-enlinea.com.ar\/tienda\/producto\/parlantes-usb-genius-sp-u125-mini-plug-3w-2x1-5w-cable-1-2m\/"},"modified":"2026-04-21T06:25:49","modified_gmt":"2026-04-21T09:25:49","slug":"parlantes-usb-genius-sp-u125-mini-plug-3w-2x1-5w-cable-1-2m","status":"publish","type":"product","link":"https:\/\/rms-enlinea.com.ar\/tienda\/producto\/parlantes-usb-genius-sp-u125-mini-plug-3w-2x1-5w-cable-1-2m\/","title":{"rendered":"Parlantes Usb Genius Sp-u125 Mini Plug 3w 2&#215;1.5w Cable 1.2m"},"content":{"rendered":"<p>Entrada de audio\t3,5mm<br \/>Potencia total de salida \t3 W <br \/>Respuesta frecuente\t150 Hz \u2013 20 kHz<br \/>Relaci\u00f3n se\u00f1al ruido\t70dB<br \/>Toma de auriculares\tS\u00ed<br \/>Fuente de alimentaci\u00f3n\tUSB 2.0<br \/>Longitud del cable (m)\t1,2 m<br \/>Peso (g)\tAprox. 424g<\/p>\n","protected":false},"excerpt":{"rendered":"<p>Entrada de audio 3,5mmPotencia total de salida 3 W Respuesta frecuente 150 Hz \u2013 20 kHzRelaci\u00f3n se\u00f1al ruido 70dBToma de auriculares S\u00edFuente de alimentaci\u00f3n USB 2.0Longitud del cable (m) 1,2 mPeso (g) Aprox. 424g<\/p>\n","protected":false},"featured_media":54143,"comment_status":"open","ping_status":"closed","template":"","meta":{"_uag_custom_page_level_css":""},"product_brand":[550],"product_cat":[124],"product_tag":[],"class_list":{"0":"post-54142","1":"product","2":"type-product","3":"status-publish","4":"has-post-thumbnail","6":"product_brand-genius","7":"product_cat-sistemas-de-sonido-parlantes","9":"first","10":"outofstock","11":"sale","12":"taxable","13":"shipping-taxable","14":"purchasable","15":"product-type-simple"},"uagb_featured_image_src":{"full":["https:\/\/rms-enlinea.com.ar\/wp-content\/uploads\/2025\/08\/D_977334-MLA89672277434_082025-F.jpg",1200,967,false],"thumbnail":["https:\/\/rms-enlinea.com.ar\/wp-content\/uploads\/2025\/08\/D_977334-MLA89672277434_082025-F-150x150.jpg",150,150,true],"medium":["https:\/\/rms-enlinea.com.ar\/wp-content\/uploads\/2025\/08\/D_977334-MLA89672277434_082025-F-300x242.jpg",300,242,true],"medium_large":["https:\/\/rms-enlinea.com.ar\/wp-content\/uploads\/2025\/08\/D_977334-MLA89672277434_082025-F-768x619.jpg",768,619,true],"large":["https:\/\/rms-enlinea.com.ar\/wp-content\/uploads\/2025\/08\/D_977334-MLA89672277434_082025-F-1024x825.jpg",1024,825,true],"1536x1536":["https:\/\/rms-enlinea.com.ar\/wp-content\/uploads\/2025\/08\/D_977334-MLA89672277434_082025-F.jpg",1200,967,false],"2048x2048":["https:\/\/rms-enlinea.com.ar\/wp-content\/uploads\/2025\/08\/D_977334-MLA89672277434_082025-F.jpg",1200,967,false],"woocommerce_thumbnail":["https:\/\/rms-enlinea.com.ar\/wp-content\/uploads\/2025\/08\/D_977334-MLA89672277434_082025-F-450x450.jpg",450,450,true],"woocommerce_single":["https:\/\/rms-enlinea.com.ar\/wp-content\/uploads\/2025\/08\/D_977334-MLA89672277434_082025-F-600x484.jpg",600,484,true],"woocommerce_gallery_thumbnail":["https:\/\/rms-enlinea.com.ar\/wp-content\/uploads\/2025\/08\/D_977334-MLA89672277434_082025-F-100x100.jpg",100,100,true]},"uagb_author_info":{"display_name":"nelson","author_link":"https:\/\/rms-enlinea.com.ar\/tienda\/author\/"},"uagb_comment_info":0,"uagb_excerpt":"Entrada de audio 3,5mmPotencia total de salida 3 W Respuesta frecuente 150 Hz \u2013 20 kHzRelaci\u00f3n se\u00f1al ruido 70dBToma de auriculares S\u00edFuente de alimentaci\u00f3n USB 2.0Longitud del cable (m) 1,2 mPeso (g) Aprox. 424g","_links":{"self":[{"href":"https:\/\/rms-enlinea.com.ar\/tienda\/wp-json\/wp\/v2\/product\/54142","targetHints":{"allow":["GET"]}}],"collection":[{"href":"https:\/\/rms-enlinea.com.ar\/tienda\/wp-json\/wp\/v2\/product"}],"about":[{"href":"https:\/\/rms-enlinea.com.ar\/tienda\/wp-json\/wp\/v2\/types\/product"}],"replies":[{"embeddable":true,"href":"https:\/\/rms-enlinea.com.ar\/tienda\/wp-json\/wp\/v2\/comments?post=54142"}],"wp:featuredmedia":[{"embeddable":true,"href":"https:\/\/rms-enlinea.com.ar\/tienda\/wp-json\/wp\/v2\/media\/54143"}],"wp:attachment":[{"href":"https:\/\/rms-enlinea.com.ar\/tienda\/wp-json\/wp\/v2\/media?parent=54142"}],"wp:term":[{"taxonomy":"product_brand","embeddable":true,"href":"https:\/\/rms-enlinea.com.ar\/tienda\/wp-json\/wp\/v2\/product_brand?post=54142"},{"taxonomy":"product_cat","embeddable":true,"href":"https:\/\/rms-enlinea.com.ar\/tienda\/wp-json\/wp\/v2\/product_cat?post=54142"},{"taxonomy":"product_tag","embeddable":true,"href":"https:\/\/rms-enlinea.com.ar\/tienda\/wp-json\/wp\/v2\/product_tag?post=54142"}],"curies":[{"name":"wp","href":"https:\/\/api.w.org\/{rel}","templated":true}]}}