{"id":54148,"date":"2025-08-13T18:00:07","date_gmt":"2025-08-13T21:00:07","guid":{"rendered":"https:\/\/rms-enlinea.com.ar\/tienda\/producto\/parlante-genius-sp-hf280-6w-color-madera-usb-mini-plug\/"},"modified":"2026-04-21T05:55:45","modified_gmt":"2026-04-21T08:55:45","slug":"parlante-genius-sp-hf280-6w-color-madera-usb-mini-plug","status":"publish","type":"product","link":"https:\/\/rms-enlinea.com.ar\/tienda\/producto\/parlante-genius-sp-hf280-6w-color-madera-usb-mini-plug\/","title":{"rendered":"Parlante Genius Sp-hf280 6w Color Madera Usb Mini Plug"},"content":{"rendered":"<p>DESCRIPCI\u00d3N<br \/>M\u00c1S SERVICIOS<br \/>Conexi\u00f3n\tUSB<br \/>Potencia m\u00e1xima total (W)\t6 W (3 W x 2)<br \/>Unidad de potencia\t3&#8243;<br \/>Fuente de alimentaci\u00f3n\tConector USB para equipos port\u00e1tiles o de escritorio<br \/>Control de volumen\tS\u00cd<br \/>Entrada de audio\t3.5 mm<br \/>Respuesta frecuente\t100 HZ &#8211; 20 KHZ<br \/>Longitud de cable\t1.2 m<br \/>Peso (g)\tAprox. 731.50 g<br \/>Dimensiones (A x A x P) mm (pulgadas)\t102 x 140 x 102 mm (4.02 x 5.51 x 4.02 pulgadas)<br \/>Requisitos del sistema\tWindows\u00ae or Mac\u00ae OS computers or laptops \/ Tablets or smartphones \/ MP3 players<br \/>Colores\tWood,<br \/>Contenido de la caja\tSP-HF280<\/p>\n","protected":false},"excerpt":{"rendered":"<p>DESCRIPCI\u00d3NM\u00c1S SERVICIOSConexi\u00f3n USBPotencia m\u00e1xima total (W) 6 W (3 W x 2)Unidad de potencia 3&#8243;Fuente de alimentaci\u00f3n Conector USB para equipos port\u00e1tiles o de escritorioControl de volumen S\u00cdEntrada de audio 3.5 mmRespuesta frecuente 100 HZ &#8211; 20 KHZLongitud de cable 1.2 mPeso (g) Aprox. 731.50 gDimensiones (A x A x P) mm (pulgadas) 102 x [&hellip;]<\/p>\n","protected":false},"featured_media":54149,"comment_status":"open","ping_status":"closed","template":"","meta":{"_uag_custom_page_level_css":""},"product_brand":[550],"product_cat":[124],"product_tag":[],"class_list":{"0":"post-54148","1":"product","2":"type-product","3":"status-publish","4":"has-post-thumbnail","6":"product_brand-genius","7":"product_cat-sistemas-de-sonido-parlantes","9":"first","10":"outofstock","11":"sale","12":"taxable","13":"shipping-taxable","14":"purchasable","15":"product-type-simple"},"uagb_featured_image_src":{"full":["https:\/\/rms-enlinea.com.ar\/wp-content\/uploads\/2025\/08\/D_946097-MLA90046633429_082025-F.jpg",1197,693,false],"thumbnail":["https:\/\/rms-enlinea.com.ar\/wp-content\/uploads\/2025\/08\/D_946097-MLA90046633429_082025-F-150x150.jpg",150,150,true],"medium":["https:\/\/rms-enlinea.com.ar\/wp-content\/uploads\/2025\/08\/D_946097-MLA90046633429_082025-F-300x174.jpg",300,174,true],"medium_large":["https:\/\/rms-enlinea.com.ar\/wp-content\/uploads\/2025\/08\/D_946097-MLA90046633429_082025-F-768x445.jpg",768,445,true],"large":["https:\/\/rms-enlinea.com.ar\/wp-content\/uploads\/2025\/08\/D_946097-MLA90046633429_082025-F-1024x593.jpg",1024,593,true],"1536x1536":["https:\/\/rms-enlinea.com.ar\/wp-content\/uploads\/2025\/08\/D_946097-MLA90046633429_082025-F.jpg",1197,693,false],"2048x2048":["https:\/\/rms-enlinea.com.ar\/wp-content\/uploads\/2025\/08\/D_946097-MLA90046633429_082025-F.jpg",1197,693,false],"woocommerce_thumbnail":["https:\/\/rms-enlinea.com.ar\/wp-content\/uploads\/2025\/08\/D_946097-MLA90046633429_082025-F-450x450.jpg",450,450,true],"woocommerce_single":["https:\/\/rms-enlinea.com.ar\/wp-content\/uploads\/2025\/08\/D_946097-MLA90046633429_082025-F-600x347.jpg",600,347,true],"woocommerce_gallery_thumbnail":["https:\/\/rms-enlinea.com.ar\/wp-content\/uploads\/2025\/08\/D_946097-MLA90046633429_082025-F-100x100.jpg",100,100,true]},"uagb_author_info":{"display_name":"nelson","author_link":"https:\/\/rms-enlinea.com.ar\/tienda\/author\/"},"uagb_comment_info":0,"uagb_excerpt":"DESCRIPCI\u00d3NM\u00c1S SERVICIOSConexi\u00f3n USBPotencia m\u00e1xima total (W) 6 W (3 W x 2)Unidad de potencia 3&#8243;Fuente de alimentaci\u00f3n Conector USB para equipos port\u00e1tiles o de escritorioControl de volumen S\u00cdEntrada de audio 3.5 mmRespuesta frecuente 100 HZ &#8211; 20 KHZLongitud de cable 1.2 mPeso (g) Aprox. 731.50 gDimensiones (A x A x P) mm (pulgadas) 102 x&hellip;","_links":{"self":[{"href":"https:\/\/rms-enlinea.com.ar\/tienda\/wp-json\/wp\/v2\/product\/54148","targetHints":{"allow":["GET"]}}],"collection":[{"href":"https:\/\/rms-enlinea.com.ar\/tienda\/wp-json\/wp\/v2\/product"}],"about":[{"href":"https:\/\/rms-enlinea.com.ar\/tienda\/wp-json\/wp\/v2\/types\/product"}],"replies":[{"embeddable":true,"href":"https:\/\/rms-enlinea.com.ar\/tienda\/wp-json\/wp\/v2\/comments?post=54148"}],"wp:featuredmedia":[{"embeddable":true,"href":"https:\/\/rms-enlinea.com.ar\/tienda\/wp-json\/wp\/v2\/media\/54149"}],"wp:attachment":[{"href":"https:\/\/rms-enlinea.com.ar\/tienda\/wp-json\/wp\/v2\/media?parent=54148"}],"wp:term":[{"taxonomy":"product_brand","embeddable":true,"href":"https:\/\/rms-enlinea.com.ar\/tienda\/wp-json\/wp\/v2\/product_brand?post=54148"},{"taxonomy":"product_cat","embeddable":true,"href":"https:\/\/rms-enlinea.com.ar\/tienda\/wp-json\/wp\/v2\/product_cat?post=54148"},{"taxonomy":"product_tag","embeddable":true,"href":"https:\/\/rms-enlinea.com.ar\/tienda\/wp-json\/wp\/v2\/product_tag?post=54148"}],"curies":[{"name":"wp","href":"https:\/\/api.w.org\/{rel}","templated":true}]}}