{"id":54151,"date":"2025-08-13T18:00:15","date_gmt":"2025-08-13T21:00:15","guid":{"rendered":"https:\/\/rms-enlinea.com.ar\/tienda\/producto\/parlante-genius-sp-hf180-6w-usb-wood-control-de-volumen\/"},"modified":"2026-04-21T03:55:45","modified_gmt":"2026-04-21T06:55:45","slug":"parlante-genius-sp-hf180-6w-usb-wood-control-de-volumen","status":"publish","type":"product","link":"https:\/\/rms-enlinea.com.ar\/tienda\/producto\/parlante-genius-sp-hf180-6w-usb-wood-control-de-volumen\/","title":{"rendered":"Parlante Genius Sp-hf180 6w Usb Wood Control De Volumen"},"content":{"rendered":"<p>Potencia m\u00e1xima total\t6W (3W x 2)<br \/>Unidad de potencia\t2&#8221;<br \/>Alimentaci\u00f3n\tConector USB para equipos port\u00e1tiles o de escritorio<br \/>Control de volumen\tS\u00cd<br \/>Entrada de audio\t3.5 mm<br \/>Frecuencia\t160Hz &#8211; 18KHz<br \/>Longitud de cable\t1.2 m<br \/>Otros\tConector USB para equipos port\u00e1tiles o de escritorio<br \/>Peso (g)\tAprox. 644g<br \/>Dimensiones (A x A x P)\t84 x 129 x 84 mm (3.31 x 5 x 3.31 pulgadas)<br \/>Requisitos del sistema\tordenadores Windows\u00ae o Mac OS o los ordenadores port\u00e1tiles \/ tabletas o smartphones \/ reproductores de MP3<br \/>Color\tMadera<\/p>\n","protected":false},"excerpt":{"rendered":"<p>Potencia m\u00e1xima total 6W (3W x 2)Unidad de potencia 2&#8221;Alimentaci\u00f3n Conector USB para equipos port\u00e1tiles o de escritorioControl de volumen S\u00cdEntrada de audio 3.5 mmFrecuencia 160Hz &#8211; 18KHzLongitud de cable 1.2 mOtros Conector USB para equipos port\u00e1tiles o de escritorioPeso (g) Aprox. 644gDimensiones (A x A x P) 84 x 129 x 84 mm (3.31 [&hellip;]<\/p>\n","protected":false},"featured_media":33883,"comment_status":"open","ping_status":"closed","template":"","meta":{"_uag_custom_page_level_css":""},"product_brand":[550],"product_cat":[124],"product_tag":[],"class_list":{"0":"post-54151","1":"product","2":"type-product","3":"status-publish","4":"has-post-thumbnail","6":"product_brand-genius","7":"product_cat-sistemas-de-sonido-parlantes","9":"first","10":"outofstock","11":"sale","12":"taxable","13":"shipping-taxable","14":"purchasable","15":"product-type-simple"},"uagb_featured_image_src":{"full":["https:\/\/rms-enlinea.com.ar\/wp-content\/uploads\/2025\/06\/D_675596-MLU72572219146_112023-F.jpg",1200,780,false],"thumbnail":["https:\/\/rms-enlinea.com.ar\/wp-content\/uploads\/2025\/06\/D_675596-MLU72572219146_112023-F-150x150.jpg",150,150,true],"medium":["https:\/\/rms-enlinea.com.ar\/wp-content\/uploads\/2025\/06\/D_675596-MLU72572219146_112023-F-300x195.jpg",300,195,true],"medium_large":["https:\/\/rms-enlinea.com.ar\/wp-content\/uploads\/2025\/06\/D_675596-MLU72572219146_112023-F-768x499.jpg",768,499,true],"large":["https:\/\/rms-enlinea.com.ar\/wp-content\/uploads\/2025\/06\/D_675596-MLU72572219146_112023-F-1024x666.jpg",1024,666,true],"1536x1536":["https:\/\/rms-enlinea.com.ar\/wp-content\/uploads\/2025\/06\/D_675596-MLU72572219146_112023-F.jpg",1200,780,false],"2048x2048":["https:\/\/rms-enlinea.com.ar\/wp-content\/uploads\/2025\/06\/D_675596-MLU72572219146_112023-F.jpg",1200,780,false],"woocommerce_thumbnail":["https:\/\/rms-enlinea.com.ar\/wp-content\/uploads\/2025\/06\/D_675596-MLU72572219146_112023-F-450x450.jpg",450,450,true],"woocommerce_single":["https:\/\/rms-enlinea.com.ar\/wp-content\/uploads\/2025\/06\/D_675596-MLU72572219146_112023-F-600x390.jpg",600,390,true],"woocommerce_gallery_thumbnail":["https:\/\/rms-enlinea.com.ar\/wp-content\/uploads\/2025\/06\/D_675596-MLU72572219146_112023-F-100x100.jpg",100,100,true]},"uagb_author_info":{"display_name":"nelson","author_link":"https:\/\/rms-enlinea.com.ar\/tienda\/author\/"},"uagb_comment_info":0,"uagb_excerpt":"Potencia m\u00e1xima total 6W (3W x 2)Unidad de potencia 2&#8221;Alimentaci\u00f3n Conector USB para equipos port\u00e1tiles o de escritorioControl de volumen S\u00cdEntrada de audio 3.5 mmFrecuencia 160Hz &#8211; 18KHzLongitud de cable 1.2 mOtros Conector USB para equipos port\u00e1tiles o de escritorioPeso (g) Aprox. 644gDimensiones (A x A x P) 84 x 129 x 84 mm (3.31&hellip;","_links":{"self":[{"href":"https:\/\/rms-enlinea.com.ar\/tienda\/wp-json\/wp\/v2\/product\/54151","targetHints":{"allow":["GET"]}}],"collection":[{"href":"https:\/\/rms-enlinea.com.ar\/tienda\/wp-json\/wp\/v2\/product"}],"about":[{"href":"https:\/\/rms-enlinea.com.ar\/tienda\/wp-json\/wp\/v2\/types\/product"}],"replies":[{"embeddable":true,"href":"https:\/\/rms-enlinea.com.ar\/tienda\/wp-json\/wp\/v2\/comments?post=54151"}],"wp:featuredmedia":[{"embeddable":true,"href":"https:\/\/rms-enlinea.com.ar\/tienda\/wp-json\/wp\/v2\/media\/33883"}],"wp:attachment":[{"href":"https:\/\/rms-enlinea.com.ar\/tienda\/wp-json\/wp\/v2\/media?parent=54151"}],"wp:term":[{"taxonomy":"product_brand","embeddable":true,"href":"https:\/\/rms-enlinea.com.ar\/tienda\/wp-json\/wp\/v2\/product_brand?post=54151"},{"taxonomy":"product_cat","embeddable":true,"href":"https:\/\/rms-enlinea.com.ar\/tienda\/wp-json\/wp\/v2\/product_cat?post=54151"},{"taxonomy":"product_tag","embeddable":true,"href":"https:\/\/rms-enlinea.com.ar\/tienda\/wp-json\/wp\/v2\/product_tag?post=54151"}],"curies":[{"name":"wp","href":"https:\/\/api.w.org\/{rel}","templated":true}]}}