{"id":54153,"date":"2025-08-13T18:00:22","date_gmt":"2025-08-13T21:00:22","guid":{"rendered":"https:\/\/rms-enlinea.com.ar\/tienda\/producto\/parlantes-genius-sp-q160-usb-gray-mini-plug-6w-3x2w\/"},"modified":"2026-04-21T04:17:05","modified_gmt":"2026-04-21T07:17:05","slug":"parlantes-genius-sp-q160-usb-gray-mini-plug-6w-3x2w","status":"publish","type":"product","link":"https:\/\/rms-enlinea.com.ar\/tienda\/producto\/parlantes-genius-sp-q160-usb-gray-mini-plug-6w-3x2w\/","title":{"rendered":"Parlantes Genius Sp-q160 Usb Gray Mini Plug 6w 3x2w"},"content":{"rendered":"<p>Potencia m\u00e1xima total 6 W (3 W x 2)<br \/>\nUnidad de potencia 2&#8243;<br \/>\nAlimentaci\u00f3n Conector USB para equipos port\u00e1tiles o de escritorio<br \/>\nVolume control S\u00cd<br \/>\nEntrada de audio 3.5 mm<br \/>\nFrecuencia 150HZ-20KHZ<br \/>\nLongitud de cable 1.2 m<br \/>\nOther &#8211;<br \/>\nPeso (g) Approx. 358 g<br \/>\nDimensiones (A x A x P) mm (pulgadas) 81 x 85 x 102 mm ( 3.19 x 3.35 x 4.02 inchesinches)<br \/>\nRequisitos del sistema Windows\u00ae or Mac\u00ae OS computers or laptops \/ Tablets or smartphones<br \/>\nColor Gris<br \/>\nContenido de la caja SP-Q160<br \/>\nGu\u00eda r\u00e1pida en varios idiomas<\/p>\n","protected":false},"excerpt":{"rendered":"<p>Potencia m\u00e1xima total 6 W (3 W x 2) Unidad de potencia 2&#8243; Alimentaci\u00f3n Conector USB para equipos port\u00e1tiles o de escritorio Volume control S\u00cd Entrada de audio 3.5 mm Frecuencia 150HZ-20KHZ Longitud de cable 1.2 m Other &#8211; Peso (g) Approx. 358 g Dimensiones (A x A x P) mm (pulgadas) 81 x 85 [&hellip;]<\/p>\n","protected":false},"featured_media":35370,"comment_status":"open","ping_status":"closed","template":"","meta":{"_uag_custom_page_level_css":""},"product_brand":[550],"product_cat":[124],"product_tag":[],"class_list":{"0":"post-54153","1":"product","2":"type-product","3":"status-publish","4":"has-post-thumbnail","6":"product_brand-genius","7":"product_cat-sistemas-de-sonido-parlantes","9":"first","10":"outofstock","11":"sale","12":"taxable","13":"shipping-taxable","14":"purchasable","15":"product-type-simple"},"uagb_featured_image_src":{"full":["https:\/\/rms-enlinea.com.ar\/wp-content\/uploads\/2025\/06\/D_996887-MLA76554057411_052024-F.jpg",1179,509,false],"thumbnail":["https:\/\/rms-enlinea.com.ar\/wp-content\/uploads\/2025\/06\/D_996887-MLA76554057411_052024-F-150x150.jpg",150,150,true],"medium":["https:\/\/rms-enlinea.com.ar\/wp-content\/uploads\/2025\/06\/D_996887-MLA76554057411_052024-F-300x130.jpg",300,130,true],"medium_large":["https:\/\/rms-enlinea.com.ar\/wp-content\/uploads\/2025\/06\/D_996887-MLA76554057411_052024-F-768x332.jpg",768,332,true],"large":["https:\/\/rms-enlinea.com.ar\/wp-content\/uploads\/2025\/06\/D_996887-MLA76554057411_052024-F-1024x442.jpg",1024,442,true],"1536x1536":["https:\/\/rms-enlinea.com.ar\/wp-content\/uploads\/2025\/06\/D_996887-MLA76554057411_052024-F.jpg",1179,509,false],"2048x2048":["https:\/\/rms-enlinea.com.ar\/wp-content\/uploads\/2025\/06\/D_996887-MLA76554057411_052024-F.jpg",1179,509,false],"woocommerce_thumbnail":["https:\/\/rms-enlinea.com.ar\/wp-content\/uploads\/2025\/06\/D_996887-MLA76554057411_052024-F-450x450.jpg",450,450,true],"woocommerce_single":["https:\/\/rms-enlinea.com.ar\/wp-content\/uploads\/2025\/06\/D_996887-MLA76554057411_052024-F-600x259.jpg",600,259,true],"woocommerce_gallery_thumbnail":["https:\/\/rms-enlinea.com.ar\/wp-content\/uploads\/2025\/06\/D_996887-MLA76554057411_052024-F-100x100.jpg",100,100,true]},"uagb_author_info":{"display_name":"nelson","author_link":"https:\/\/rms-enlinea.com.ar\/tienda\/author\/"},"uagb_comment_info":0,"uagb_excerpt":"Potencia m\u00e1xima total 6 W (3 W x 2) Unidad de potencia 2&#8243; Alimentaci\u00f3n Conector USB para equipos port\u00e1tiles o de escritorio Volume control S\u00cd Entrada de audio 3.5 mm Frecuencia 150HZ-20KHZ Longitud de cable 1.2 m Other &#8211; Peso (g) Approx. 358 g Dimensiones (A x A x P) mm (pulgadas) 81 x 85&hellip;","_links":{"self":[{"href":"https:\/\/rms-enlinea.com.ar\/tienda\/wp-json\/wp\/v2\/product\/54153","targetHints":{"allow":["GET"]}}],"collection":[{"href":"https:\/\/rms-enlinea.com.ar\/tienda\/wp-json\/wp\/v2\/product"}],"about":[{"href":"https:\/\/rms-enlinea.com.ar\/tienda\/wp-json\/wp\/v2\/types\/product"}],"replies":[{"embeddable":true,"href":"https:\/\/rms-enlinea.com.ar\/tienda\/wp-json\/wp\/v2\/comments?post=54153"}],"wp:featuredmedia":[{"embeddable":true,"href":"https:\/\/rms-enlinea.com.ar\/tienda\/wp-json\/wp\/v2\/media\/35370"}],"wp:attachment":[{"href":"https:\/\/rms-enlinea.com.ar\/tienda\/wp-json\/wp\/v2\/media?parent=54153"}],"wp:term":[{"taxonomy":"product_brand","embeddable":true,"href":"https:\/\/rms-enlinea.com.ar\/tienda\/wp-json\/wp\/v2\/product_brand?post=54153"},{"taxonomy":"product_cat","embeddable":true,"href":"https:\/\/rms-enlinea.com.ar\/tienda\/wp-json\/wp\/v2\/product_cat?post=54153"},{"taxonomy":"product_tag","embeddable":true,"href":"https:\/\/rms-enlinea.com.ar\/tienda\/wp-json\/wp\/v2\/product_tag?post=54153"}],"curies":[{"name":"wp","href":"https:\/\/api.w.org\/{rel}","templated":true}]}}