{"id":54170,"date":"2025-08-13T18:40:28","date_gmt":"2025-08-13T21:40:28","guid":{"rendered":"https:\/\/rms-enlinea.com.ar\/tienda\/producto\/auricular-gamer-razer-barracuda-x-wireless-mercury-bt-2022\/"},"modified":"2026-04-21T05:03:06","modified_gmt":"2026-04-21T08:03:06","slug":"auricular-gamer-razer-barracuda-x-wireless-mercury-bt-2022","status":"publish","type":"product","link":"https:\/\/rms-enlinea.com.ar\/tienda\/producto\/auricular-gamer-razer-barracuda-x-wireless-mercury-bt-2022\/","title":{"rendered":"Auricular Gamer Razer Barracuda X Wireless Mercury Bt 2022"},"content":{"rendered":"<p>\u00a1Experiment\u00e1 la adrenalina de sumergirte en la escena de otra manera! Tener auriculares espec\u00edficos para jugar cambia completamente tu experiencia en cada partida. Con los Razer BARRACUDA X MERCURY no te perd\u00e9s ning\u00fan detalle y escuch\u00e1s el audio tal y como fue dise\u00f1ado por los creadores.<\/p>\n<p>El formato perfecto para vos<br \/>\nAl ser headset podr\u00e1s escuchar tu m\u00fasica preferida, mantener llamadas telef\u00f3nicas y jugar en l\u00ednea desde tu PC sin perderte ning\u00fan detalle.<\/p>\n","protected":false},"excerpt":{"rendered":"<p>\u00a1Experiment\u00e1 la adrenalina de sumergirte en la escena de otra manera! Tener auriculares espec\u00edficos para jugar cambia completamente tu experiencia en cada partida. Con los Razer BARRACUDA X MERCURY no te perd\u00e9s ning\u00fan detalle y escuch\u00e1s el audio tal y como fue dise\u00f1ado por los creadores. El formato perfecto para vos Al ser headset podr\u00e1s [&hellip;]<\/p>\n","protected":false},"featured_media":54171,"comment_status":"open","ping_status":"closed","template":"","meta":{"_uag_custom_page_level_css":""},"product_brand":[559],"product_cat":[99],"product_tag":[],"class_list":{"0":"post-54170","1":"product","2":"type-product","3":"status-publish","4":"has-post-thumbnail","6":"product_brand-razer","7":"product_cat-auriculares-computacion","9":"first","10":"outofstock","11":"sale","12":"taxable","13":"shipping-taxable","14":"purchasable","15":"product-type-simple"},"uagb_featured_image_src":{"full":["https:\/\/rms-enlinea.com.ar\/wp-content\/uploads\/2025\/08\/D_601985-MLA89673483274_082025-F.jpg",977,1198,false],"thumbnail":["https:\/\/rms-enlinea.com.ar\/wp-content\/uploads\/2025\/08\/D_601985-MLA89673483274_082025-F-150x150.jpg",150,150,true],"medium":["https:\/\/rms-enlinea.com.ar\/wp-content\/uploads\/2025\/08\/D_601985-MLA89673483274_082025-F-245x300.jpg",245,300,true],"medium_large":["https:\/\/rms-enlinea.com.ar\/wp-content\/uploads\/2025\/08\/D_601985-MLA89673483274_082025-F-768x942.jpg",768,942,true],"large":["https:\/\/rms-enlinea.com.ar\/wp-content\/uploads\/2025\/08\/D_601985-MLA89673483274_082025-F-835x1024.jpg",835,1024,true],"1536x1536":["https:\/\/rms-enlinea.com.ar\/wp-content\/uploads\/2025\/08\/D_601985-MLA89673483274_082025-F.jpg",977,1198,false],"2048x2048":["https:\/\/rms-enlinea.com.ar\/wp-content\/uploads\/2025\/08\/D_601985-MLA89673483274_082025-F.jpg",977,1198,false],"woocommerce_thumbnail":["https:\/\/rms-enlinea.com.ar\/wp-content\/uploads\/2025\/08\/D_601985-MLA89673483274_082025-F-450x450.jpg",450,450,true],"woocommerce_single":["https:\/\/rms-enlinea.com.ar\/wp-content\/uploads\/2025\/08\/D_601985-MLA89673483274_082025-F-600x736.jpg",600,736,true],"woocommerce_gallery_thumbnail":["https:\/\/rms-enlinea.com.ar\/wp-content\/uploads\/2025\/08\/D_601985-MLA89673483274_082025-F-100x100.jpg",100,100,true]},"uagb_author_info":{"display_name":"nelson","author_link":"https:\/\/rms-enlinea.com.ar\/tienda\/author\/"},"uagb_comment_info":0,"uagb_excerpt":"\u00a1Experiment\u00e1 la adrenalina de sumergirte en la escena de otra manera! Tener auriculares espec\u00edficos para jugar cambia completamente tu experiencia en cada partida. Con los Razer BARRACUDA X MERCURY no te perd\u00e9s ning\u00fan detalle y escuch\u00e1s el audio tal y como fue dise\u00f1ado por los creadores. El formato perfecto para vos Al ser headset podr\u00e1s&hellip;","_links":{"self":[{"href":"https:\/\/rms-enlinea.com.ar\/tienda\/wp-json\/wp\/v2\/product\/54170","targetHints":{"allow":["GET"]}}],"collection":[{"href":"https:\/\/rms-enlinea.com.ar\/tienda\/wp-json\/wp\/v2\/product"}],"about":[{"href":"https:\/\/rms-enlinea.com.ar\/tienda\/wp-json\/wp\/v2\/types\/product"}],"replies":[{"embeddable":true,"href":"https:\/\/rms-enlinea.com.ar\/tienda\/wp-json\/wp\/v2\/comments?post=54170"}],"wp:featuredmedia":[{"embeddable":true,"href":"https:\/\/rms-enlinea.com.ar\/tienda\/wp-json\/wp\/v2\/media\/54171"}],"wp:attachment":[{"href":"https:\/\/rms-enlinea.com.ar\/tienda\/wp-json\/wp\/v2\/media?parent=54170"}],"wp:term":[{"taxonomy":"product_brand","embeddable":true,"href":"https:\/\/rms-enlinea.com.ar\/tienda\/wp-json\/wp\/v2\/product_brand?post=54170"},{"taxonomy":"product_cat","embeddable":true,"href":"https:\/\/rms-enlinea.com.ar\/tienda\/wp-json\/wp\/v2\/product_cat?post=54170"},{"taxonomy":"product_tag","embeddable":true,"href":"https:\/\/rms-enlinea.com.ar\/tienda\/wp-json\/wp\/v2\/product_tag?post=54170"}],"curies":[{"name":"wp","href":"https:\/\/api.w.org\/{rel}","templated":true}]}}