{"id":54173,"date":"2025-08-13T18:40:44","date_gmt":"2025-08-13T21:40:44","guid":{"rendered":"https:\/\/rms-enlinea.com.ar\/tienda\/producto\/auricular-inalambrico-multi-plataforma-razer-barracuda-x\/"},"modified":"2026-04-02T23:59:42","modified_gmt":"2026-04-03T02:59:42","slug":"auricular-inalambrico-multi-plataforma-razer-barracuda-x","status":"publish","type":"product","link":"https:\/\/rms-enlinea.com.ar\/tienda\/producto\/auricular-inalambrico-multi-plataforma-razer-barracuda-x\/","title":{"rendered":"Auricular Inalambrico Multi Plataforma Razer Barracuda X"},"content":{"rendered":"<p>LONGITUD DEL CABLE 1,5 m<br \/>\nCODIFICACI\u00d3N ENVOLVENTE VIRTUAL Sonido envolvente 7.1: Solo disponible para Windows 10 de 64 bits<br \/>\nFRECUENCIA DE RESPUESTA 20 Hz \u2013 20 kHz<br \/>\nIMPEDANCIA 32 (1 kHz)<br \/>\nCANCELACI\u00d3N DE RUIDO Cancelaci\u00f3n pasiva de ruido<br \/>\nPESO APROXIMADO 250 g<br \/>\nDURACI\u00d3N DE LA BATER\u00cdA Hasta 50 horas<br \/>\nTIPO DE DIAFRAGMA Razer TriForce<br \/>\nFRECUENCIA DE RESPUESTA DEL MICR\u00d3FONO 100 Hz\u201310 kHz<br \/>\nILUMINACI\u00d3N N\/D<br \/>\nPATR\u00d3N DE CAPTACI\u00d3N unidireccional<br \/>\nTAMA\u00d1O DEL DIAFRAGMA 40 mm<br \/>\nOTROS CONTROLES Conmutador de activaci\u00f3n\/desactivaci\u00f3n del silencio del micr\u00f3fono<br \/>\nInterruptor inal\u00e1mbrico y Bluetooth de 2,4 GHz (SmartSwitch)<br \/>\nReproducir\/pausar pista, aceptar llamada entrante o finalizar llamada actual, saltar pista, pista anterior<\/p>\n<p>ESTILO DE MICR\u00d3FONO Cardioide HyperClear extra\u00edble<br \/>\nTIPO DE CONEXI\u00d3N Inal\u00e1mbrica con USB tipo C (2,4 Ghz), Bluetooth 5.2 y anal\u00f3gica de 3,5 mm<\/p>\n","protected":false},"excerpt":{"rendered":"<p>LONGITUD DEL CABLE 1,5 m CODIFICACI\u00d3N ENVOLVENTE VIRTUAL Sonido envolvente 7.1: Solo disponible para Windows 10 de 64 bits FRECUENCIA DE RESPUESTA 20 Hz \u2013 20 kHz IMPEDANCIA 32 (1 kHz) CANCELACI\u00d3N DE RUIDO Cancelaci\u00f3n pasiva de ruido PESO APROXIMADO 250 g DURACI\u00d3N DE LA BATER\u00cdA Hasta 50 horas TIPO DE DIAFRAGMA Razer TriForce FRECUENCIA [&hellip;]<\/p>\n","protected":false},"featured_media":54174,"comment_status":"open","ping_status":"closed","template":"","meta":{"_uag_custom_page_level_css":""},"product_brand":[559],"product_cat":[99],"product_tag":[],"class_list":{"0":"post-54173","1":"product","2":"type-product","3":"status-publish","4":"has-post-thumbnail","6":"product_brand-razer","7":"product_cat-auriculares-computacion","9":"first","10":"outofstock","11":"sale","12":"taxable","13":"shipping-taxable","14":"purchasable","15":"product-type-simple"},"uagb_featured_image_src":{"full":["https:\/\/rms-enlinea.com.ar\/wp-content\/uploads\/2025\/08\/D_753784-MLA90048518939_082025-F.jpg",1188,1199,false],"thumbnail":["https:\/\/rms-enlinea.com.ar\/wp-content\/uploads\/2025\/08\/D_753784-MLA90048518939_082025-F-150x150.jpg",150,150,true],"medium":["https:\/\/rms-enlinea.com.ar\/wp-content\/uploads\/2025\/08\/D_753784-MLA90048518939_082025-F-297x300.jpg",297,300,true],"medium_large":["https:\/\/rms-enlinea.com.ar\/wp-content\/uploads\/2025\/08\/D_753784-MLA90048518939_082025-F-768x775.jpg",768,775,true],"large":["https:\/\/rms-enlinea.com.ar\/wp-content\/uploads\/2025\/08\/D_753784-MLA90048518939_082025-F-1015x1024.jpg",1015,1024,true],"1536x1536":["https:\/\/rms-enlinea.com.ar\/wp-content\/uploads\/2025\/08\/D_753784-MLA90048518939_082025-F.jpg",1188,1199,false],"2048x2048":["https:\/\/rms-enlinea.com.ar\/wp-content\/uploads\/2025\/08\/D_753784-MLA90048518939_082025-F.jpg",1188,1199,false],"woocommerce_thumbnail":["https:\/\/rms-enlinea.com.ar\/wp-content\/uploads\/2025\/08\/D_753784-MLA90048518939_082025-F-450x450.jpg",450,450,true],"woocommerce_single":["https:\/\/rms-enlinea.com.ar\/wp-content\/uploads\/2025\/08\/D_753784-MLA90048518939_082025-F-600x606.jpg",600,606,true],"woocommerce_gallery_thumbnail":["https:\/\/rms-enlinea.com.ar\/wp-content\/uploads\/2025\/08\/D_753784-MLA90048518939_082025-F-100x100.jpg",100,100,true]},"uagb_author_info":{"display_name":"nelson","author_link":"https:\/\/rms-enlinea.com.ar\/tienda\/author\/"},"uagb_comment_info":0,"uagb_excerpt":"LONGITUD DEL CABLE 1,5 m CODIFICACI\u00d3N ENVOLVENTE VIRTUAL Sonido envolvente 7.1: Solo disponible para Windows 10 de 64 bits FRECUENCIA DE RESPUESTA 20 Hz \u2013 20 kHz IMPEDANCIA 32 (1 kHz) CANCELACI\u00d3N DE RUIDO Cancelaci\u00f3n pasiva de ruido PESO APROXIMADO 250 g DURACI\u00d3N DE LA BATER\u00cdA Hasta 50 horas TIPO DE DIAFRAGMA Razer TriForce FRECUENCIA&hellip;","_links":{"self":[{"href":"https:\/\/rms-enlinea.com.ar\/tienda\/wp-json\/wp\/v2\/product\/54173","targetHints":{"allow":["GET"]}}],"collection":[{"href":"https:\/\/rms-enlinea.com.ar\/tienda\/wp-json\/wp\/v2\/product"}],"about":[{"href":"https:\/\/rms-enlinea.com.ar\/tienda\/wp-json\/wp\/v2\/types\/product"}],"replies":[{"embeddable":true,"href":"https:\/\/rms-enlinea.com.ar\/tienda\/wp-json\/wp\/v2\/comments?post=54173"}],"wp:featuredmedia":[{"embeddable":true,"href":"https:\/\/rms-enlinea.com.ar\/tienda\/wp-json\/wp\/v2\/media\/54174"}],"wp:attachment":[{"href":"https:\/\/rms-enlinea.com.ar\/tienda\/wp-json\/wp\/v2\/media?parent=54173"}],"wp:term":[{"taxonomy":"product_brand","embeddable":true,"href":"https:\/\/rms-enlinea.com.ar\/tienda\/wp-json\/wp\/v2\/product_brand?post=54173"},{"taxonomy":"product_cat","embeddable":true,"href":"https:\/\/rms-enlinea.com.ar\/tienda\/wp-json\/wp\/v2\/product_cat?post=54173"},{"taxonomy":"product_tag","embeddable":true,"href":"https:\/\/rms-enlinea.com.ar\/tienda\/wp-json\/wp\/v2\/product_tag?post=54173"}],"curies":[{"name":"wp","href":"https:\/\/api.w.org\/{rel}","templated":true}]}}