{"id":54176,"date":"2025-08-13T18:40:54","date_gmt":"2025-08-13T21:40:54","guid":{"rendered":"https:\/\/rms-enlinea.com.ar\/tienda\/producto\/auriculares-logitech-zone-vibe-zone-vibe-100-blanco\/"},"modified":"2026-04-21T06:23:48","modified_gmt":"2026-04-21T09:23:48","slug":"auriculares-logitech-zone-vibe-zone-vibe-100-blanco","status":"publish","type":"product","link":"https:\/\/rms-enlinea.com.ar\/tienda\/producto\/auriculares-logitech-zone-vibe-zone-vibe-100-blanco\/","title":{"rendered":"Auriculares Logitech Zone Vibe Zone Vibe 100 Blanco"},"content":{"rendered":"<p>MICR\u00d3FONO<br \/>\nTipo: Dos micr\u00f3fonos MEMS omnidireccionales con formaci\u00f3n de haces direccional y DSP<br \/>\nRespuesta de frecuencia: 100 ~ 8 kHz<\/p>\n<p>ALTAVOCES<br \/>\nRespuesta de frecuencia (modo m\u00fasica): Zoom<br \/>\nRespuesta de frecuencia (modo de conversaci\u00f3n): 100 ~ 8 kHz<br \/>\nSensibilidad: 118,0 \u00b13 dB a 1 mW a 1 kHz<br \/>\nTama\u00f1o de transductor: 40 mm<\/p>\n<p>BATER\u00cdA<br \/>\nBater\u00eda integrada (ion litio)<br \/>\nDuraci\u00f3n de bater\u00eda (tiempo en conversaci\u00f3n): Hasta 18 horas<br \/>\nDuraci\u00f3n de bater\u00eda (tiempo en escucha): Hasta 20 horas 1La duraci\u00f3n de las bater\u00edas depende del uso y de las condiciones de los dispositivos.<\/p>\n<p>CARGA<br \/>\nCable de carga USB-C: 1,5 m<\/p>\n","protected":false},"excerpt":{"rendered":"<p>MICR\u00d3FONO Tipo: Dos micr\u00f3fonos MEMS omnidireccionales con formaci\u00f3n de haces direccional y DSP Respuesta de frecuencia: 100 ~ 8 kHz ALTAVOCES Respuesta de frecuencia (modo m\u00fasica): Zoom Respuesta de frecuencia (modo de conversaci\u00f3n): 100 ~ 8 kHz Sensibilidad: 118,0 \u00b13 dB a 1 mW a 1 kHz Tama\u00f1o de transductor: 40 mm BATER\u00cdA Bater\u00eda integrada [&hellip;]<\/p>\n","protected":false},"featured_media":54177,"comment_status":"open","ping_status":"closed","template":"","meta":{"_uag_custom_page_level_css":""},"product_brand":[549],"product_cat":[99],"product_tag":[],"class_list":{"0":"post-54176","1":"product","2":"type-product","3":"status-publish","4":"has-post-thumbnail","6":"product_brand-logitech","7":"product_cat-auriculares-computacion","9":"first","10":"outofstock","11":"sale","12":"taxable","13":"shipping-taxable","14":"purchasable","15":"product-type-simple"},"uagb_featured_image_src":{"full":["https:\/\/rms-enlinea.com.ar\/wp-content\/uploads\/2025\/08\/D_781383-MLA89673712718_082025-F.jpg",864,1200,false],"thumbnail":["https:\/\/rms-enlinea.com.ar\/wp-content\/uploads\/2025\/08\/D_781383-MLA89673712718_082025-F-150x150.jpg",150,150,true],"medium":["https:\/\/rms-enlinea.com.ar\/wp-content\/uploads\/2025\/08\/D_781383-MLA89673712718_082025-F-216x300.jpg",216,300,true],"medium_large":["https:\/\/rms-enlinea.com.ar\/wp-content\/uploads\/2025\/08\/D_781383-MLA89673712718_082025-F-768x1067.jpg",768,1067,true],"large":["https:\/\/rms-enlinea.com.ar\/wp-content\/uploads\/2025\/08\/D_781383-MLA89673712718_082025-F-737x1024.jpg",737,1024,true],"1536x1536":["https:\/\/rms-enlinea.com.ar\/wp-content\/uploads\/2025\/08\/D_781383-MLA89673712718_082025-F.jpg",864,1200,false],"2048x2048":["https:\/\/rms-enlinea.com.ar\/wp-content\/uploads\/2025\/08\/D_781383-MLA89673712718_082025-F.jpg",864,1200,false],"woocommerce_thumbnail":["https:\/\/rms-enlinea.com.ar\/wp-content\/uploads\/2025\/08\/D_781383-MLA89673712718_082025-F-450x450.jpg",450,450,true],"woocommerce_single":["https:\/\/rms-enlinea.com.ar\/wp-content\/uploads\/2025\/08\/D_781383-MLA89673712718_082025-F-600x833.jpg",600,833,true],"woocommerce_gallery_thumbnail":["https:\/\/rms-enlinea.com.ar\/wp-content\/uploads\/2025\/08\/D_781383-MLA89673712718_082025-F-100x100.jpg",100,100,true]},"uagb_author_info":{"display_name":"nelson","author_link":"https:\/\/rms-enlinea.com.ar\/tienda\/author\/"},"uagb_comment_info":0,"uagb_excerpt":"MICR\u00d3FONO Tipo: Dos micr\u00f3fonos MEMS omnidireccionales con formaci\u00f3n de haces direccional y DSP Respuesta de frecuencia: 100 ~ 8 kHz ALTAVOCES Respuesta de frecuencia (modo m\u00fasica): Zoom Respuesta de frecuencia (modo de conversaci\u00f3n): 100 ~ 8 kHz Sensibilidad: 118,0 \u00b13 dB a 1 mW a 1 kHz Tama\u00f1o de transductor: 40 mm BATER\u00cdA Bater\u00eda integrada&hellip;","_links":{"self":[{"href":"https:\/\/rms-enlinea.com.ar\/tienda\/wp-json\/wp\/v2\/product\/54176","targetHints":{"allow":["GET"]}}],"collection":[{"href":"https:\/\/rms-enlinea.com.ar\/tienda\/wp-json\/wp\/v2\/product"}],"about":[{"href":"https:\/\/rms-enlinea.com.ar\/tienda\/wp-json\/wp\/v2\/types\/product"}],"replies":[{"embeddable":true,"href":"https:\/\/rms-enlinea.com.ar\/tienda\/wp-json\/wp\/v2\/comments?post=54176"}],"wp:featuredmedia":[{"embeddable":true,"href":"https:\/\/rms-enlinea.com.ar\/tienda\/wp-json\/wp\/v2\/media\/54177"}],"wp:attachment":[{"href":"https:\/\/rms-enlinea.com.ar\/tienda\/wp-json\/wp\/v2\/media?parent=54176"}],"wp:term":[{"taxonomy":"product_brand","embeddable":true,"href":"https:\/\/rms-enlinea.com.ar\/tienda\/wp-json\/wp\/v2\/product_brand?post=54176"},{"taxonomy":"product_cat","embeddable":true,"href":"https:\/\/rms-enlinea.com.ar\/tienda\/wp-json\/wp\/v2\/product_cat?post=54176"},{"taxonomy":"product_tag","embeddable":true,"href":"https:\/\/rms-enlinea.com.ar\/tienda\/wp-json\/wp\/v2\/product_tag?post=54176"}],"curies":[{"name":"wp","href":"https:\/\/api.w.org\/{rel}","templated":true}]}}