{"id":54179,"date":"2025-08-13T18:41:29","date_gmt":"2025-08-13T21:41:29","guid":{"rendered":"https:\/\/rms-enlinea.com.ar\/tienda\/producto\/auricular-inalambrico-gamer-corsair-void-v2-ca-9011380-ww\/"},"modified":"2026-04-21T04:16:58","modified_gmt":"2026-04-21T07:16:58","slug":"auricular-inalambrico-gamer-corsair-void-v2-ca-9011380-ww","status":"publish","type":"product","link":"https:\/\/rms-enlinea.com.ar\/tienda\/producto\/auricular-inalambrico-gamer-corsair-void-v2-ca-9011380-ww\/","title":{"rendered":"Auricular Inalambrico Gamer Corsair Void V2 Ca-9011380-ww"},"content":{"rendered":"<p>Los auriculares inal\u00e1mbricos Gamer Corsair Void V2 en color blanco son la opci\u00f3n ideal para los amantes de los videojuegos que buscan calidad de sonido y comodidad. Su dise\u00f1o over-ear garantiza un ajuste perfecto y una experiencia de inmersi\u00f3n total, permiti\u00e9ndote disfrutar de largas horas de juego sin incomodidad.<\/p>\n<p>Equipados con tecnolog\u00eda Bluetooth, ofrecen una libertad de movimiento que te permite disfrutar de tus partidas sin cables que interfieran. El micr\u00f3fono incorporado asegura una comunicaci\u00f3n clara con tus compa\u00f1eros de equipo, facilitando la coordinaci\u00f3n en cada sesi\u00f3n de juego.<\/p>\n<p>Adem\u00e1s, su construcci\u00f3n de alta calidad asegura durabilidad, lo que los convierte en una inversi\u00f3n inteligente para cualquier gamer serio. Los Corsair Void V2 son vers\u00e1tiles y se adaptan tanto a largas sesiones de juego como a la escucha de m\u00fasica, haciendo de ellos un accesorio indispensable para tus momentos de entretenimiento.<\/p>\n<p>Aprovecha la combinaci\u00f3n perfecta de dise\u00f1o, tecnolog\u00eda y comodidad con estos auriculares que han sido dise\u00f1ados para elevar tu experiencia de juego al siguiente nivel. No dejes pasar la oportunidad de mejorar tu equipo y disfrutar de un sonido envolvente y una facilidad de uso inigualable.<\/p>\n","protected":false},"excerpt":{"rendered":"<p>Los auriculares inal\u00e1mbricos Gamer Corsair Void V2 en color blanco son la opci\u00f3n ideal para los amantes de los videojuegos que buscan calidad de sonido y comodidad. Su dise\u00f1o over-ear garantiza un ajuste perfecto y una experiencia de inmersi\u00f3n total, permiti\u00e9ndote disfrutar de largas horas de juego sin incomodidad. Equipados con tecnolog\u00eda Bluetooth, ofrecen una [&hellip;]<\/p>\n","protected":false},"featured_media":54180,"comment_status":"open","ping_status":"closed","template":"","meta":{"_uag_custom_page_level_css":""},"product_brand":[559],"product_cat":[99],"product_tag":[],"class_list":{"0":"post-54179","1":"product","2":"type-product","3":"status-publish","4":"has-post-thumbnail","6":"product_brand-razer","7":"product_cat-auriculares-computacion","9":"first","10":"outofstock","11":"sale","12":"taxable","13":"shipping-taxable","14":"purchasable","15":"product-type-simple"},"uagb_featured_image_src":{"full":["https:\/\/rms-enlinea.com.ar\/wp-content\/uploads\/2025\/08\/D_968745-MLA90048471905_082025-F.jpg",1198,1188,false],"thumbnail":["https:\/\/rms-enlinea.com.ar\/wp-content\/uploads\/2025\/08\/D_968745-MLA90048471905_082025-F-150x150.jpg",150,150,true],"medium":["https:\/\/rms-enlinea.com.ar\/wp-content\/uploads\/2025\/08\/D_968745-MLA90048471905_082025-F-300x297.jpg",300,297,true],"medium_large":["https:\/\/rms-enlinea.com.ar\/wp-content\/uploads\/2025\/08\/D_968745-MLA90048471905_082025-F-768x762.jpg",768,762,true],"large":["https:\/\/rms-enlinea.com.ar\/wp-content\/uploads\/2025\/08\/D_968745-MLA90048471905_082025-F-1024x1015.jpg",1024,1015,true],"1536x1536":["https:\/\/rms-enlinea.com.ar\/wp-content\/uploads\/2025\/08\/D_968745-MLA90048471905_082025-F.jpg",1198,1188,false],"2048x2048":["https:\/\/rms-enlinea.com.ar\/wp-content\/uploads\/2025\/08\/D_968745-MLA90048471905_082025-F.jpg",1198,1188,false],"woocommerce_thumbnail":["https:\/\/rms-enlinea.com.ar\/wp-content\/uploads\/2025\/08\/D_968745-MLA90048471905_082025-F-450x450.jpg",450,450,true],"woocommerce_single":["https:\/\/rms-enlinea.com.ar\/wp-content\/uploads\/2025\/08\/D_968745-MLA90048471905_082025-F-600x595.jpg",600,595,true],"woocommerce_gallery_thumbnail":["https:\/\/rms-enlinea.com.ar\/wp-content\/uploads\/2025\/08\/D_968745-MLA90048471905_082025-F-100x100.jpg",100,100,true]},"uagb_author_info":{"display_name":"nelson","author_link":"https:\/\/rms-enlinea.com.ar\/tienda\/author\/"},"uagb_comment_info":0,"uagb_excerpt":"Los auriculares inal\u00e1mbricos Gamer Corsair Void V2 en color blanco son la opci\u00f3n ideal para los amantes de los videojuegos que buscan calidad de sonido y comodidad. Su dise\u00f1o over-ear garantiza un ajuste perfecto y una experiencia de inmersi\u00f3n total, permiti\u00e9ndote disfrutar de largas horas de juego sin incomodidad. Equipados con tecnolog\u00eda Bluetooth, ofrecen una&hellip;","_links":{"self":[{"href":"https:\/\/rms-enlinea.com.ar\/tienda\/wp-json\/wp\/v2\/product\/54179","targetHints":{"allow":["GET"]}}],"collection":[{"href":"https:\/\/rms-enlinea.com.ar\/tienda\/wp-json\/wp\/v2\/product"}],"about":[{"href":"https:\/\/rms-enlinea.com.ar\/tienda\/wp-json\/wp\/v2\/types\/product"}],"replies":[{"embeddable":true,"href":"https:\/\/rms-enlinea.com.ar\/tienda\/wp-json\/wp\/v2\/comments?post=54179"}],"wp:featuredmedia":[{"embeddable":true,"href":"https:\/\/rms-enlinea.com.ar\/tienda\/wp-json\/wp\/v2\/media\/54180"}],"wp:attachment":[{"href":"https:\/\/rms-enlinea.com.ar\/tienda\/wp-json\/wp\/v2\/media?parent=54179"}],"wp:term":[{"taxonomy":"product_brand","embeddable":true,"href":"https:\/\/rms-enlinea.com.ar\/tienda\/wp-json\/wp\/v2\/product_brand?post=54179"},{"taxonomy":"product_cat","embeddable":true,"href":"https:\/\/rms-enlinea.com.ar\/tienda\/wp-json\/wp\/v2\/product_cat?post=54179"},{"taxonomy":"product_tag","embeddable":true,"href":"https:\/\/rms-enlinea.com.ar\/tienda\/wp-json\/wp\/v2\/product_tag?post=54179"}],"curies":[{"name":"wp","href":"https:\/\/api.w.org\/{rel}","templated":true}]}}