{"id":54195,"date":"2025-08-13T23:20:06","date_gmt":"2025-08-14T02:20:06","guid":{"rendered":"https:\/\/rms-enlinea.com.ar\/tienda\/producto\/auricular-con-microfono-logitech-pro-x-gaming-981-000817\/"},"modified":"2026-04-21T05:06:48","modified_gmt":"2026-04-21T08:06:48","slug":"auricular-con-microfono-logitech-pro-x-gaming-981-000817","status":"publish","type":"product","link":"https:\/\/rms-enlinea.com.ar\/tienda\/producto\/auricular-con-microfono-logitech-pro-x-gaming-981-000817\/","title":{"rendered":"Auricular Con Microfono Logitech Pro X Gaming 981-000817"},"content":{"rendered":"<p>Sum\u00e9rgete en el mundo del gaming con el Auricular con Micr\u00f3fono Logitech Pro X Gaming 981-000817, dise\u00f1ado especialmente para jugadas intensas y largas sesiones de competencia. Su construcci\u00f3n robusta en color negro no solo refleja un estilo elegante, sino que tambi\u00e9n asegura durabilidad y un ajuste c\u00f3modo en cada uso. Este headset de la reconocida l\u00ednea Pro Series destaca por su tecnolog\u00eda de audio avanzada, ofreciendo un sonido envolvente y una calidad de micr\u00f3fono excepcional, ideal para una comunicaci\u00f3n clara con tus compa\u00f1eros de equipo.<\/p>\n<p>Equipado con un cable auxiliar de 1.5 metros, el Logitech Pro X proporciona la libertad de moverte sin restricciones mientras mantienes una conexi\u00f3n estable. La caracter\u00edstica de micr\u00f3fono desmontable y flexible te permite adaptarlo seg\u00fan tus preferencias y necesidades estrat\u00e9gicas durante el juego. Adem\u00e1s, su dise\u00f1o resistente al polvo a\u00f1ade un nivel extra de protecci\u00f3n, asegurando que puedas disfrutar de cada partida sin preocuparte por el desgaste.<\/p>\n<p>La compatibilidad del auricular con consolas como Play Station 4, Xbox One y Play Station 5 garantiza que experimentar\u00e1s un sonido envolvente y una clara experiencia de juego, mientras que su configuraci\u00f3n de canales 7.1 te transporta al centro de la acci\u00f3n. La tecnolog\u00eda de audio proporciona una respuesta en frecuencia de 20 Hz a 20 kHz, lo que permite captar desde los sonidos m\u00e1s bajos hasta los m\u00e1s altos, creando una experiencia auditiva inigualable. <\/p>\n<p>Con el Auricular Logitech Pro X, tus horas de juego se convierten en un placer auditivo que mejora tu rendimiento y experiencia en cada partida. La inclusi\u00f3n de accesorios como una funda y un adaptador split completan este paquete de alto rendimiento que se adapta a tus necesidades como jugador profesional. Opta por la calidad y fiabilidad que solo Logitech puede ofrecer en cada jugada.<\/p>\n","protected":false},"excerpt":{"rendered":"<p>Sum\u00e9rgete en el mundo del gaming con el Auricular con Micr\u00f3fono Logitech Pro X Gaming 981-000817, dise\u00f1ado especialmente para jugadas intensas y largas sesiones de competencia. Su construcci\u00f3n robusta en color negro no solo refleja un estilo elegante, sino que tambi\u00e9n asegura durabilidad y un ajuste c\u00f3modo en cada uso. Este headset de la reconocida [&hellip;]<\/p>\n","protected":false},"featured_media":54196,"comment_status":"open","ping_status":"closed","template":"","meta":{"_uag_custom_page_level_css":""},"product_brand":[549],"product_cat":[99],"product_tag":[],"class_list":{"0":"post-54195","1":"product","2":"type-product","3":"status-publish","4":"has-post-thumbnail","6":"product_brand-logitech","7":"product_cat-auriculares-computacion","9":"first","10":"outofstock","11":"sale","12":"taxable","13":"shipping-taxable","14":"purchasable","15":"product-type-simple"},"uagb_featured_image_src":{"full":["https:\/\/rms-enlinea.com.ar\/wp-content\/uploads\/2025\/08\/D_641905-MLA89682799200_082025-F.jpg",881,1198,false],"thumbnail":["https:\/\/rms-enlinea.com.ar\/wp-content\/uploads\/2025\/08\/D_641905-MLA89682799200_082025-F-150x150.jpg",150,150,true],"medium":["https:\/\/rms-enlinea.com.ar\/wp-content\/uploads\/2025\/08\/D_641905-MLA89682799200_082025-F-221x300.jpg",221,300,true],"medium_large":["https:\/\/rms-enlinea.com.ar\/wp-content\/uploads\/2025\/08\/D_641905-MLA89682799200_082025-F-768x1044.jpg",768,1044,true],"large":["https:\/\/rms-enlinea.com.ar\/wp-content\/uploads\/2025\/08\/D_641905-MLA89682799200_082025-F-753x1024.jpg",753,1024,true],"1536x1536":["https:\/\/rms-enlinea.com.ar\/wp-content\/uploads\/2025\/08\/D_641905-MLA89682799200_082025-F.jpg",881,1198,false],"2048x2048":["https:\/\/rms-enlinea.com.ar\/wp-content\/uploads\/2025\/08\/D_641905-MLA89682799200_082025-F.jpg",881,1198,false],"woocommerce_thumbnail":["https:\/\/rms-enlinea.com.ar\/wp-content\/uploads\/2025\/08\/D_641905-MLA89682799200_082025-F-450x450.jpg",450,450,true],"woocommerce_single":["https:\/\/rms-enlinea.com.ar\/wp-content\/uploads\/2025\/08\/D_641905-MLA89682799200_082025-F-600x816.jpg",600,816,true],"woocommerce_gallery_thumbnail":["https:\/\/rms-enlinea.com.ar\/wp-content\/uploads\/2025\/08\/D_641905-MLA89682799200_082025-F-100x100.jpg",100,100,true]},"uagb_author_info":{"display_name":"nelson","author_link":"https:\/\/rms-enlinea.com.ar\/tienda\/author\/"},"uagb_comment_info":0,"uagb_excerpt":"Sum\u00e9rgete en el mundo del gaming con el Auricular con Micr\u00f3fono Logitech Pro X Gaming 981-000817, dise\u00f1ado especialmente para jugadas intensas y largas sesiones de competencia. Su construcci\u00f3n robusta en color negro no solo refleja un estilo elegante, sino que tambi\u00e9n asegura durabilidad y un ajuste c\u00f3modo en cada uso. Este headset de la reconocida&hellip;","_links":{"self":[{"href":"https:\/\/rms-enlinea.com.ar\/tienda\/wp-json\/wp\/v2\/product\/54195","targetHints":{"allow":["GET"]}}],"collection":[{"href":"https:\/\/rms-enlinea.com.ar\/tienda\/wp-json\/wp\/v2\/product"}],"about":[{"href":"https:\/\/rms-enlinea.com.ar\/tienda\/wp-json\/wp\/v2\/types\/product"}],"replies":[{"embeddable":true,"href":"https:\/\/rms-enlinea.com.ar\/tienda\/wp-json\/wp\/v2\/comments?post=54195"}],"wp:featuredmedia":[{"embeddable":true,"href":"https:\/\/rms-enlinea.com.ar\/tienda\/wp-json\/wp\/v2\/media\/54196"}],"wp:attachment":[{"href":"https:\/\/rms-enlinea.com.ar\/tienda\/wp-json\/wp\/v2\/media?parent=54195"}],"wp:term":[{"taxonomy":"product_brand","embeddable":true,"href":"https:\/\/rms-enlinea.com.ar\/tienda\/wp-json\/wp\/v2\/product_brand?post=54195"},{"taxonomy":"product_cat","embeddable":true,"href":"https:\/\/rms-enlinea.com.ar\/tienda\/wp-json\/wp\/v2\/product_cat?post=54195"},{"taxonomy":"product_tag","embeddable":true,"href":"https:\/\/rms-enlinea.com.ar\/tienda\/wp-json\/wp\/v2\/product_tag?post=54195"}],"curies":[{"name":"wp","href":"https:\/\/api.w.org\/{rel}","templated":true}]}}