{"id":54204,"date":"2025-08-13T23:42:09","date_gmt":"2025-08-14T02:42:09","guid":{"rendered":"https:\/\/rms-enlinea.com.ar\/tienda\/producto\/mouse-pad-sistema-carga-logitech-power-play-2-947-00000\/"},"modified":"2026-04-21T05:07:02","modified_gmt":"2026-04-21T08:07:02","slug":"mouse-pad-sistema-carga-logitech-power-play-2-947-00000","status":"publish","type":"product","link":"https:\/\/rms-enlinea.com.ar\/tienda\/producto\/mouse-pad-sistema-carga-logitech-power-play-2-947-00000\/","title":{"rendered":"Mouse Pad + Sistema Carga Logitech Power Play 2 947-00000"},"content":{"rendered":"<p>Dimensiones<br \/>\nEspecificaciones f\u00edsicas<br \/>\nLongitud: 344 mil\u00edmetros<br \/>\nAnchura: 284 mil\u00edmetros<br \/>\nAltura: 2,2 mm (Base de POWERPLAY 2)<br \/>\nAltura: 1,3 mm (alfombrilla de rat\u00f3n)<br \/>\nAltura: 3,5 mm (superficie total)<br \/>\nAltura: 10,5 mm (control POWERPLAY 2)<br \/>\nLongitud del cable: 1,8 m<\/p>\n","protected":false},"excerpt":{"rendered":"<p>Dimensiones Especificaciones f\u00edsicas Longitud: 344 mil\u00edmetros Anchura: 284 mil\u00edmetros Altura: 2,2 mm (Base de POWERPLAY 2) Altura: 1,3 mm (alfombrilla de rat\u00f3n) Altura: 3,5 mm (superficie total) Altura: 10,5 mm (control POWERPLAY 2) Longitud del cable: 1,8 m<\/p>\n","protected":false},"featured_media":54205,"comment_status":"open","ping_status":"closed","template":"","meta":{"_uag_custom_page_level_css":""},"product_brand":[549],"product_cat":[125],"product_tag":[],"class_list":{"0":"post-54204","1":"product","2":"type-product","3":"status-publish","4":"has-post-thumbnail","6":"product_brand-logitech","7":"product_cat-teclados-y-mouses","9":"first","10":"outofstock","11":"sale","12":"taxable","13":"shipping-taxable","14":"purchasable","15":"product-type-simple"},"uagb_featured_image_src":{"full":["https:\/\/rms-enlinea.com.ar\/wp-content\/uploads\/2025\/08\/D_763675-MLA89683748282_082025-F.jpg",1184,998,false],"thumbnail":["https:\/\/rms-enlinea.com.ar\/wp-content\/uploads\/2025\/08\/D_763675-MLA89683748282_082025-F-150x150.jpg",150,150,true],"medium":["https:\/\/rms-enlinea.com.ar\/wp-content\/uploads\/2025\/08\/D_763675-MLA89683748282_082025-F-300x253.jpg",300,253,true],"medium_large":["https:\/\/rms-enlinea.com.ar\/wp-content\/uploads\/2025\/08\/D_763675-MLA89683748282_082025-F-768x647.jpg",768,647,true],"large":["https:\/\/rms-enlinea.com.ar\/wp-content\/uploads\/2025\/08\/D_763675-MLA89683748282_082025-F-1024x863.jpg",1024,863,true],"1536x1536":["https:\/\/rms-enlinea.com.ar\/wp-content\/uploads\/2025\/08\/D_763675-MLA89683748282_082025-F.jpg",1184,998,false],"2048x2048":["https:\/\/rms-enlinea.com.ar\/wp-content\/uploads\/2025\/08\/D_763675-MLA89683748282_082025-F.jpg",1184,998,false],"woocommerce_thumbnail":["https:\/\/rms-enlinea.com.ar\/wp-content\/uploads\/2025\/08\/D_763675-MLA89683748282_082025-F-450x450.jpg",450,450,true],"woocommerce_single":["https:\/\/rms-enlinea.com.ar\/wp-content\/uploads\/2025\/08\/D_763675-MLA89683748282_082025-F-600x506.jpg",600,506,true],"woocommerce_gallery_thumbnail":["https:\/\/rms-enlinea.com.ar\/wp-content\/uploads\/2025\/08\/D_763675-MLA89683748282_082025-F-100x100.jpg",100,100,true]},"uagb_author_info":{"display_name":"nelson","author_link":"https:\/\/rms-enlinea.com.ar\/tienda\/author\/"},"uagb_comment_info":0,"uagb_excerpt":"Dimensiones Especificaciones f\u00edsicas Longitud: 344 mil\u00edmetros Anchura: 284 mil\u00edmetros Altura: 2,2 mm (Base de POWERPLAY 2) Altura: 1,3 mm (alfombrilla de rat\u00f3n) Altura: 3,5 mm (superficie total) Altura: 10,5 mm (control POWERPLAY 2) Longitud del cable: 1,8 m","_links":{"self":[{"href":"https:\/\/rms-enlinea.com.ar\/tienda\/wp-json\/wp\/v2\/product\/54204","targetHints":{"allow":["GET"]}}],"collection":[{"href":"https:\/\/rms-enlinea.com.ar\/tienda\/wp-json\/wp\/v2\/product"}],"about":[{"href":"https:\/\/rms-enlinea.com.ar\/tienda\/wp-json\/wp\/v2\/types\/product"}],"replies":[{"embeddable":true,"href":"https:\/\/rms-enlinea.com.ar\/tienda\/wp-json\/wp\/v2\/comments?post=54204"}],"wp:featuredmedia":[{"embeddable":true,"href":"https:\/\/rms-enlinea.com.ar\/tienda\/wp-json\/wp\/v2\/media\/54205"}],"wp:attachment":[{"href":"https:\/\/rms-enlinea.com.ar\/tienda\/wp-json\/wp\/v2\/media?parent=54204"}],"wp:term":[{"taxonomy":"product_brand","embeddable":true,"href":"https:\/\/rms-enlinea.com.ar\/tienda\/wp-json\/wp\/v2\/product_brand?post=54204"},{"taxonomy":"product_cat","embeddable":true,"href":"https:\/\/rms-enlinea.com.ar\/tienda\/wp-json\/wp\/v2\/product_cat?post=54204"},{"taxonomy":"product_tag","embeddable":true,"href":"https:\/\/rms-enlinea.com.ar\/tienda\/wp-json\/wp\/v2\/product_tag?post=54204"}],"curies":[{"name":"wp","href":"https:\/\/api.w.org\/{rel}","templated":true}]}}