{"id":54222,"date":"2025-08-14T09:20:07","date_gmt":"2025-08-14T12:20:07","guid":{"rendered":"https:\/\/rms-enlinea.com.ar\/tienda\/producto\/auricular-gamer-con-microfono-logitech-g522-981-001549\/"},"modified":"2026-04-06T13:38:03","modified_gmt":"2026-04-06T16:38:03","slug":"auricular-gamer-con-microfono-logitech-g522-981-001549","status":"publish","type":"product","link":"https:\/\/rms-enlinea.com.ar\/tienda\/producto\/auricular-gamer-con-microfono-logitech-g522-981-001549\/","title":{"rendered":"Auricular Gamer Con Microfono Logitech G522 981-001549"},"content":{"rendered":"<p>Dimensiones<br \/>Altura : 201,1 mm<br \/>Ancho : 184,4 mm<br \/>Profundidad : 81 mm<br \/>Peso : 290 g<br \/>Especificaciones t\u00e9cnicas<br \/>Auriculares<\/p>\n<p>Controlador: controladores de audio PRO-G de 40 mm<br \/>Respuesta de frecuencia de los auriculares: 20 Hz-20 kHz<br \/>Sensibilidad de los auriculares: 97 dB a 1000 Hz con entrada de 0,62 V (10 mW)\/1 cm<br \/>Micr\u00f3fono<\/p>\n<p>Patr\u00f3n de captaci\u00f3n: Omni<br \/>Respuesta de frecuencia del micr\u00f3fono: 70 Hz-20 kHz<br \/>Sostenibilidad<br \/>Embalaje responsable: el embalaje de papel de G522 proviene de bosques certificados FSC TM y otras fuentes controladas.<br \/>Pl\u00e1sticos reciclados: Las piezas de pl\u00e1stico* del G522 incluyen pl\u00e1stico reciclado posconsumo certificado (27 %) para darle nueva vida al pl\u00e1stico de los productos electr\u00f3nicos de consumo viejos y ayudar a reducir nuestra huella de carbono. *Excluye el pl\u00e1stico del ensamblaje del cableado impreso y el embalaje.<br \/>Bater\u00eda y carga<br \/>Duraci\u00f3n de la bater\u00eda: recargable (se refiere a la duraci\u00f3n de la reproducci\u00f3n continua a una presi\u00f3n de sonido de 78 dB SPL cuando el producto est\u00e1 conectado de manera estable despu\u00e9s de cargarlo al 100 % de energ\u00eda. La duraci\u00f3n de la bater\u00eda puede variar seg\u00fan el usuario y las condiciones inform\u00e1ticas).<br \/>Sin iluminaci\u00f3n: Hasta 90 horas<br \/>Iluminaci\u00f3n est\u00e1ndar: hasta 40 horas<br \/>Conectividad<br \/>Conectividad Tipo de conexi\u00f3n: LIGHTSPEED de tres modos Inal\u00e1mbrico a trav\u00e9s de USB-A USB-C a USB-A Con cable<br \/>Versi\u00f3n de Bluetooth: 5.3<br \/>Alcance de conectividad inal\u00e1mbrica: hasta 30 metros<br \/>Requisitos del sistema<br \/>LIGHTSPEED: Windows o macOS con un puerto USB 2.0 disponible o consola de juegos PlayStation 5.<br \/>Bluetooth: Compatible con dispositivos compatibles con Bluetooth\u00ae 5.0 o superior<br \/>Software adicional: Requiere acceso a Internet para G HUB, la aplicaci\u00f3n Logitech G Mobile y las funciones DTS Headphone X en plataformas compatibles.<\/p>\n","protected":false},"excerpt":{"rendered":"<p>DimensionesAltura : 201,1 mmAncho : 184,4 mmProfundidad : 81 mmPeso : 290 gEspecificaciones t\u00e9cnicasAuriculares Controlador: controladores de audio PRO-G de 40 mmRespuesta de frecuencia de los auriculares: 20 Hz-20 kHzSensibilidad de los auriculares: 97 dB a 1000 Hz con entrada de 0,62 V (10 mW)\/1 cmMicr\u00f3fono Patr\u00f3n de captaci\u00f3n: OmniRespuesta de frecuencia del micr\u00f3fono: 70 [&hellip;]<\/p>\n","protected":false},"featured_media":54223,"comment_status":"open","ping_status":"closed","template":"","meta":{"_uag_custom_page_level_css":""},"product_brand":[549],"product_cat":[99],"product_tag":[],"class_list":{"0":"post-54222","1":"product","2":"type-product","3":"status-publish","4":"has-post-thumbnail","6":"product_brand-logitech","7":"product_cat-auriculares-computacion","9":"first","10":"outofstock","11":"sale","12":"taxable","13":"shipping-taxable","14":"purchasable","15":"product-type-simple"},"uagb_featured_image_src":{"full":["https:\/\/rms-enlinea.com.ar\/wp-content\/uploads\/2025\/08\/D_898614-MLA89723369414_082025-F.jpg",392,454,false],"thumbnail":["https:\/\/rms-enlinea.com.ar\/wp-content\/uploads\/2025\/08\/D_898614-MLA89723369414_082025-F-150x150.jpg",150,150,true],"medium":["https:\/\/rms-enlinea.com.ar\/wp-content\/uploads\/2025\/08\/D_898614-MLA89723369414_082025-F-259x300.jpg",259,300,true],"medium_large":["https:\/\/rms-enlinea.com.ar\/wp-content\/uploads\/2025\/08\/D_898614-MLA89723369414_082025-F.jpg",392,454,false],"large":["https:\/\/rms-enlinea.com.ar\/wp-content\/uploads\/2025\/08\/D_898614-MLA89723369414_082025-F.jpg",392,454,false],"1536x1536":["https:\/\/rms-enlinea.com.ar\/wp-content\/uploads\/2025\/08\/D_898614-MLA89723369414_082025-F.jpg",392,454,false],"2048x2048":["https:\/\/rms-enlinea.com.ar\/wp-content\/uploads\/2025\/08\/D_898614-MLA89723369414_082025-F.jpg",392,454,false],"woocommerce_thumbnail":["https:\/\/rms-enlinea.com.ar\/wp-content\/uploads\/2025\/08\/D_898614-MLA89723369414_082025-F-392x450.jpg",392,450,true],"woocommerce_single":["https:\/\/rms-enlinea.com.ar\/wp-content\/uploads\/2025\/08\/D_898614-MLA89723369414_082025-F.jpg",392,454,false],"woocommerce_gallery_thumbnail":["https:\/\/rms-enlinea.com.ar\/wp-content\/uploads\/2025\/08\/D_898614-MLA89723369414_082025-F-100x100.jpg",100,100,true]},"uagb_author_info":{"display_name":"nelson","author_link":"https:\/\/rms-enlinea.com.ar\/tienda\/author\/"},"uagb_comment_info":0,"uagb_excerpt":"DimensionesAltura : 201,1 mmAncho : 184,4 mmProfundidad : 81 mmPeso : 290 gEspecificaciones t\u00e9cnicasAuriculares Controlador: controladores de audio PRO-G de 40 mmRespuesta de frecuencia de los auriculares: 20 Hz-20 kHzSensibilidad de los auriculares: 97 dB a 1000 Hz con entrada de 0,62 V (10 mW)\/1 cmMicr\u00f3fono Patr\u00f3n de captaci\u00f3n: OmniRespuesta de frecuencia del micr\u00f3fono: 70&hellip;","_links":{"self":[{"href":"https:\/\/rms-enlinea.com.ar\/tienda\/wp-json\/wp\/v2\/product\/54222","targetHints":{"allow":["GET"]}}],"collection":[{"href":"https:\/\/rms-enlinea.com.ar\/tienda\/wp-json\/wp\/v2\/product"}],"about":[{"href":"https:\/\/rms-enlinea.com.ar\/tienda\/wp-json\/wp\/v2\/types\/product"}],"replies":[{"embeddable":true,"href":"https:\/\/rms-enlinea.com.ar\/tienda\/wp-json\/wp\/v2\/comments?post=54222"}],"wp:featuredmedia":[{"embeddable":true,"href":"https:\/\/rms-enlinea.com.ar\/tienda\/wp-json\/wp\/v2\/media\/54223"}],"wp:attachment":[{"href":"https:\/\/rms-enlinea.com.ar\/tienda\/wp-json\/wp\/v2\/media?parent=54222"}],"wp:term":[{"taxonomy":"product_brand","embeddable":true,"href":"https:\/\/rms-enlinea.com.ar\/tienda\/wp-json\/wp\/v2\/product_brand?post=54222"},{"taxonomy":"product_cat","embeddable":true,"href":"https:\/\/rms-enlinea.com.ar\/tienda\/wp-json\/wp\/v2\/product_cat?post=54222"},{"taxonomy":"product_tag","embeddable":true,"href":"https:\/\/rms-enlinea.com.ar\/tienda\/wp-json\/wp\/v2\/product_tag?post=54222"}],"curies":[{"name":"wp","href":"https:\/\/api.w.org\/{rel}","templated":true}]}}