{"id":54230,"date":"2025-08-14T09:20:24","date_gmt":"2025-08-14T12:20:24","guid":{"rendered":"https:\/\/rms-enlinea.com.ar\/tienda\/producto\/auricular-con-microfono-inalambrico-logitech-pro-x-2-2\/"},"modified":"2026-04-11T18:00:41","modified_gmt":"2026-04-11T21:00:41","slug":"auricular-con-microfono-inalambrico-logitech-pro-x-2-2","status":"publish","type":"product","link":"https:\/\/rms-enlinea.com.ar\/tienda\/producto\/auricular-con-microfono-inalambrico-logitech-pro-x-2-2\/","title":{"rendered":"Auricular Con Microfono Inalambrico Logitech Pro X 2"},"content":{"rendered":"<p>Ancho: 176 mm<br \/>Profundidad: 95 mm<br \/>Altura: 189 mm<br \/>Peso: 345 g<br \/>Longitud de cable de carga: 1,8 m<br \/>AUD\u00cdFONO<br \/>Transductor: Graphene 50 mm<br \/>Im\u00e1n: Neodimio<br \/>Respuesta de frecuencia: 20 Hz-20 KHz<br \/>Impedancia: 38 ohmios (pasivo): 38 Ohms<br \/>Sensibilidad: 87.8 dB SPL @ 1 mW &amp; 1 cm<br \/>MATERIALES:<br \/>Horquilla: Aluminio<br \/>Diadema: acero<br \/>Almohadillas de aud\u00edfonos y diadema: Piel sint\u00e9tica y espuma viscoel\u00e1stica<br \/>Almohadillas adicionales: Tejido y espuma viscoel\u00e1stica<br \/>Patr\u00f3n de captaci\u00f3n de micr\u00f3fono: Cardioide (unidireccional)<br \/>Tipo: Condensador de electreto<br \/>Tama\u00f1o: 6 mm<br \/>Respuesta de frecuencia: 100 Hz-10 KHz<br \/>TECNOLOG\u00cdA INAL\u00c1MBRICA<br \/>Duraci\u00f3n de bater\u00eda (recargable): hasta 50 h<br \/>Radio de acci\u00f3n inal\u00e1mbrico: hasta 30 m<br \/>Tipo de conexi\u00f3n: LIGHTSPEED de 2,4 GHz<br \/>Bluetooth\u00ae<\/p>\n","protected":false},"excerpt":{"rendered":"<p>Ancho: 176 mmProfundidad: 95 mmAltura: 189 mmPeso: 345 gLongitud de cable de carga: 1,8 mAUD\u00cdFONOTransductor: Graphene 50 mmIm\u00e1n: NeodimioRespuesta de frecuencia: 20 Hz-20 KHzImpedancia: 38 ohmios (pasivo): 38 OhmsSensibilidad: 87.8 dB SPL @ 1 mW &amp; 1 cmMATERIALES:Horquilla: AluminioDiadema: aceroAlmohadillas de aud\u00edfonos y diadema: Piel sint\u00e9tica y espuma viscoel\u00e1sticaAlmohadillas adicionales: Tejido y espuma viscoel\u00e1sticaPatr\u00f3n de [&hellip;]<\/p>\n","protected":false},"featured_media":33712,"comment_status":"open","ping_status":"closed","template":"","meta":{"_uag_custom_page_level_css":""},"product_brand":[549],"product_cat":[99],"product_tag":[],"class_list":{"0":"post-54230","1":"product","2":"type-product","3":"status-publish","4":"has-post-thumbnail","6":"product_brand-logitech","7":"product_cat-auriculares-computacion","9":"first","10":"instock","11":"sale","12":"taxable","13":"shipping-taxable","14":"purchasable","15":"product-type-simple"},"uagb_featured_image_src":{"full":["https:\/\/rms-enlinea.com.ar\/wp-content\/uploads\/2025\/06\/D_892694-MLA77253019418_072024-F.jpg",941,1200,false],"thumbnail":["https:\/\/rms-enlinea.com.ar\/wp-content\/uploads\/2025\/06\/D_892694-MLA77253019418_072024-F-150x150.jpg",150,150,true],"medium":["https:\/\/rms-enlinea.com.ar\/wp-content\/uploads\/2025\/06\/D_892694-MLA77253019418_072024-F-235x300.jpg",235,300,true],"medium_large":["https:\/\/rms-enlinea.com.ar\/wp-content\/uploads\/2025\/06\/D_892694-MLA77253019418_072024-F-768x979.jpg",768,979,true],"large":["https:\/\/rms-enlinea.com.ar\/wp-content\/uploads\/2025\/06\/D_892694-MLA77253019418_072024-F-803x1024.jpg",803,1024,true],"1536x1536":["https:\/\/rms-enlinea.com.ar\/wp-content\/uploads\/2025\/06\/D_892694-MLA77253019418_072024-F.jpg",941,1200,false],"2048x2048":["https:\/\/rms-enlinea.com.ar\/wp-content\/uploads\/2025\/06\/D_892694-MLA77253019418_072024-F.jpg",941,1200,false],"woocommerce_thumbnail":["https:\/\/rms-enlinea.com.ar\/wp-content\/uploads\/2025\/06\/D_892694-MLA77253019418_072024-F-450x450.jpg",450,450,true],"woocommerce_single":["https:\/\/rms-enlinea.com.ar\/wp-content\/uploads\/2025\/06\/D_892694-MLA77253019418_072024-F-600x765.jpg",600,765,true],"woocommerce_gallery_thumbnail":["https:\/\/rms-enlinea.com.ar\/wp-content\/uploads\/2025\/06\/D_892694-MLA77253019418_072024-F-100x100.jpg",100,100,true]},"uagb_author_info":{"display_name":"nelson","author_link":"https:\/\/rms-enlinea.com.ar\/tienda\/author\/"},"uagb_comment_info":0,"uagb_excerpt":"Ancho: 176 mmProfundidad: 95 mmAltura: 189 mmPeso: 345 gLongitud de cable de carga: 1,8 mAUD\u00cdFONOTransductor: Graphene 50 mmIm\u00e1n: NeodimioRespuesta de frecuencia: 20 Hz-20 KHzImpedancia: 38 ohmios (pasivo): 38 OhmsSensibilidad: 87.8 dB SPL @ 1 mW &amp; 1 cmMATERIALES:Horquilla: AluminioDiadema: aceroAlmohadillas de aud\u00edfonos y diadema: Piel sint\u00e9tica y espuma viscoel\u00e1sticaAlmohadillas adicionales: Tejido y espuma viscoel\u00e1sticaPatr\u00f3n de&hellip;","_links":{"self":[{"href":"https:\/\/rms-enlinea.com.ar\/tienda\/wp-json\/wp\/v2\/product\/54230","targetHints":{"allow":["GET"]}}],"collection":[{"href":"https:\/\/rms-enlinea.com.ar\/tienda\/wp-json\/wp\/v2\/product"}],"about":[{"href":"https:\/\/rms-enlinea.com.ar\/tienda\/wp-json\/wp\/v2\/types\/product"}],"replies":[{"embeddable":true,"href":"https:\/\/rms-enlinea.com.ar\/tienda\/wp-json\/wp\/v2\/comments?post=54230"}],"wp:featuredmedia":[{"embeddable":true,"href":"https:\/\/rms-enlinea.com.ar\/tienda\/wp-json\/wp\/v2\/media\/33712"}],"wp:attachment":[{"href":"https:\/\/rms-enlinea.com.ar\/tienda\/wp-json\/wp\/v2\/media?parent=54230"}],"wp:term":[{"taxonomy":"product_brand","embeddable":true,"href":"https:\/\/rms-enlinea.com.ar\/tienda\/wp-json\/wp\/v2\/product_brand?post=54230"},{"taxonomy":"product_cat","embeddable":true,"href":"https:\/\/rms-enlinea.com.ar\/tienda\/wp-json\/wp\/v2\/product_cat?post=54230"},{"taxonomy":"product_tag","embeddable":true,"href":"https:\/\/rms-enlinea.com.ar\/tienda\/wp-json\/wp\/v2\/product_tag?post=54230"}],"curies":[{"name":"wp","href":"https:\/\/api.w.org\/{rel}","templated":true}]}}