{"id":54255,"date":"2025-08-14T16:10:10","date_gmt":"2025-08-14T19:10:10","guid":{"rendered":"https:\/\/rms-enlinea.com.ar\/tienda\/producto\/memoria-ddr4-corsair-16gb-2x8gb-2666-mhz-vengeance-lpx\/"},"modified":"2026-04-21T07:13:19","modified_gmt":"2026-04-21T10:13:19","slug":"memoria-ddr4-corsair-16gb-2x8gb-2666-mhz-vengeance-lpx","status":"publish","type":"product","link":"https:\/\/rms-enlinea.com.ar\/tienda\/producto\/memoria-ddr4-corsair-16gb-2x8gb-2666-mhz-vengeance-lpx\/","title":{"rendered":"Memoria Ddr4 Corsair 16gb 2x8gb 2666 Mhz Vengeance Lpx"},"content":{"rendered":"<p>Eleva el rendimiento de tu sistema con la Memoria RAM DDR4 Corsair Vengeance LPX de 16GB. Esta memoria, compuesta por dos m\u00f3dulos de 8GB, ofrece una velocidad probada de 2666 MHz y una latencia de 16, proporcionando una transferencia de datos fluida y eficiente para tus tareas diarias y aplicaciones m\u00e1s exigentes.<\/p>\n<p>El dise\u00f1o de bajo perfil con una altura de 3.3 cm es ideal para aquellos que buscan un componente que no interfiera con otros dispositivos en su configuraci\u00f3n. Con un voltaje de alimentaci\u00f3n de 1.2V, esta memoria no solo es poderosa, sino tambi\u00e9n eficiente en el consumo energ\u00e9tico, asegurando un m\u00e1ximo rendimiento sin comprometer la estabilidad.<\/p>\n<p>La tecnolog\u00eda de disipaci\u00f3n de calor integrada permite mantener temperaturas \u00f3ptimas incluso bajo cargas pesadas, asegurando que tu sistema funcione sin contratiempos. Corsair es una marca reconocida por su fiabilidad y calidad, haciendo de la Vengeance LPX una opci\u00f3n excelente para gamers, creadores de contenido y profesionales que necesitan una memoria RAM que se adapte a sus necesidades.<\/p>\n<p>Opta por esta memoria y mejora la experiencia de uso de tu ordenador, permitiendo una multitarea eficiente y un rendimiento s\u00f3lido en las aplicaciones m\u00e1s demandantes. Es la elecci\u00f3n perfecta para quienes buscan velocidad y estabilidad en cada tarea que realizan.<\/p>\n","protected":false},"excerpt":{"rendered":"<p>Eleva el rendimiento de tu sistema con la Memoria RAM DDR4 Corsair Vengeance LPX de 16GB. Esta memoria, compuesta por dos m\u00f3dulos de 8GB, ofrece una velocidad probada de 2666 MHz y una latencia de 16, proporcionando una transferencia de datos fluida y eficiente para tus tareas diarias y aplicaciones m\u00e1s exigentes. El dise\u00f1o de [&hellip;]<\/p>\n","protected":false},"featured_media":54256,"comment_status":"open","ping_status":"closed","template":"","meta":{"_uag_custom_page_level_css":""},"product_brand":[555],"product_cat":[112],"product_tag":[],"class_list":{"0":"post-54255","1":"product","2":"type-product","3":"status-publish","4":"has-post-thumbnail","6":"product_brand-corsair","7":"product_cat-mamorias","9":"first","10":"outofstock","11":"sale","12":"taxable","13":"shipping-taxable","14":"purchasable","15":"product-type-simple"},"uagb_featured_image_src":{"full":["https:\/\/rms-enlinea.com.ar\/wp-content\/uploads\/2025\/08\/D_791745-MLA89749413964_082025-F.jpg",1198,435,false],"thumbnail":["https:\/\/rms-enlinea.com.ar\/wp-content\/uploads\/2025\/08\/D_791745-MLA89749413964_082025-F-150x150.jpg",150,150,true],"medium":["https:\/\/rms-enlinea.com.ar\/wp-content\/uploads\/2025\/08\/D_791745-MLA89749413964_082025-F-300x109.jpg",300,109,true],"medium_large":["https:\/\/rms-enlinea.com.ar\/wp-content\/uploads\/2025\/08\/D_791745-MLA89749413964_082025-F-768x279.jpg",768,279,true],"large":["https:\/\/rms-enlinea.com.ar\/wp-content\/uploads\/2025\/08\/D_791745-MLA89749413964_082025-F-1024x372.jpg",1024,372,true],"1536x1536":["https:\/\/rms-enlinea.com.ar\/wp-content\/uploads\/2025\/08\/D_791745-MLA89749413964_082025-F.jpg",1198,435,false],"2048x2048":["https:\/\/rms-enlinea.com.ar\/wp-content\/uploads\/2025\/08\/D_791745-MLA89749413964_082025-F.jpg",1198,435,false],"woocommerce_thumbnail":["https:\/\/rms-enlinea.com.ar\/wp-content\/uploads\/2025\/08\/D_791745-MLA89749413964_082025-F-450x435.jpg",450,435,true],"woocommerce_single":["https:\/\/rms-enlinea.com.ar\/wp-content\/uploads\/2025\/08\/D_791745-MLA89749413964_082025-F-600x218.jpg",600,218,true],"woocommerce_gallery_thumbnail":["https:\/\/rms-enlinea.com.ar\/wp-content\/uploads\/2025\/08\/D_791745-MLA89749413964_082025-F-100x100.jpg",100,100,true]},"uagb_author_info":{"display_name":"nelson","author_link":"https:\/\/rms-enlinea.com.ar\/tienda\/author\/"},"uagb_comment_info":0,"uagb_excerpt":"Eleva el rendimiento de tu sistema con la Memoria RAM DDR4 Corsair Vengeance LPX de 16GB. Esta memoria, compuesta por dos m\u00f3dulos de 8GB, ofrece una velocidad probada de 2666 MHz y una latencia de 16, proporcionando una transferencia de datos fluida y eficiente para tus tareas diarias y aplicaciones m\u00e1s exigentes. El dise\u00f1o de&hellip;","_links":{"self":[{"href":"https:\/\/rms-enlinea.com.ar\/tienda\/wp-json\/wp\/v2\/product\/54255","targetHints":{"allow":["GET"]}}],"collection":[{"href":"https:\/\/rms-enlinea.com.ar\/tienda\/wp-json\/wp\/v2\/product"}],"about":[{"href":"https:\/\/rms-enlinea.com.ar\/tienda\/wp-json\/wp\/v2\/types\/product"}],"replies":[{"embeddable":true,"href":"https:\/\/rms-enlinea.com.ar\/tienda\/wp-json\/wp\/v2\/comments?post=54255"}],"wp:featuredmedia":[{"embeddable":true,"href":"https:\/\/rms-enlinea.com.ar\/tienda\/wp-json\/wp\/v2\/media\/54256"}],"wp:attachment":[{"href":"https:\/\/rms-enlinea.com.ar\/tienda\/wp-json\/wp\/v2\/media?parent=54255"}],"wp:term":[{"taxonomy":"product_brand","embeddable":true,"href":"https:\/\/rms-enlinea.com.ar\/tienda\/wp-json\/wp\/v2\/product_brand?post=54255"},{"taxonomy":"product_cat","embeddable":true,"href":"https:\/\/rms-enlinea.com.ar\/tienda\/wp-json\/wp\/v2\/product_cat?post=54255"},{"taxonomy":"product_tag","embeddable":true,"href":"https:\/\/rms-enlinea.com.ar\/tienda\/wp-json\/wp\/v2\/product_tag?post=54255"}],"curies":[{"name":"wp","href":"https:\/\/api.w.org\/{rel}","templated":true}]}}