{"id":54282,"date":"2025-08-14T16:50:14","date_gmt":"2025-08-14T19:50:14","guid":{"rendered":"https:\/\/rms-enlinea.com.ar\/tienda\/producto\/memoria-corsair-ddr5-32gb-2x16gb-6600mhz-vengeance-rgb-cl38\/"},"modified":"2026-04-02T19:22:13","modified_gmt":"2026-04-02T22:22:13","slug":"memoria-corsair-ddr5-32gb-2x16gb-6600mhz-vengeance-rgb-cl38","status":"publish","type":"product","link":"https:\/\/rms-enlinea.com.ar\/tienda\/producto\/memoria-corsair-ddr5-32gb-2x16gb-6600mhz-vengeance-rgb-cl38\/","title":{"rendered":"Memoria Corsair Ddr5 32gb 2x16gb 6600mhz Vengeance Rgb Cl38"},"content":{"rendered":"<p>Color de memoria NEGRO<br \/>\nCompatibilidad de memoria Intel Serie 700 (CPU Intel Core de 13.\u00aa generaci\u00f3n o m\u00e1s nuevas)<br \/>\nCompatibilidad de detalles de memoria Intel Serie 700 (CPU Intel Core de 13.\u00aa generaci\u00f3n o m\u00e1s nuevas)<br \/>\nDisipador de calor Aluminio<br \/>\nIluminaci\u00f3n LED RGB<br \/>\nSerie de memoria VENGEANCE RGB DDR5<br \/>\nTama\u00f1o de la memoria 16 GB<br \/>\nTipo de memoria DDR5<br \/>\nFormato de memoria del paquete Memoria DIMM<br \/>\nPaquete de pines de memoria 288<br \/>\nPerfil de rendimiento XMP 3.0<br \/>\nLatencia SPD 40-40-40-77<br \/>\nVelocidad SPD 4800 MHz<br \/>\nVoltaje SPD 1,1 V<br \/>\nLatencia probada 38-48-48-106<br \/>\nVelocidad probada 6600 toneladas por segundo<br \/>\nVoltaje probado 1,40 V<br \/>\nPeso 0,15<br \/>\nConsumo de energ\u00eda Overclocking de PMIC<\/p>\n","protected":false},"excerpt":{"rendered":"<p>Color de memoria NEGRO Compatibilidad de memoria Intel Serie 700 (CPU Intel Core de 13.\u00aa generaci\u00f3n o m\u00e1s nuevas) Compatibilidad de detalles de memoria Intel Serie 700 (CPU Intel Core de 13.\u00aa generaci\u00f3n o m\u00e1s nuevas) Disipador de calor Aluminio Iluminaci\u00f3n LED RGB Serie de memoria VENGEANCE RGB DDR5 Tama\u00f1o de la memoria 16 GB [&hellip;]<\/p>\n","protected":false},"featured_media":3243,"comment_status":"open","ping_status":"closed","template":"","meta":{"_uag_custom_page_level_css":""},"product_brand":[555],"product_cat":[112],"product_tag":[],"class_list":{"0":"post-54282","1":"product","2":"type-product","3":"status-publish","4":"has-post-thumbnail","6":"product_brand-corsair","7":"product_cat-mamorias","9":"first","10":"outofstock","11":"sale","12":"taxable","13":"shipping-taxable","14":"purchasable","15":"product-type-simple"},"uagb_featured_image_src":{"full":["https:\/\/rms-enlinea.com.ar\/wp-content\/uploads\/2025\/06\/D_710598-MLU76198684205_052024-F.jpg",1062,749,false],"thumbnail":["https:\/\/rms-enlinea.com.ar\/wp-content\/uploads\/2025\/06\/D_710598-MLU76198684205_052024-F-150x150.jpg",150,150,true],"medium":["https:\/\/rms-enlinea.com.ar\/wp-content\/uploads\/2025\/06\/D_710598-MLU76198684205_052024-F-300x212.jpg",300,212,true],"medium_large":["https:\/\/rms-enlinea.com.ar\/wp-content\/uploads\/2025\/06\/D_710598-MLU76198684205_052024-F-768x542.jpg",768,542,true],"large":["https:\/\/rms-enlinea.com.ar\/wp-content\/uploads\/2025\/06\/D_710598-MLU76198684205_052024-F-1024x722.jpg",1024,722,true],"1536x1536":["https:\/\/rms-enlinea.com.ar\/wp-content\/uploads\/2025\/06\/D_710598-MLU76198684205_052024-F.jpg",1062,749,false],"2048x2048":["https:\/\/rms-enlinea.com.ar\/wp-content\/uploads\/2025\/06\/D_710598-MLU76198684205_052024-F.jpg",1062,749,false],"woocommerce_thumbnail":["https:\/\/rms-enlinea.com.ar\/wp-content\/uploads\/2025\/06\/D_710598-MLU76198684205_052024-F-450x450.jpg",450,450,true],"woocommerce_single":["https:\/\/rms-enlinea.com.ar\/wp-content\/uploads\/2025\/06\/D_710598-MLU76198684205_052024-F-600x423.jpg",600,423,true],"woocommerce_gallery_thumbnail":["https:\/\/rms-enlinea.com.ar\/wp-content\/uploads\/2025\/06\/D_710598-MLU76198684205_052024-F-100x100.jpg",100,100,true]},"uagb_author_info":{"display_name":"nelson","author_link":"https:\/\/rms-enlinea.com.ar\/tienda\/author\/"},"uagb_comment_info":0,"uagb_excerpt":"Color de memoria NEGRO Compatibilidad de memoria Intel Serie 700 (CPU Intel Core de 13.\u00aa generaci\u00f3n o m\u00e1s nuevas) Compatibilidad de detalles de memoria Intel Serie 700 (CPU Intel Core de 13.\u00aa generaci\u00f3n o m\u00e1s nuevas) Disipador de calor Aluminio Iluminaci\u00f3n LED RGB Serie de memoria VENGEANCE RGB DDR5 Tama\u00f1o de la memoria 16 GB&hellip;","_links":{"self":[{"href":"https:\/\/rms-enlinea.com.ar\/tienda\/wp-json\/wp\/v2\/product\/54282","targetHints":{"allow":["GET"]}}],"collection":[{"href":"https:\/\/rms-enlinea.com.ar\/tienda\/wp-json\/wp\/v2\/product"}],"about":[{"href":"https:\/\/rms-enlinea.com.ar\/tienda\/wp-json\/wp\/v2\/types\/product"}],"replies":[{"embeddable":true,"href":"https:\/\/rms-enlinea.com.ar\/tienda\/wp-json\/wp\/v2\/comments?post=54282"}],"wp:featuredmedia":[{"embeddable":true,"href":"https:\/\/rms-enlinea.com.ar\/tienda\/wp-json\/wp\/v2\/media\/3243"}],"wp:attachment":[{"href":"https:\/\/rms-enlinea.com.ar\/tienda\/wp-json\/wp\/v2\/media?parent=54282"}],"wp:term":[{"taxonomy":"product_brand","embeddable":true,"href":"https:\/\/rms-enlinea.com.ar\/tienda\/wp-json\/wp\/v2\/product_brand?post=54282"},{"taxonomy":"product_cat","embeddable":true,"href":"https:\/\/rms-enlinea.com.ar\/tienda\/wp-json\/wp\/v2\/product_cat?post=54282"},{"taxonomy":"product_tag","embeddable":true,"href":"https:\/\/rms-enlinea.com.ar\/tienda\/wp-json\/wp\/v2\/product_tag?post=54282"}],"curies":[{"name":"wp","href":"https:\/\/api.w.org\/{rel}","templated":true}]}}