{"id":54283,"date":"2025-08-14T16:50:22","date_gmt":"2025-08-14T19:50:22","guid":{"rendered":"https:\/\/rms-enlinea.com.ar\/tienda\/producto\/memoria-ddr5-corsair-32gb-2x16gb-6000-mhz-vengeance-rgb\/"},"modified":"2026-03-31T18:31:39","modified_gmt":"2026-03-31T21:31:39","slug":"memoria-ddr5-corsair-32gb-2x16gb-6000-mhz-vengeance-rgb","status":"publish","type":"product","link":"https:\/\/rms-enlinea.com.ar\/tienda\/producto\/memoria-ddr5-corsair-32gb-2x16gb-6000-mhz-vengeance-rgb\/","title":{"rendered":"Memoria Ddr5 Corsair 32gb 2x16gb 6000 Mhz Vengeance Rgb"},"content":{"rendered":"<p>Con dise\u00f1os \u00fanicos y modernos, Corsair es una de las marcas m\u00e1s elegidas por los usuarios al momento de comprar una memoria ram. Cargar programas m\u00e1s r\u00e1pido, aumentar la capacidad de responder y ejecutar aplicaciones de uso intensivo son algunas de las caracter\u00edsticas y ventajas que tendr\u00e1s al momento de adquirir esta memoria. No esperes m\u00e1s para mejorar el rendimiento de tu computadora.<\/p>\n<p>Adaptada a tus necesidades<br \/>\nSu capacidad de 32 GB distribu\u00edda en m\u00f3dulos de 2 x 16 GB hace de esta memoria un soporte ideal para trabajos de dise\u00f1o o edici\u00f3n a gran escala y juegos exigentes de alta gama.<\/p>\n<p>Tu equipo como nuevo<br \/>\nEsta memoria es ideal para tu Computadoras de escritorio. \u00a1Instalala y comenz\u00e1 a disfrutar de un \u00f3ptimo funcionamiento!<\/p>\n","protected":false},"excerpt":{"rendered":"<p>Con dise\u00f1os \u00fanicos y modernos, Corsair es una de las marcas m\u00e1s elegidas por los usuarios al momento de comprar una memoria ram. Cargar programas m\u00e1s r\u00e1pido, aumentar la capacidad de responder y ejecutar aplicaciones de uso intensivo son algunas de las caracter\u00edsticas y ventajas que tendr\u00e1s al momento de adquirir esta memoria. No esperes [&hellip;]<\/p>\n","protected":false},"featured_media":540,"comment_status":"open","ping_status":"closed","template":"","meta":{"_uag_custom_page_level_css":""},"product_brand":[555],"product_cat":[112],"product_tag":[],"class_list":{"0":"post-54283","1":"product","2":"type-product","3":"status-publish","4":"has-post-thumbnail","6":"product_brand-corsair","7":"product_cat-mamorias","9":"first","10":"outofstock","11":"sale","12":"taxable","13":"shipping-taxable","14":"purchasable","15":"product-type-simple"},"uagb_featured_image_src":{"full":["https:\/\/rms-enlinea.com.ar\/wp-content\/uploads\/2025\/06\/D_690644-MLU70530168605_072023-F.jpg",500,251,false],"thumbnail":["https:\/\/rms-enlinea.com.ar\/wp-content\/uploads\/2025\/06\/D_690644-MLU70530168605_072023-F-150x150.jpg",150,150,true],"medium":["https:\/\/rms-enlinea.com.ar\/wp-content\/uploads\/2025\/06\/D_690644-MLU70530168605_072023-F-300x151.jpg",300,151,true],"medium_large":["https:\/\/rms-enlinea.com.ar\/wp-content\/uploads\/2025\/06\/D_690644-MLU70530168605_072023-F.jpg",500,251,false],"large":["https:\/\/rms-enlinea.com.ar\/wp-content\/uploads\/2025\/06\/D_690644-MLU70530168605_072023-F.jpg",500,251,false],"1536x1536":["https:\/\/rms-enlinea.com.ar\/wp-content\/uploads\/2025\/06\/D_690644-MLU70530168605_072023-F.jpg",500,251,false],"2048x2048":["https:\/\/rms-enlinea.com.ar\/wp-content\/uploads\/2025\/06\/D_690644-MLU70530168605_072023-F.jpg",500,251,false],"woocommerce_thumbnail":["https:\/\/rms-enlinea.com.ar\/wp-content\/uploads\/2025\/06\/D_690644-MLU70530168605_072023-F-450x251.jpg",450,251,true],"woocommerce_single":["https:\/\/rms-enlinea.com.ar\/wp-content\/uploads\/2025\/06\/D_690644-MLU70530168605_072023-F.jpg",500,251,false],"woocommerce_gallery_thumbnail":["https:\/\/rms-enlinea.com.ar\/wp-content\/uploads\/2025\/06\/D_690644-MLU70530168605_072023-F-100x100.jpg",100,100,true]},"uagb_author_info":{"display_name":"nelson","author_link":"https:\/\/rms-enlinea.com.ar\/tienda\/author\/"},"uagb_comment_info":0,"uagb_excerpt":"Con dise\u00f1os \u00fanicos y modernos, Corsair es una de las marcas m\u00e1s elegidas por los usuarios al momento de comprar una memoria ram. Cargar programas m\u00e1s r\u00e1pido, aumentar la capacidad de responder y ejecutar aplicaciones de uso intensivo son algunas de las caracter\u00edsticas y ventajas que tendr\u00e1s al momento de adquirir esta memoria. No esperes&hellip;","_links":{"self":[{"href":"https:\/\/rms-enlinea.com.ar\/tienda\/wp-json\/wp\/v2\/product\/54283","targetHints":{"allow":["GET"]}}],"collection":[{"href":"https:\/\/rms-enlinea.com.ar\/tienda\/wp-json\/wp\/v2\/product"}],"about":[{"href":"https:\/\/rms-enlinea.com.ar\/tienda\/wp-json\/wp\/v2\/types\/product"}],"replies":[{"embeddable":true,"href":"https:\/\/rms-enlinea.com.ar\/tienda\/wp-json\/wp\/v2\/comments?post=54283"}],"wp:featuredmedia":[{"embeddable":true,"href":"https:\/\/rms-enlinea.com.ar\/tienda\/wp-json\/wp\/v2\/media\/540"}],"wp:attachment":[{"href":"https:\/\/rms-enlinea.com.ar\/tienda\/wp-json\/wp\/v2\/media?parent=54283"}],"wp:term":[{"taxonomy":"product_brand","embeddable":true,"href":"https:\/\/rms-enlinea.com.ar\/tienda\/wp-json\/wp\/v2\/product_brand?post=54283"},{"taxonomy":"product_cat","embeddable":true,"href":"https:\/\/rms-enlinea.com.ar\/tienda\/wp-json\/wp\/v2\/product_cat?post=54283"},{"taxonomy":"product_tag","embeddable":true,"href":"https:\/\/rms-enlinea.com.ar\/tienda\/wp-json\/wp\/v2\/product_tag?post=54283"}],"curies":[{"name":"wp","href":"https:\/\/api.w.org\/{rel}","templated":true}]}}