{"id":54298,"date":"2025-08-14T18:30:19","date_gmt":"2025-08-14T21:30:19","guid":{"rendered":"https:\/\/rms-enlinea.com.ar\/tienda\/producto\/teclado-logitech-inalambrico-mecanico-pop-keys-fresh-esp\/"},"modified":"2026-04-21T06:48:00","modified_gmt":"2026-04-21T09:48:00","slug":"teclado-logitech-inalambrico-mecanico-pop-keys-fresh-esp","status":"publish","type":"product","link":"https:\/\/rms-enlinea.com.ar\/tienda\/producto\/teclado-logitech-inalambrico-mecanico-pop-keys-fresh-esp\/","title":{"rendered":"Teclado Logitech Inal\u00e1mbrico Mec\u00e1nico Pop Keys Fresh Esp"},"content":{"rendered":"<p>DIMENSIONES<br \/>\nAltura: 138,47 mm<\/p>\n<p>Ancho: 321,2 mm<\/p>\n<p>Profundidad: 35,4 mm<\/p>\n<p>Peso (con bater\u00edas): 779 g<\/p>\n<p>REQUISITOS DEL SISTEMA<br \/>\nTecnolog\u00eda inal\u00e1mbrica Bluetooth de bajo consumo<\/p>\n<p>Requiere: Bluetooth Low Energy<br \/>\nWindows \u00ae 10,11 o posterior<br \/>\nmacOS 10.15 o posterior<br \/>\niPadOS 13.4 o posterior<br \/>\niOS 11 o posterior<br \/>\nChrome OS\u2122<br \/>\nAndroid 8 o posterior<br \/>\nReceptor USB Logi Bolt<\/p>\n<p>Requiere: Puerto USB disponible<br \/>\nWindows 10,11 o posterior<br \/>\nmacOS 10.15 o posterior<br \/>\nChrome OS<br \/>\nESPECIFICACIONES T\u00c9CNICAS<br \/>\nTipo de conexi\u00f3n: Tecnolog\u00eda inal\u00e1mbrica Bluetooth de bajo consumo (Bluetooth 5.1)<\/p>\n<p>Radio de acci\u00f3n inal\u00e1mbrico: 10 m<\/p>\n<p>Interruptores mec\u00e1nicos (Brown t\u00e1ctiles)<\/p>\n<p>Software compatible<\/p>\n<p>Logitech Options para Windows 10 o posteriores<br \/>\nLogitech Options para macOS 10.8 o posteriores<br \/>\nLogitech Flow<br \/>\nBater\u00eda: 2 x AAA<\/p>\n<p>Duraci\u00f3n de bater\u00edas: 36 meses<\/p>\n<p>Indicadores luminosos (LED): LED de carga, 3 LED de canal Bluetooth, LED de bloqueo de may\u00fasculas<\/p>\n<p>Botones\/Teclas especiales: 12 accesos directos FN que incluyen teclas multimedia, voz a texto, silencio de micr\u00f3fono, recorte de pantalla<\/p>\n<p>3 canales Easy-Switch\u2122<\/p>\n<p>4 teclas de accesos directos de emojis (+4 teclas de emojis adicionales para intercambio), 1 tecla de men\u00fa de emojis<\/p>\n<p>Conmutador de encendido\/apagado con tecnolog\u00eda de ahorro de energ\u00eda<\/p>\n<p>CONTENIDO DE LA CAJA<br \/>\nTeclado<br \/>\nDuas pilhas AAA (pr\u00e9-instaladas)<br \/>\nReceptor USB Logi Bolt<br \/>\n4 teclas de emoji extras<br \/>\nDocumenta\u00e7\u00e3o do usu\u00e1rio<\/p>\n","protected":false},"excerpt":{"rendered":"<p>DIMENSIONES Altura: 138,47 mm Ancho: 321,2 mm Profundidad: 35,4 mm Peso (con bater\u00edas): 779 g REQUISITOS DEL SISTEMA Tecnolog\u00eda inal\u00e1mbrica Bluetooth de bajo consumo Requiere: Bluetooth Low Energy Windows \u00ae 10,11 o posterior macOS 10.15 o posterior iPadOS 13.4 o posterior iOS 11 o posterior Chrome OS\u2122 Android 8 o posterior Receptor USB Logi Bolt [&hellip;]<\/p>\n","protected":false},"featured_media":6923,"comment_status":"open","ping_status":"closed","template":"","meta":{"_uag_custom_page_level_css":""},"product_brand":[549],"product_cat":[125],"product_tag":[],"class_list":{"0":"post-54298","1":"product","2":"type-product","3":"status-publish","4":"has-post-thumbnail","6":"product_brand-logitech","7":"product_cat-teclados-y-mouses","9":"first","10":"outofstock","11":"sale","12":"taxable","13":"shipping-taxable","14":"purchasable","15":"product-type-simple"},"uagb_featured_image_src":{"full":["https:\/\/rms-enlinea.com.ar\/wp-content\/uploads\/2025\/06\/D_820262-MLA74780212803_022024-F.jpg",1040,450,false],"thumbnail":["https:\/\/rms-enlinea.com.ar\/wp-content\/uploads\/2025\/06\/D_820262-MLA74780212803_022024-F-150x150.jpg",150,150,true],"medium":["https:\/\/rms-enlinea.com.ar\/wp-content\/uploads\/2025\/06\/D_820262-MLA74780212803_022024-F-300x130.jpg",300,130,true],"medium_large":["https:\/\/rms-enlinea.com.ar\/wp-content\/uploads\/2025\/06\/D_820262-MLA74780212803_022024-F-768x332.jpg",768,332,true],"large":["https:\/\/rms-enlinea.com.ar\/wp-content\/uploads\/2025\/06\/D_820262-MLA74780212803_022024-F-1024x443.jpg",1024,443,true],"1536x1536":["https:\/\/rms-enlinea.com.ar\/wp-content\/uploads\/2025\/06\/D_820262-MLA74780212803_022024-F.jpg",1040,450,false],"2048x2048":["https:\/\/rms-enlinea.com.ar\/wp-content\/uploads\/2025\/06\/D_820262-MLA74780212803_022024-F.jpg",1040,450,false],"woocommerce_thumbnail":["https:\/\/rms-enlinea.com.ar\/wp-content\/uploads\/2025\/06\/D_820262-MLA74780212803_022024-F-450x450.jpg",450,450,true],"woocommerce_single":["https:\/\/rms-enlinea.com.ar\/wp-content\/uploads\/2025\/06\/D_820262-MLA74780212803_022024-F-600x260.jpg",600,260,true],"woocommerce_gallery_thumbnail":["https:\/\/rms-enlinea.com.ar\/wp-content\/uploads\/2025\/06\/D_820262-MLA74780212803_022024-F-100x100.jpg",100,100,true]},"uagb_author_info":{"display_name":"nelson","author_link":"https:\/\/rms-enlinea.com.ar\/tienda\/author\/"},"uagb_comment_info":0,"uagb_excerpt":"DIMENSIONES Altura: 138,47 mm Ancho: 321,2 mm Profundidad: 35,4 mm Peso (con bater\u00edas): 779 g REQUISITOS DEL SISTEMA Tecnolog\u00eda inal\u00e1mbrica Bluetooth de bajo consumo Requiere: Bluetooth Low Energy Windows \u00ae 10,11 o posterior macOS 10.15 o posterior iPadOS 13.4 o posterior iOS 11 o posterior Chrome OS\u2122 Android 8 o posterior Receptor USB Logi Bolt&hellip;","_links":{"self":[{"href":"https:\/\/rms-enlinea.com.ar\/tienda\/wp-json\/wp\/v2\/product\/54298","targetHints":{"allow":["GET"]}}],"collection":[{"href":"https:\/\/rms-enlinea.com.ar\/tienda\/wp-json\/wp\/v2\/product"}],"about":[{"href":"https:\/\/rms-enlinea.com.ar\/tienda\/wp-json\/wp\/v2\/types\/product"}],"replies":[{"embeddable":true,"href":"https:\/\/rms-enlinea.com.ar\/tienda\/wp-json\/wp\/v2\/comments?post=54298"}],"wp:featuredmedia":[{"embeddable":true,"href":"https:\/\/rms-enlinea.com.ar\/tienda\/wp-json\/wp\/v2\/media\/6923"}],"wp:attachment":[{"href":"https:\/\/rms-enlinea.com.ar\/tienda\/wp-json\/wp\/v2\/media?parent=54298"}],"wp:term":[{"taxonomy":"product_brand","embeddable":true,"href":"https:\/\/rms-enlinea.com.ar\/tienda\/wp-json\/wp\/v2\/product_brand?post=54298"},{"taxonomy":"product_cat","embeddable":true,"href":"https:\/\/rms-enlinea.com.ar\/tienda\/wp-json\/wp\/v2\/product_cat?post=54298"},{"taxonomy":"product_tag","embeddable":true,"href":"https:\/\/rms-enlinea.com.ar\/tienda\/wp-json\/wp\/v2\/product_tag?post=54298"}],"curies":[{"name":"wp","href":"https:\/\/api.w.org\/{rel}","templated":true}]}}