{"id":54303,"date":"2025-08-14T18:40:16","date_gmt":"2025-08-14T21:40:16","guid":{"rendered":"https:\/\/rms-enlinea.com.ar\/tienda\/producto\/mouse-logitech-g703-gaming-lightspeed-wireless-12000-dpi\/"},"modified":"2026-04-06T11:50:57","modified_gmt":"2026-04-06T14:50:57","slug":"mouse-logitech-g703-gaming-lightspeed-wireless-12000-dpi","status":"publish","type":"product","link":"https:\/\/rms-enlinea.com.ar\/tienda\/producto\/mouse-logitech-g703-gaming-lightspeed-wireless-12000-dpi\/","title":{"rendered":"Mouse Logitech G703 Gaming Lightspeed Wireless 12000 Dpi"},"content":{"rendered":"<p>ESPECIFICACIONES F\u00cdSICAS<br \/>\nAltura: 124 mm<br \/>\nAnchura: 68 mm<br \/>\nProfundidad: 43 mm<br \/>\nPeso: 107 g, s\u00f3lo mouse<br \/>\nPesa opcional: 10 g<br \/>\nLongitud de cable: 1,80 m<br \/>\nSEGUIMIENTO<br \/>\nSensor: PMW3366<br \/>\nResoluci\u00f3n: 200 \u2013 12.000 dpi<br \/>\nSin suavizado\/aceleraci\u00f3n\/filtros<br \/>\nAceleraci\u00f3n m\u00e1xima: probada a &gt;40 G5Pruebas realizadas sobre alfombrilla de mouse Logitech G240 para juegos<br \/>\nVelocidad m\u00e1x.: probada a &gt;400 ips6Pruebas realizadas sobre alfombrilla de mouse Logitech G240 para juegos<br \/>\nRESPUESTA<br \/>\nFormato de datos USB: 16 bits\/eje<br \/>\nVelocidad de respuesta USB: 1000 Hz (1 ms)<br \/>\nVelocidad de respuesta inal\u00e1mbrica: 1.000 Hz (1 ms)<br \/>\nTecnolog\u00eda inal\u00e1mbrica: LIGHTSPEED<br \/>\nMicroprocesador: 32 bits ARM<br \/>\nDURABILIDAD<br \/>\nBotones principales: 50 millones de clicks<br \/>\nPies de PTFE: 250 kil\u00f3metros<br \/>\nDURACI\u00d3N DE LAS BATER\u00cdAS 7LA DURACI\u00d3N DE LAS BATER\u00cdA DEPENDE DEL USUARIO, LAS CARACTER\u00cdSTICAS DE DESCARGA Y LOS DISPOSITIVOS<br \/>\nCon iluminaci\u00f3n predeterminada: 24 horas<br \/>\nSin iluminaci\u00f3n: 32 horas<br \/>\nOTRAS FUNCIONES<br \/>\nCompatible con POWERPLAY<br \/>\nMemoria integrada: 3 perfiles<br \/>\nRGB LIGHTSYNC: 2 zonas<br \/>\nSistema mec\u00e1nico de tensi\u00f3n de botones<br \/>\nREQUISITOS<br \/>\nWindows\u00ae 7 o posteriores<br \/>\nmacOS\u00ae 10.11 o posteriores<br \/>\nChrome OS\u2122<br \/>\nPuerto USB<\/p>\n","protected":false},"excerpt":{"rendered":"<p>ESPECIFICACIONES F\u00cdSICAS Altura: 124 mm Anchura: 68 mm Profundidad: 43 mm Peso: 107 g, s\u00f3lo mouse Pesa opcional: 10 g Longitud de cable: 1,80 m SEGUIMIENTO Sensor: PMW3366 Resoluci\u00f3n: 200 \u2013 12.000 dpi Sin suavizado\/aceleraci\u00f3n\/filtros Aceleraci\u00f3n m\u00e1xima: probada a &gt;40 G5Pruebas realizadas sobre alfombrilla de mouse Logitech G240 para juegos Velocidad m\u00e1x.: probada a &gt;400 [&hellip;]<\/p>\n","protected":false},"featured_media":54304,"comment_status":"open","ping_status":"closed","template":"","meta":{"_uag_custom_page_level_css":""},"product_brand":[549],"product_cat":[125],"product_tag":[],"class_list":{"0":"post-54303","1":"product","2":"type-product","3":"status-publish","4":"has-post-thumbnail","6":"product_brand-logitech","7":"product_cat-teclados-y-mouses","9":"first","10":"outofstock","11":"sale","12":"taxable","13":"shipping-taxable","14":"purchasable","15":"product-type-simple"},"uagb_featured_image_src":{"full":["https:\/\/rms-enlinea.com.ar\/wp-content\/uploads\/2025\/08\/D_819406-MLA89757195156_082025-F.jpg",642,1180,false],"thumbnail":["https:\/\/rms-enlinea.com.ar\/wp-content\/uploads\/2025\/08\/D_819406-MLA89757195156_082025-F-150x150.jpg",150,150,true],"medium":["https:\/\/rms-enlinea.com.ar\/wp-content\/uploads\/2025\/08\/D_819406-MLA89757195156_082025-F-163x300.jpg",163,300,true],"medium_large":["https:\/\/rms-enlinea.com.ar\/wp-content\/uploads\/2025\/08\/D_819406-MLA89757195156_082025-F.jpg",642,1180,false],"large":["https:\/\/rms-enlinea.com.ar\/wp-content\/uploads\/2025\/08\/D_819406-MLA89757195156_082025-F-557x1024.jpg",557,1024,true],"1536x1536":["https:\/\/rms-enlinea.com.ar\/wp-content\/uploads\/2025\/08\/D_819406-MLA89757195156_082025-F.jpg",642,1180,false],"2048x2048":["https:\/\/rms-enlinea.com.ar\/wp-content\/uploads\/2025\/08\/D_819406-MLA89757195156_082025-F.jpg",642,1180,false],"woocommerce_thumbnail":["https:\/\/rms-enlinea.com.ar\/wp-content\/uploads\/2025\/08\/D_819406-MLA89757195156_082025-F-450x450.jpg",450,450,true],"woocommerce_single":["https:\/\/rms-enlinea.com.ar\/wp-content\/uploads\/2025\/08\/D_819406-MLA89757195156_082025-F-600x1103.jpg",600,1103,true],"woocommerce_gallery_thumbnail":["https:\/\/rms-enlinea.com.ar\/wp-content\/uploads\/2025\/08\/D_819406-MLA89757195156_082025-F-100x100.jpg",100,100,true]},"uagb_author_info":{"display_name":"nelson","author_link":"https:\/\/rms-enlinea.com.ar\/tienda\/author\/"},"uagb_comment_info":0,"uagb_excerpt":"ESPECIFICACIONES F\u00cdSICAS Altura: 124 mm Anchura: 68 mm Profundidad: 43 mm Peso: 107 g, s\u00f3lo mouse Pesa opcional: 10 g Longitud de cable: 1,80 m SEGUIMIENTO Sensor: PMW3366 Resoluci\u00f3n: 200 \u2013 12.000 dpi Sin suavizado\/aceleraci\u00f3n\/filtros Aceleraci\u00f3n m\u00e1xima: probada a &gt;40 G5Pruebas realizadas sobre alfombrilla de mouse Logitech G240 para juegos Velocidad m\u00e1x.: probada a &gt;400&hellip;","_links":{"self":[{"href":"https:\/\/rms-enlinea.com.ar\/tienda\/wp-json\/wp\/v2\/product\/54303","targetHints":{"allow":["GET"]}}],"collection":[{"href":"https:\/\/rms-enlinea.com.ar\/tienda\/wp-json\/wp\/v2\/product"}],"about":[{"href":"https:\/\/rms-enlinea.com.ar\/tienda\/wp-json\/wp\/v2\/types\/product"}],"replies":[{"embeddable":true,"href":"https:\/\/rms-enlinea.com.ar\/tienda\/wp-json\/wp\/v2\/comments?post=54303"}],"wp:featuredmedia":[{"embeddable":true,"href":"https:\/\/rms-enlinea.com.ar\/tienda\/wp-json\/wp\/v2\/media\/54304"}],"wp:attachment":[{"href":"https:\/\/rms-enlinea.com.ar\/tienda\/wp-json\/wp\/v2\/media?parent=54303"}],"wp:term":[{"taxonomy":"product_brand","embeddable":true,"href":"https:\/\/rms-enlinea.com.ar\/tienda\/wp-json\/wp\/v2\/product_brand?post=54303"},{"taxonomy":"product_cat","embeddable":true,"href":"https:\/\/rms-enlinea.com.ar\/tienda\/wp-json\/wp\/v2\/product_cat?post=54303"},{"taxonomy":"product_tag","embeddable":true,"href":"https:\/\/rms-enlinea.com.ar\/tienda\/wp-json\/wp\/v2\/product_tag?post=54303"}],"curies":[{"name":"wp","href":"https:\/\/api.w.org\/{rel}","templated":true}]}}