{"id":54373,"date":"2025-08-18T23:20:05","date_gmt":"2025-08-19T02:20:05","guid":{"rendered":"https:\/\/rms-enlinea.com.ar\/tienda\/producto\/proyector-portatil-epson-co-w01-wxga-3000-lumens-1080p\/"},"modified":"2026-03-22T16:50:09","modified_gmt":"2026-03-22T19:50:09","slug":"proyector-portatil-epson-co-w01-wxga-3000-lumens-1080p","status":"publish","type":"product","link":"https:\/\/rms-enlinea.com.ar\/tienda\/producto\/proyector-portatil-epson-co-w01-wxga-3000-lumens-1080p\/","title":{"rendered":"Proyector Portatil Epson Co-w01 Wxga 3000 Lumens 1080p"},"content":{"rendered":"<p>Descripci\u00f3n del producto \tEpson EpiqVision Flex CO-W01 &#8211; proyector 3LCD &#8211; port\u00e1til <br \/>Tipo de dispositivo \tProyector 3LCD<\/p>\n<p>Brillo (Blanco) \t3000 l\u00famenes <br \/>Brillo (Color) \t3000 l\u00famenes <br \/>Resoluci\u00f3n \tWXGA (1280 x 800) <br \/>Relaci\u00f3n de aspecto nativa \t16:10 <br \/>Admite color \t16,77 millones de colores <br \/>Tipo de l\u00e1mpara \tUHE 188 vatios <br \/>Ciclo de vida \u00fatil l\u00e1mpara \tHasta 6000 hora(s) &#8211; modo normal<br \/>Hasta 12000 hora(s) &#8211; modo econ\u00f3mico <br \/>Modos de v\u00eddeo \t720p, 1080i, 1080p <br \/>Altavoces \tAltavoces &#8211; integrado <br \/>Alimentaci\u00f3n \tCA 100-240 V (50\/60 Hz) <br \/>Consumo el\u00e9ctrico en funcionamiento \t284 vatios <br \/>Dimensiones (Ancho x Profundidad x Altura) \t295 x 82 x 211 mm<br \/>Peso \t2.4 kg<\/p>\n","protected":false},"excerpt":{"rendered":"<p>Descripci\u00f3n del producto Epson EpiqVision Flex CO-W01 &#8211; proyector 3LCD &#8211; port\u00e1til Tipo de dispositivo Proyector 3LCD Brillo (Blanco) 3000 l\u00famenes Brillo (Color) 3000 l\u00famenes Resoluci\u00f3n WXGA (1280 x 800) Relaci\u00f3n de aspecto nativa 16:10 Admite color 16,77 millones de colores Tipo de l\u00e1mpara UHE 188 vatios Ciclo de vida \u00fatil l\u00e1mpara Hasta 6000 hora(s) [&hellip;]<\/p>\n","protected":false},"featured_media":54374,"comment_status":"open","ping_status":"closed","template":"","meta":{"_uag_custom_page_level_css":""},"product_brand":[553],"product_cat":[615],"product_tag":[],"class_list":{"0":"post-54373","1":"product","2":"type-product","3":"status-publish","4":"has-post-thumbnail","6":"product_brand-epson","7":"product_cat-proyectores","9":"first","10":"instock","11":"sale","12":"taxable","13":"shipping-taxable","14":"purchasable","15":"product-type-simple"},"uagb_featured_image_src":{"full":["https:\/\/rms-enlinea.com.ar\/wp-content\/uploads\/2025\/08\/D_730152-MLA89931255748_082025-F.jpg",1115,469,false],"thumbnail":["https:\/\/rms-enlinea.com.ar\/wp-content\/uploads\/2025\/08\/D_730152-MLA89931255748_082025-F-150x150.jpg",150,150,true],"medium":["https:\/\/rms-enlinea.com.ar\/wp-content\/uploads\/2025\/08\/D_730152-MLA89931255748_082025-F-300x126.jpg",300,126,true],"medium_large":["https:\/\/rms-enlinea.com.ar\/wp-content\/uploads\/2025\/08\/D_730152-MLA89931255748_082025-F-768x323.jpg",768,323,true],"large":["https:\/\/rms-enlinea.com.ar\/wp-content\/uploads\/2025\/08\/D_730152-MLA89931255748_082025-F-1024x431.jpg",1024,431,true],"1536x1536":["https:\/\/rms-enlinea.com.ar\/wp-content\/uploads\/2025\/08\/D_730152-MLA89931255748_082025-F.jpg",1115,469,false],"2048x2048":["https:\/\/rms-enlinea.com.ar\/wp-content\/uploads\/2025\/08\/D_730152-MLA89931255748_082025-F.jpg",1115,469,false],"woocommerce_thumbnail":["https:\/\/rms-enlinea.com.ar\/wp-content\/uploads\/2025\/08\/D_730152-MLA89931255748_082025-F-450x450.jpg",450,450,true],"woocommerce_single":["https:\/\/rms-enlinea.com.ar\/wp-content\/uploads\/2025\/08\/D_730152-MLA89931255748_082025-F-600x252.jpg",600,252,true],"woocommerce_gallery_thumbnail":["https:\/\/rms-enlinea.com.ar\/wp-content\/uploads\/2025\/08\/D_730152-MLA89931255748_082025-F-100x100.jpg",100,100,true]},"uagb_author_info":{"display_name":"nelson","author_link":"https:\/\/rms-enlinea.com.ar\/tienda\/author\/"},"uagb_comment_info":0,"uagb_excerpt":"Descripci\u00f3n del producto Epson EpiqVision Flex CO-W01 &#8211; proyector 3LCD &#8211; port\u00e1til Tipo de dispositivo Proyector 3LCD Brillo (Blanco) 3000 l\u00famenes Brillo (Color) 3000 l\u00famenes Resoluci\u00f3n WXGA (1280 x 800) Relaci\u00f3n de aspecto nativa 16:10 Admite color 16,77 millones de colores Tipo de l\u00e1mpara UHE 188 vatios Ciclo de vida \u00fatil l\u00e1mpara Hasta 6000 hora(s)&hellip;","_links":{"self":[{"href":"https:\/\/rms-enlinea.com.ar\/tienda\/wp-json\/wp\/v2\/product\/54373","targetHints":{"allow":["GET"]}}],"collection":[{"href":"https:\/\/rms-enlinea.com.ar\/tienda\/wp-json\/wp\/v2\/product"}],"about":[{"href":"https:\/\/rms-enlinea.com.ar\/tienda\/wp-json\/wp\/v2\/types\/product"}],"replies":[{"embeddable":true,"href":"https:\/\/rms-enlinea.com.ar\/tienda\/wp-json\/wp\/v2\/comments?post=54373"}],"wp:featuredmedia":[{"embeddable":true,"href":"https:\/\/rms-enlinea.com.ar\/tienda\/wp-json\/wp\/v2\/media\/54374"}],"wp:attachment":[{"href":"https:\/\/rms-enlinea.com.ar\/tienda\/wp-json\/wp\/v2\/media?parent=54373"}],"wp:term":[{"taxonomy":"product_brand","embeddable":true,"href":"https:\/\/rms-enlinea.com.ar\/tienda\/wp-json\/wp\/v2\/product_brand?post=54373"},{"taxonomy":"product_cat","embeddable":true,"href":"https:\/\/rms-enlinea.com.ar\/tienda\/wp-json\/wp\/v2\/product_cat?post=54373"},{"taxonomy":"product_tag","embeddable":true,"href":"https:\/\/rms-enlinea.com.ar\/tienda\/wp-json\/wp\/v2\/product_tag?post=54373"}],"curies":[{"name":"wp","href":"https:\/\/api.w.org\/{rel}","templated":true}]}}