{"id":54396,"date":"2025-08-19T12:21:20","date_gmt":"2025-08-19T15:21:20","guid":{"rendered":"https:\/\/rms-enlinea.com.ar\/tienda\/producto\/teclado-gamer-razer-huntsman-mini-60-sw-purple-optico-esp\/"},"modified":"2026-04-21T05:03:12","modified_gmt":"2026-04-21T08:03:12","slug":"teclado-gamer-razer-huntsman-mini-60-sw-purple-optico-esp","status":"publish","type":"product","link":"https:\/\/rms-enlinea.com.ar\/tienda\/producto\/teclado-gamer-razer-huntsman-mini-60-sw-purple-optico-esp\/","title":{"rendered":"Teclado Gamer Razer Huntsman Mini 60% Sw Purple Optico Esp"},"content":{"rendered":"<p>TIPO DE SWITCH<br \/>\nSwitch \u00f3ptico con sonido de click Razer\u2122<br \/>\nKEY FEEL Ligera y clicky<br \/>\nDIMENSIONES 60%<br \/>\nLIGHTING Retroiluminaci\u00f3n Chroma con 16,8 millones de opciones de color personalizables.<br \/>\nAPOYO PARA LA MU\u00d1ECA<br \/>\nNinguna<br \/>\nONBOARD MEMORY Almacenamiento h\u00edbrido integrado con capacidad para hasta cinco perfiles de atajos de teclado<br \/>\nTECLAS MULTIMEDIA Ninguna<br \/>\nPASSTHROUGH Ninguna<br \/>\nCONECTIVIDAD Por Cable &#8211; Cable de desmontable USB-C<br \/>\nKEYCAPS Teclas de PBT de doble inyecci\u00f3n<\/p>\n","protected":false},"excerpt":{"rendered":"<p>TIPO DE SWITCH Switch \u00f3ptico con sonido de click Razer\u2122 KEY FEEL Ligera y clicky DIMENSIONES 60% LIGHTING Retroiluminaci\u00f3n Chroma con 16,8 millones de opciones de color personalizables. APOYO PARA LA MU\u00d1ECA Ninguna ONBOARD MEMORY Almacenamiento h\u00edbrido integrado con capacidad para hasta cinco perfiles de atajos de teclado TECLAS MULTIMEDIA Ninguna PASSTHROUGH Ninguna CONECTIVIDAD Por [&hellip;]<\/p>\n","protected":false},"featured_media":27367,"comment_status":"open","ping_status":"closed","template":"","meta":{"_uag_custom_page_level_css":""},"product_brand":[559],"product_cat":[125],"product_tag":[],"class_list":{"0":"post-54396","1":"product","2":"type-product","3":"status-publish","4":"has-post-thumbnail","6":"product_brand-razer","7":"product_cat-teclados-y-mouses","9":"first","10":"outofstock","11":"sale","12":"taxable","13":"shipping-taxable","14":"purchasable","15":"product-type-simple"},"uagb_featured_image_src":{"full":["https:\/\/rms-enlinea.com.ar\/wp-content\/uploads\/2025\/06\/D_674778-MLU70461475778_072023-F.jpg",500,378,false],"thumbnail":["https:\/\/rms-enlinea.com.ar\/wp-content\/uploads\/2025\/06\/D_674778-MLU70461475778_072023-F-150x150.jpg",150,150,true],"medium":["https:\/\/rms-enlinea.com.ar\/wp-content\/uploads\/2025\/06\/D_674778-MLU70461475778_072023-F-300x227.jpg",300,227,true],"medium_large":["https:\/\/rms-enlinea.com.ar\/wp-content\/uploads\/2025\/06\/D_674778-MLU70461475778_072023-F.jpg",500,378,false],"large":["https:\/\/rms-enlinea.com.ar\/wp-content\/uploads\/2025\/06\/D_674778-MLU70461475778_072023-F.jpg",500,378,false],"1536x1536":["https:\/\/rms-enlinea.com.ar\/wp-content\/uploads\/2025\/06\/D_674778-MLU70461475778_072023-F.jpg",500,378,false],"2048x2048":["https:\/\/rms-enlinea.com.ar\/wp-content\/uploads\/2025\/06\/D_674778-MLU70461475778_072023-F.jpg",500,378,false],"woocommerce_thumbnail":["https:\/\/rms-enlinea.com.ar\/wp-content\/uploads\/2025\/06\/D_674778-MLU70461475778_072023-F-450x378.jpg",450,378,true],"woocommerce_single":["https:\/\/rms-enlinea.com.ar\/wp-content\/uploads\/2025\/06\/D_674778-MLU70461475778_072023-F.jpg",500,378,false],"woocommerce_gallery_thumbnail":["https:\/\/rms-enlinea.com.ar\/wp-content\/uploads\/2025\/06\/D_674778-MLU70461475778_072023-F-100x100.jpg",100,100,true]},"uagb_author_info":{"display_name":"nelson","author_link":"https:\/\/rms-enlinea.com.ar\/tienda\/author\/"},"uagb_comment_info":0,"uagb_excerpt":"TIPO DE SWITCH Switch \u00f3ptico con sonido de click Razer\u2122 KEY FEEL Ligera y clicky DIMENSIONES 60% LIGHTING Retroiluminaci\u00f3n Chroma con 16,8 millones de opciones de color personalizables. APOYO PARA LA MU\u00d1ECA Ninguna ONBOARD MEMORY Almacenamiento h\u00edbrido integrado con capacidad para hasta cinco perfiles de atajos de teclado TECLAS MULTIMEDIA Ninguna PASSTHROUGH Ninguna CONECTIVIDAD Por&hellip;","_links":{"self":[{"href":"https:\/\/rms-enlinea.com.ar\/tienda\/wp-json\/wp\/v2\/product\/54396","targetHints":{"allow":["GET"]}}],"collection":[{"href":"https:\/\/rms-enlinea.com.ar\/tienda\/wp-json\/wp\/v2\/product"}],"about":[{"href":"https:\/\/rms-enlinea.com.ar\/tienda\/wp-json\/wp\/v2\/types\/product"}],"replies":[{"embeddable":true,"href":"https:\/\/rms-enlinea.com.ar\/tienda\/wp-json\/wp\/v2\/comments?post=54396"}],"wp:featuredmedia":[{"embeddable":true,"href":"https:\/\/rms-enlinea.com.ar\/tienda\/wp-json\/wp\/v2\/media\/27367"}],"wp:attachment":[{"href":"https:\/\/rms-enlinea.com.ar\/tienda\/wp-json\/wp\/v2\/media?parent=54396"}],"wp:term":[{"taxonomy":"product_brand","embeddable":true,"href":"https:\/\/rms-enlinea.com.ar\/tienda\/wp-json\/wp\/v2\/product_brand?post=54396"},{"taxonomy":"product_cat","embeddable":true,"href":"https:\/\/rms-enlinea.com.ar\/tienda\/wp-json\/wp\/v2\/product_cat?post=54396"},{"taxonomy":"product_tag","embeddable":true,"href":"https:\/\/rms-enlinea.com.ar\/tienda\/wp-json\/wp\/v2\/product_tag?post=54396"}],"curies":[{"name":"wp","href":"https:\/\/api.w.org\/{rel}","templated":true}]}}