{"id":54410,"date":"2025-08-19T13:21:28","date_gmt":"2025-08-19T16:21:28","guid":{"rendered":"https:\/\/rms-enlinea.com.ar\/tienda\/producto\/memoria-gskill-trident-z-ddr4-16gb-3600mhz-rgb-neo-2x8gb\/"},"modified":"2026-05-04T11:11:03","modified_gmt":"2026-05-04T14:11:03","slug":"memoria-gskill-trident-z-ddr4-16gb-3600mhz-rgb-neo-2x8gb","status":"publish","type":"product","link":"https:\/\/rms-enlinea.com.ar\/tienda\/producto\/memoria-gskill-trident-z-ddr4-16gb-3600mhz-rgb-neo-2x8gb\/","title":{"rendered":"Memoria Gskill Trident Z Ddr4 16gb 3600mhz Rgb Neo 2x8gb"},"content":{"rendered":"<p>Aplicaci\u00f3n Computadoras de escritorio<br \/>Marca G.Skill<br \/>Latencia CAS 18<br \/>C\u00f3digo universal de producto 848354033646<br \/>L\u00ednea Trident Z Neo<br \/>Formato UDIMM<br \/>M\u00f3dulos de memoria 2 x 8 GB<br \/>Tecnolog\u00eda DDR4<br \/>Modelo F4-3600C18D-16GTZN<br \/>Cantidad de pines 288<br \/>Velocidad 3600 MHz<br \/>Voltaje de alimentaci\u00f3n 1.35V<\/p>\n","protected":false},"excerpt":{"rendered":"<p>Aplicaci\u00f3n Computadoras de escritorioMarca G.SkillLatencia CAS 18C\u00f3digo universal de producto 848354033646L\u00ednea Trident Z NeoFormato UDIMMM\u00f3dulos de memoria 2 x 8 GBTecnolog\u00eda DDR4Modelo F4-3600C18D-16GTZNCantidad de pines 288Velocidad 3600 MHzVoltaje de alimentaci\u00f3n 1.35V<\/p>\n","protected":false},"featured_media":3866,"comment_status":"open","ping_status":"closed","template":"","meta":{"_uag_custom_page_level_css":""},"product_brand":[632],"product_cat":[112],"product_tag":[],"class_list":{"0":"post-54410","1":"product","2":"type-product","3":"status-publish","4":"has-post-thumbnail","6":"product_brand-tridentgskill","7":"product_cat-mamorias","9":"first","10":"outofstock","11":"sale","12":"taxable","13":"shipping-taxable","14":"purchasable","15":"product-type-simple"},"uagb_featured_image_src":{"full":["https:\/\/rms-enlinea.com.ar\/wp-content\/uploads\/2025\/06\/D_601816-MLA41463411013_042020-F.jpg",1200,738,false],"thumbnail":["https:\/\/rms-enlinea.com.ar\/wp-content\/uploads\/2025\/06\/D_601816-MLA41463411013_042020-F-150x150.jpg",150,150,true],"medium":["https:\/\/rms-enlinea.com.ar\/wp-content\/uploads\/2025\/06\/D_601816-MLA41463411013_042020-F-300x185.jpg",300,185,true],"medium_large":["https:\/\/rms-enlinea.com.ar\/wp-content\/uploads\/2025\/06\/D_601816-MLA41463411013_042020-F-768x472.jpg",768,472,true],"large":["https:\/\/rms-enlinea.com.ar\/wp-content\/uploads\/2025\/06\/D_601816-MLA41463411013_042020-F-1024x630.jpg",1024,630,true],"1536x1536":["https:\/\/rms-enlinea.com.ar\/wp-content\/uploads\/2025\/06\/D_601816-MLA41463411013_042020-F.jpg",1200,738,false],"2048x2048":["https:\/\/rms-enlinea.com.ar\/wp-content\/uploads\/2025\/06\/D_601816-MLA41463411013_042020-F.jpg",1200,738,false],"woocommerce_thumbnail":["https:\/\/rms-enlinea.com.ar\/wp-content\/uploads\/2025\/06\/D_601816-MLA41463411013_042020-F-450x450.jpg",450,450,true],"woocommerce_single":["https:\/\/rms-enlinea.com.ar\/wp-content\/uploads\/2025\/06\/D_601816-MLA41463411013_042020-F-600x369.jpg",600,369,true],"woocommerce_gallery_thumbnail":["https:\/\/rms-enlinea.com.ar\/wp-content\/uploads\/2025\/06\/D_601816-MLA41463411013_042020-F-100x100.jpg",100,100,true]},"uagb_author_info":{"display_name":"nelson","author_link":"https:\/\/rms-enlinea.com.ar\/tienda\/author\/"},"uagb_comment_info":0,"uagb_excerpt":"Aplicaci\u00f3n Computadoras de escritorioMarca G.SkillLatencia CAS 18C\u00f3digo universal de producto 848354033646L\u00ednea Trident Z NeoFormato UDIMMM\u00f3dulos de memoria 2 x 8 GBTecnolog\u00eda DDR4Modelo F4-3600C18D-16GTZNCantidad de pines 288Velocidad 3600 MHzVoltaje de alimentaci\u00f3n 1.35V","_links":{"self":[{"href":"https:\/\/rms-enlinea.com.ar\/tienda\/wp-json\/wp\/v2\/product\/54410","targetHints":{"allow":["GET"]}}],"collection":[{"href":"https:\/\/rms-enlinea.com.ar\/tienda\/wp-json\/wp\/v2\/product"}],"about":[{"href":"https:\/\/rms-enlinea.com.ar\/tienda\/wp-json\/wp\/v2\/types\/product"}],"replies":[{"embeddable":true,"href":"https:\/\/rms-enlinea.com.ar\/tienda\/wp-json\/wp\/v2\/comments?post=54410"}],"wp:featuredmedia":[{"embeddable":true,"href":"https:\/\/rms-enlinea.com.ar\/tienda\/wp-json\/wp\/v2\/media\/3866"}],"wp:attachment":[{"href":"https:\/\/rms-enlinea.com.ar\/tienda\/wp-json\/wp\/v2\/media?parent=54410"}],"wp:term":[{"taxonomy":"product_brand","embeddable":true,"href":"https:\/\/rms-enlinea.com.ar\/tienda\/wp-json\/wp\/v2\/product_brand?post=54410"},{"taxonomy":"product_cat","embeddable":true,"href":"https:\/\/rms-enlinea.com.ar\/tienda\/wp-json\/wp\/v2\/product_cat?post=54410"},{"taxonomy":"product_tag","embeddable":true,"href":"https:\/\/rms-enlinea.com.ar\/tienda\/wp-json\/wp\/v2\/product_tag?post=54410"}],"curies":[{"name":"wp","href":"https:\/\/api.w.org\/{rel}","templated":true}]}}