{"id":54411,"date":"2025-08-19T13:21:40","date_gmt":"2025-08-19T16:21:40","guid":{"rendered":"https:\/\/rms-enlinea.com.ar\/tienda\/producto\/memoria-gskill-trident-z-rgb-16gb-3600mhz-2x8gb-ddr4-c19\/"},"modified":"2026-05-04T10:52:37","modified_gmt":"2026-05-04T13:52:37","slug":"memoria-gskill-trident-z-rgb-16gb-3600mhz-2x8gb-ddr4-c19","status":"publish","type":"product","link":"https:\/\/rms-enlinea.com.ar\/tienda\/producto\/memoria-gskill-trident-z-rgb-16gb-3600mhz-2x8gb-ddr4-c19\/","title":{"rendered":"Memoria Gskill Trident Z Rgb 16gb 3600mhz 2x8gb Ddr4 C19"},"content":{"rendered":"<p>Aplicaci\u00f3n Computadoras de escritorio<br \/>Marca G.Skill<br \/>Color Negro<br \/>C\u00f3digo universal de producto 4713294220967<br \/>Es gamer S\u00ed<br \/>L\u00ednea Trident Z RGB<br \/>M\u00f3dulos de memoria 2 x 8 GB<br \/>Tecnolog\u00eda DDR4 SDRAM<br \/>Modelo F4-3600C19D-16GTZRB<br \/>Velocidad 3600 MHz<br \/>Capacidad total 16 GB<\/p>\n","protected":false},"excerpt":{"rendered":"<p>Aplicaci\u00f3n Computadoras de escritorioMarca G.SkillColor NegroC\u00f3digo universal de producto 4713294220967Es gamer S\u00edL\u00ednea Trident Z RGBM\u00f3dulos de memoria 2 x 8 GBTecnolog\u00eda DDR4 SDRAMModelo F4-3600C19D-16GTZRBVelocidad 3600 MHzCapacidad total 16 GB<\/p>\n","protected":false},"featured_media":54412,"comment_status":"open","ping_status":"closed","template":"","meta":{"_uag_custom_page_level_css":""},"product_brand":[632],"product_cat":[112],"product_tag":[],"class_list":{"0":"post-54411","1":"product","2":"type-product","3":"status-publish","4":"has-post-thumbnail","6":"product_brand-tridentgskill","7":"product_cat-mamorias","9":"first","10":"outofstock","11":"sale","12":"taxable","13":"shipping-taxable","14":"purchasable","15":"product-type-simple"},"uagb_featured_image_src":{"full":["https:\/\/rms-enlinea.com.ar\/wp-content\/uploads\/2025\/08\/D_840266-MLA90059096686_082025-F.jpg",1173,767,false],"thumbnail":["https:\/\/rms-enlinea.com.ar\/wp-content\/uploads\/2025\/08\/D_840266-MLA90059096686_082025-F-150x150.jpg",150,150,true],"medium":["https:\/\/rms-enlinea.com.ar\/wp-content\/uploads\/2025\/08\/D_840266-MLA90059096686_082025-F-300x196.jpg",300,196,true],"medium_large":["https:\/\/rms-enlinea.com.ar\/wp-content\/uploads\/2025\/08\/D_840266-MLA90059096686_082025-F-768x502.jpg",768,502,true],"large":["https:\/\/rms-enlinea.com.ar\/wp-content\/uploads\/2025\/08\/D_840266-MLA90059096686_082025-F-1024x670.jpg",1024,670,true],"1536x1536":["https:\/\/rms-enlinea.com.ar\/wp-content\/uploads\/2025\/08\/D_840266-MLA90059096686_082025-F.jpg",1173,767,false],"2048x2048":["https:\/\/rms-enlinea.com.ar\/wp-content\/uploads\/2025\/08\/D_840266-MLA90059096686_082025-F.jpg",1173,767,false],"woocommerce_thumbnail":["https:\/\/rms-enlinea.com.ar\/wp-content\/uploads\/2025\/08\/D_840266-MLA90059096686_082025-F-450x450.jpg",450,450,true],"woocommerce_single":["https:\/\/rms-enlinea.com.ar\/wp-content\/uploads\/2025\/08\/D_840266-MLA90059096686_082025-F-600x392.jpg",600,392,true],"woocommerce_gallery_thumbnail":["https:\/\/rms-enlinea.com.ar\/wp-content\/uploads\/2025\/08\/D_840266-MLA90059096686_082025-F-100x100.jpg",100,100,true]},"uagb_author_info":{"display_name":"nelson","author_link":"https:\/\/rms-enlinea.com.ar\/tienda\/author\/"},"uagb_comment_info":0,"uagb_excerpt":"Aplicaci\u00f3n Computadoras de escritorioMarca G.SkillColor NegroC\u00f3digo universal de producto 4713294220967Es gamer S\u00edL\u00ednea Trident Z RGBM\u00f3dulos de memoria 2 x 8 GBTecnolog\u00eda DDR4 SDRAMModelo F4-3600C19D-16GTZRBVelocidad 3600 MHzCapacidad total 16 GB","_links":{"self":[{"href":"https:\/\/rms-enlinea.com.ar\/tienda\/wp-json\/wp\/v2\/product\/54411","targetHints":{"allow":["GET"]}}],"collection":[{"href":"https:\/\/rms-enlinea.com.ar\/tienda\/wp-json\/wp\/v2\/product"}],"about":[{"href":"https:\/\/rms-enlinea.com.ar\/tienda\/wp-json\/wp\/v2\/types\/product"}],"replies":[{"embeddable":true,"href":"https:\/\/rms-enlinea.com.ar\/tienda\/wp-json\/wp\/v2\/comments?post=54411"}],"wp:featuredmedia":[{"embeddable":true,"href":"https:\/\/rms-enlinea.com.ar\/tienda\/wp-json\/wp\/v2\/media\/54412"}],"wp:attachment":[{"href":"https:\/\/rms-enlinea.com.ar\/tienda\/wp-json\/wp\/v2\/media?parent=54411"}],"wp:term":[{"taxonomy":"product_brand","embeddable":true,"href":"https:\/\/rms-enlinea.com.ar\/tienda\/wp-json\/wp\/v2\/product_brand?post=54411"},{"taxonomy":"product_cat","embeddable":true,"href":"https:\/\/rms-enlinea.com.ar\/tienda\/wp-json\/wp\/v2\/product_cat?post=54411"},{"taxonomy":"product_tag","embeddable":true,"href":"https:\/\/rms-enlinea.com.ar\/tienda\/wp-json\/wp\/v2\/product_tag?post=54411"}],"curies":[{"name":"wp","href":"https:\/\/api.w.org\/{rel}","templated":true}]}}