{"id":54424,"date":"2025-08-19T19:40:22","date_gmt":"2025-08-19T22:40:22","guid":{"rendered":"https:\/\/rms-enlinea.com.ar\/tienda\/producto\/base-de-microfono-cuello-de-ganso-jts-st-5030\/"},"modified":"2026-03-15T17:06:59","modified_gmt":"2026-03-15T20:06:59","slug":"base-de-microfono-cuello-de-ganso-jts-st-5030","status":"publish","type":"product","link":"https:\/\/rms-enlinea.com.ar\/tienda\/producto\/base-de-microfono-cuello-de-ganso-jts-st-5030\/","title":{"rendered":"Base De Microfono Cuello De Ganso Jts St-5030"},"content":{"rendered":"<p>TIPO DE PRODUCTO: BASE PARA MICROFONO CUELLO DE GANSO<br \/>\nCARCASA: FUNDICION<br \/>\nCONECTOR: XLR HEMBRA<br \/>\nPOSEE INTERRUPTOR MAGN\u00c9TICO DE ENCENDIDO \/ APAGADO PERMITE UN M\u00cdNIMO RUIDO<br \/>\nCOJ\u00cdN ANTIDESLIZANTE PARA POSICION FIRME<br \/>\nINTERRUPTOR SELECCIONABLE<br \/>\nCOMPARTIMIENTO DE LA BATER\u00cdA EN CASO DE AUSENCIA PHANTOM POWER<\/p>\n","protected":false},"excerpt":{"rendered":"<p>TIPO DE PRODUCTO: BASE PARA MICROFONO CUELLO DE GANSO CARCASA: FUNDICION CONECTOR: XLR HEMBRA POSEE INTERRUPTOR MAGN\u00c9TICO DE ENCENDIDO \/ APAGADO PERMITE UN M\u00cdNIMO RUIDO COJ\u00cdN ANTIDESLIZANTE PARA POSICION FIRME INTERRUPTOR SELECCIONABLE COMPARTIMIENTO DE LA BATER\u00cdA EN CASO DE AUSENCIA PHANTOM POWER<\/p>\n","protected":false},"featured_media":37017,"comment_status":"open","ping_status":"closed","template":"","meta":{"_uag_custom_page_level_css":""},"product_brand":[488],"product_cat":[75,15],"product_tag":[],"class_list":{"0":"post-54424","1":"product","2":"type-product","3":"status-publish","4":"has-post-thumbnail","6":"product_brand-jts","7":"product_cat-microfonos","8":"product_cat-sin-categorizar","10":"first","11":"outofstock","12":"sale","13":"taxable","14":"shipping-taxable","15":"purchasable","16":"product-type-simple"},"uagb_featured_image_src":{"full":["https:\/\/rms-enlinea.com.ar\/wp-content\/uploads\/2025\/06\/D_604728-MLA50335517446_062022-F.jpg",880,616,false],"thumbnail":["https:\/\/rms-enlinea.com.ar\/wp-content\/uploads\/2025\/06\/D_604728-MLA50335517446_062022-F-150x150.jpg",150,150,true],"medium":["https:\/\/rms-enlinea.com.ar\/wp-content\/uploads\/2025\/06\/D_604728-MLA50335517446_062022-F-300x210.jpg",300,210,true],"medium_large":["https:\/\/rms-enlinea.com.ar\/wp-content\/uploads\/2025\/06\/D_604728-MLA50335517446_062022-F-768x538.jpg",768,538,true],"large":["https:\/\/rms-enlinea.com.ar\/wp-content\/uploads\/2025\/06\/D_604728-MLA50335517446_062022-F.jpg",880,616,false],"1536x1536":["https:\/\/rms-enlinea.com.ar\/wp-content\/uploads\/2025\/06\/D_604728-MLA50335517446_062022-F.jpg",880,616,false],"2048x2048":["https:\/\/rms-enlinea.com.ar\/wp-content\/uploads\/2025\/06\/D_604728-MLA50335517446_062022-F.jpg",880,616,false],"woocommerce_thumbnail":["https:\/\/rms-enlinea.com.ar\/wp-content\/uploads\/2025\/06\/D_604728-MLA50335517446_062022-F-450x450.jpg",450,450,true],"woocommerce_single":["https:\/\/rms-enlinea.com.ar\/wp-content\/uploads\/2025\/06\/D_604728-MLA50335517446_062022-F-600x420.jpg",600,420,true],"woocommerce_gallery_thumbnail":["https:\/\/rms-enlinea.com.ar\/wp-content\/uploads\/2025\/06\/D_604728-MLA50335517446_062022-F-100x100.jpg",100,100,true]},"uagb_author_info":{"display_name":"nelson","author_link":"https:\/\/rms-enlinea.com.ar\/tienda\/author\/"},"uagb_comment_info":0,"uagb_excerpt":"TIPO DE PRODUCTO: BASE PARA MICROFONO CUELLO DE GANSO CARCASA: FUNDICION CONECTOR: XLR HEMBRA POSEE INTERRUPTOR MAGN\u00c9TICO DE ENCENDIDO \/ APAGADO PERMITE UN M\u00cdNIMO RUIDO COJ\u00cdN ANTIDESLIZANTE PARA POSICION FIRME INTERRUPTOR SELECCIONABLE COMPARTIMIENTO DE LA BATER\u00cdA EN CASO DE AUSENCIA PHANTOM POWER","_links":{"self":[{"href":"https:\/\/rms-enlinea.com.ar\/tienda\/wp-json\/wp\/v2\/product\/54424","targetHints":{"allow":["GET"]}}],"collection":[{"href":"https:\/\/rms-enlinea.com.ar\/tienda\/wp-json\/wp\/v2\/product"}],"about":[{"href":"https:\/\/rms-enlinea.com.ar\/tienda\/wp-json\/wp\/v2\/types\/product"}],"replies":[{"embeddable":true,"href":"https:\/\/rms-enlinea.com.ar\/tienda\/wp-json\/wp\/v2\/comments?post=54424"}],"wp:featuredmedia":[{"embeddable":true,"href":"https:\/\/rms-enlinea.com.ar\/tienda\/wp-json\/wp\/v2\/media\/37017"}],"wp:attachment":[{"href":"https:\/\/rms-enlinea.com.ar\/tienda\/wp-json\/wp\/v2\/media?parent=54424"}],"wp:term":[{"taxonomy":"product_brand","embeddable":true,"href":"https:\/\/rms-enlinea.com.ar\/tienda\/wp-json\/wp\/v2\/product_brand?post=54424"},{"taxonomy":"product_cat","embeddable":true,"href":"https:\/\/rms-enlinea.com.ar\/tienda\/wp-json\/wp\/v2\/product_cat?post=54424"},{"taxonomy":"product_tag","embeddable":true,"href":"https:\/\/rms-enlinea.com.ar\/tienda\/wp-json\/wp\/v2\/product_tag?post=54424"}],"curies":[{"name":"wp","href":"https:\/\/api.w.org\/{rel}","templated":true}]}}