{"id":54426,"date":"2025-08-20T02:00:11","date_gmt":"2025-08-20T05:00:11","guid":{"rendered":"https:\/\/rms-enlinea.com.ar\/tienda\/producto\/mouse-inalambrico-gamer-corsair-m65-ultra-rgb-ch-9319411-na2\/"},"modified":"2026-03-31T16:38:33","modified_gmt":"2026-03-31T19:38:33","slug":"mouse-inalambrico-gamer-corsair-m65-ultra-rgb-ch-9319411-na2","status":"publish","type":"product","link":"https:\/\/rms-enlinea.com.ar\/tienda\/producto\/mouse-inalambrico-gamer-corsair-m65-ultra-rgb-ch-9319411-na2\/","title":{"rendered":"Mouse Inalambrico Gamer Corsair M65 Ultra Rgb Ch-9319411-na2"},"content":{"rendered":"<p>Peso en gramos 110<br \/>\nConectividad Inal\u00e1mbrico<br \/>\nAjuste de peso S\u00ed<br \/>\nTama\u00f1o de la mano Medio<br \/>\nTipo de agarre Garra<br \/>\nDuraci\u00f3n de la bater\u00eda 16 horas (m\u00edn.) de funcionamiento est\u00e1ndar y 24 horas (m\u00edn.) en espera<br \/>\nTasa de informe Seleccionable 2000 Hz\/1000 Hz\/500 Hz\/250 Hz\/125 Hz<br \/>\nTipo de juego Cualquier<br \/>\nTipo de bot\u00f3n del rat\u00f3n \u00d3ptico<br \/>\nMemoria integrada S\u00ed<br \/>\nRetroiluminaci\u00f3n del rat\u00f3n 1 zona RGB<br \/>\nG\u00e9nero del juego Cualquier<br \/>\nBotones de programa 8<br \/>\nDPI 26.000<br \/>\nContenido del paquete del rat\u00f3n Rat\u00f3n para juegos M65 RGB ULTRA INAL\u00c1MBRICO | Cable de carga y datos USB | Transceptor USB inal\u00e1mbrico | Pesos opcionales<br \/>\nCapacidad de peso Pesado<br \/>\nSoftware CUE Compatible con iCUE<\/p>\n","protected":false},"excerpt":{"rendered":"<p>Peso en gramos 110 Conectividad Inal\u00e1mbrico Ajuste de peso S\u00ed Tama\u00f1o de la mano Medio Tipo de agarre Garra Duraci\u00f3n de la bater\u00eda 16 horas (m\u00edn.) de funcionamiento est\u00e1ndar y 24 horas (m\u00edn.) en espera Tasa de informe Seleccionable 2000 Hz\/1000 Hz\/500 Hz\/250 Hz\/125 Hz Tipo de juego Cualquier Tipo de bot\u00f3n del rat\u00f3n \u00d3ptico [&hellip;]<\/p>\n","protected":false},"featured_media":54427,"comment_status":"open","ping_status":"closed","template":"","meta":{"_uag_custom_page_level_css":""},"product_brand":[555],"product_cat":[125],"product_tag":[],"class_list":{"0":"post-54426","1":"product","2":"type-product","3":"status-publish","4":"has-post-thumbnail","6":"product_brand-corsair","7":"product_cat-teclados-y-mouses","9":"first","10":"outofstock","11":"sale","12":"taxable","13":"shipping-taxable","14":"purchasable","15":"product-type-simple"},"uagb_featured_image_src":{"full":["https:\/\/rms-enlinea.com.ar\/wp-content\/uploads\/2025\/08\/D_740275-MLA89891465264_082025-F.jpg",779,1200,false],"thumbnail":["https:\/\/rms-enlinea.com.ar\/wp-content\/uploads\/2025\/08\/D_740275-MLA89891465264_082025-F-150x150.jpg",150,150,true],"medium":["https:\/\/rms-enlinea.com.ar\/wp-content\/uploads\/2025\/08\/D_740275-MLA89891465264_082025-F-195x300.jpg",195,300,true],"medium_large":["https:\/\/rms-enlinea.com.ar\/wp-content\/uploads\/2025\/08\/D_740275-MLA89891465264_082025-F-768x1183.jpg",768,1183,true],"large":["https:\/\/rms-enlinea.com.ar\/wp-content\/uploads\/2025\/08\/D_740275-MLA89891465264_082025-F-665x1024.jpg",665,1024,true],"1536x1536":["https:\/\/rms-enlinea.com.ar\/wp-content\/uploads\/2025\/08\/D_740275-MLA89891465264_082025-F.jpg",779,1200,false],"2048x2048":["https:\/\/rms-enlinea.com.ar\/wp-content\/uploads\/2025\/08\/D_740275-MLA89891465264_082025-F.jpg",779,1200,false],"woocommerce_thumbnail":["https:\/\/rms-enlinea.com.ar\/wp-content\/uploads\/2025\/08\/D_740275-MLA89891465264_082025-F-450x450.jpg",450,450,true],"woocommerce_single":["https:\/\/rms-enlinea.com.ar\/wp-content\/uploads\/2025\/08\/D_740275-MLA89891465264_082025-F-600x924.jpg",600,924,true],"woocommerce_gallery_thumbnail":["https:\/\/rms-enlinea.com.ar\/wp-content\/uploads\/2025\/08\/D_740275-MLA89891465264_082025-F-100x100.jpg",100,100,true]},"uagb_author_info":{"display_name":"nelson","author_link":"https:\/\/rms-enlinea.com.ar\/tienda\/author\/"},"uagb_comment_info":0,"uagb_excerpt":"Peso en gramos 110 Conectividad Inal\u00e1mbrico Ajuste de peso S\u00ed Tama\u00f1o de la mano Medio Tipo de agarre Garra Duraci\u00f3n de la bater\u00eda 16 horas (m\u00edn.) de funcionamiento est\u00e1ndar y 24 horas (m\u00edn.) en espera Tasa de informe Seleccionable 2000 Hz\/1000 Hz\/500 Hz\/250 Hz\/125 Hz Tipo de juego Cualquier Tipo de bot\u00f3n del rat\u00f3n \u00d3ptico&hellip;","_links":{"self":[{"href":"https:\/\/rms-enlinea.com.ar\/tienda\/wp-json\/wp\/v2\/product\/54426","targetHints":{"allow":["GET"]}}],"collection":[{"href":"https:\/\/rms-enlinea.com.ar\/tienda\/wp-json\/wp\/v2\/product"}],"about":[{"href":"https:\/\/rms-enlinea.com.ar\/tienda\/wp-json\/wp\/v2\/types\/product"}],"replies":[{"embeddable":true,"href":"https:\/\/rms-enlinea.com.ar\/tienda\/wp-json\/wp\/v2\/comments?post=54426"}],"wp:featuredmedia":[{"embeddable":true,"href":"https:\/\/rms-enlinea.com.ar\/tienda\/wp-json\/wp\/v2\/media\/54427"}],"wp:attachment":[{"href":"https:\/\/rms-enlinea.com.ar\/tienda\/wp-json\/wp\/v2\/media?parent=54426"}],"wp:term":[{"taxonomy":"product_brand","embeddable":true,"href":"https:\/\/rms-enlinea.com.ar\/tienda\/wp-json\/wp\/v2\/product_brand?post=54426"},{"taxonomy":"product_cat","embeddable":true,"href":"https:\/\/rms-enlinea.com.ar\/tienda\/wp-json\/wp\/v2\/product_cat?post=54426"},{"taxonomy":"product_tag","embeddable":true,"href":"https:\/\/rms-enlinea.com.ar\/tienda\/wp-json\/wp\/v2\/product_tag?post=54426"}],"curies":[{"name":"wp","href":"https:\/\/api.w.org\/{rel}","templated":true}]}}