{"id":54441,"date":"2025-08-20T13:41:09","date_gmt":"2025-08-20T16:41:09","guid":{"rendered":"https:\/\/rms-enlinea.com.ar\/tienda\/producto\/caja-directa-activa-para-instrumentos-2ch-behringer-di20\/"},"modified":"2026-03-25T23:51:28","modified_gmt":"2026-03-26T02:51:28","slug":"caja-directa-activa-para-instrumentos-2ch-behringer-di20","status":"publish","type":"product","link":"https:\/\/rms-enlinea.com.ar\/tienda\/producto\/caja-directa-activa-para-instrumentos-2ch-behringer-di20\/","title":{"rendered":"Caja Directa Activa Para Instrumentos 2ch Behringer Di20"},"content":{"rendered":"<p>TIPO DE PRODUCTO: CAJA DIRECTA<br \/>\nTIPO: 2CH<br \/>\nENTRADA JACK<br \/>\nSALIDA XLR<br \/>\nATENUADOR PAD DE -20\/40DB (HASTA 3000W)<br \/>\nFUNCIONA CON BATER\u00cdA DE 9V O ALIMENTACI\u00d3N PHANTOM (15 &#8211; 52V)<br \/>\nTOMA DE TIERRA<br \/>\nINTERRUPTOR THOMANN DE APAGADO DE BATER\u00cdA<br \/>\nTAMBI\u00c9N FUNCIONA COMO DIVISOR DE SE\u00d1AL DE 2 V\u00cdAS<br \/>\nDIMENSIONES: 150 X 130 X 60MM<br \/>\nPESO: 650G APROXIMADAMENTE<\/p>\n","protected":false},"excerpt":{"rendered":"<p>TIPO DE PRODUCTO: CAJA DIRECTA TIPO: 2CH ENTRADA JACK SALIDA XLR ATENUADOR PAD DE -20\/40DB (HASTA 3000W) FUNCIONA CON BATER\u00cdA DE 9V O ALIMENTACI\u00d3N PHANTOM (15 &#8211; 52V) TOMA DE TIERRA INTERRUPTOR THOMANN DE APAGADO DE BATER\u00cdA TAMBI\u00c9N FUNCIONA COMO DIVISOR DE SE\u00d1AL DE 2 V\u00cdAS DIMENSIONES: 150 X 130 X 60MM PESO: 650G APROXIMADAMENTE<\/p>\n","protected":false},"featured_media":32343,"comment_status":"open","ping_status":"closed","template":"","meta":{"_uag_custom_page_level_css":""},"product_brand":[494],"product_cat":[67],"product_tag":[],"class_list":{"0":"post-54441","1":"product","2":"type-product","3":"status-publish","4":"has-post-thumbnail","6":"product_brand-behringer","7":"product_cat-cajas-directas","9":"first","10":"instock","11":"sale","12":"taxable","13":"shipping-taxable","14":"purchasable","15":"product-type-simple"},"uagb_featured_image_src":{"full":["https:\/\/rms-enlinea.com.ar\/wp-content\/uploads\/2025\/06\/D_898104-MLA31035103645_062019-F.jpg",1008,1200,false],"thumbnail":["https:\/\/rms-enlinea.com.ar\/wp-content\/uploads\/2025\/06\/D_898104-MLA31035103645_062019-F-150x150.jpg",150,150,true],"medium":["https:\/\/rms-enlinea.com.ar\/wp-content\/uploads\/2025\/06\/D_898104-MLA31035103645_062019-F-252x300.jpg",252,300,true],"medium_large":["https:\/\/rms-enlinea.com.ar\/wp-content\/uploads\/2025\/06\/D_898104-MLA31035103645_062019-F-768x914.jpg",768,914,true],"large":["https:\/\/rms-enlinea.com.ar\/wp-content\/uploads\/2025\/06\/D_898104-MLA31035103645_062019-F-860x1024.jpg",860,1024,true],"1536x1536":["https:\/\/rms-enlinea.com.ar\/wp-content\/uploads\/2025\/06\/D_898104-MLA31035103645_062019-F.jpg",1008,1200,false],"2048x2048":["https:\/\/rms-enlinea.com.ar\/wp-content\/uploads\/2025\/06\/D_898104-MLA31035103645_062019-F.jpg",1008,1200,false],"woocommerce_thumbnail":["https:\/\/rms-enlinea.com.ar\/wp-content\/uploads\/2025\/06\/D_898104-MLA31035103645_062019-F-450x450.jpg",450,450,true],"woocommerce_single":["https:\/\/rms-enlinea.com.ar\/wp-content\/uploads\/2025\/06\/D_898104-MLA31035103645_062019-F-600x714.jpg",600,714,true],"woocommerce_gallery_thumbnail":["https:\/\/rms-enlinea.com.ar\/wp-content\/uploads\/2025\/06\/D_898104-MLA31035103645_062019-F-100x100.jpg",100,100,true]},"uagb_author_info":{"display_name":"mario","author_link":"https:\/\/rms-enlinea.com.ar\/tienda\/author\/"},"uagb_comment_info":0,"uagb_excerpt":"TIPO DE PRODUCTO: CAJA DIRECTA TIPO: 2CH ENTRADA JACK SALIDA XLR ATENUADOR PAD DE -20\/40DB (HASTA 3000W) FUNCIONA CON BATER\u00cdA DE 9V O ALIMENTACI\u00d3N PHANTOM (15 &#8211; 52V) TOMA DE TIERRA INTERRUPTOR THOMANN DE APAGADO DE BATER\u00cdA TAMBI\u00c9N FUNCIONA COMO DIVISOR DE SE\u00d1AL DE 2 V\u00cdAS DIMENSIONES: 150 X 130 X 60MM PESO: 650G APROXIMADAMENTE","_links":{"self":[{"href":"https:\/\/rms-enlinea.com.ar\/tienda\/wp-json\/wp\/v2\/product\/54441","targetHints":{"allow":["GET"]}}],"collection":[{"href":"https:\/\/rms-enlinea.com.ar\/tienda\/wp-json\/wp\/v2\/product"}],"about":[{"href":"https:\/\/rms-enlinea.com.ar\/tienda\/wp-json\/wp\/v2\/types\/product"}],"replies":[{"embeddable":true,"href":"https:\/\/rms-enlinea.com.ar\/tienda\/wp-json\/wp\/v2\/comments?post=54441"}],"wp:featuredmedia":[{"embeddable":true,"href":"https:\/\/rms-enlinea.com.ar\/tienda\/wp-json\/wp\/v2\/media\/32343"}],"wp:attachment":[{"href":"https:\/\/rms-enlinea.com.ar\/tienda\/wp-json\/wp\/v2\/media?parent=54441"}],"wp:term":[{"taxonomy":"product_brand","embeddable":true,"href":"https:\/\/rms-enlinea.com.ar\/tienda\/wp-json\/wp\/v2\/product_brand?post=54441"},{"taxonomy":"product_cat","embeddable":true,"href":"https:\/\/rms-enlinea.com.ar\/tienda\/wp-json\/wp\/v2\/product_cat?post=54441"},{"taxonomy":"product_tag","embeddable":true,"href":"https:\/\/rms-enlinea.com.ar\/tienda\/wp-json\/wp\/v2\/product_tag?post=54441"}],"curies":[{"name":"wp","href":"https:\/\/api.w.org\/{rel}","templated":true}]}}