{"id":54445,"date":"2025-08-20T13:51:11","date_gmt":"2025-08-20T16:51:11","guid":{"rendered":"https:\/\/rms-enlinea.com.ar\/tienda\/producto\/mouse-pad-logitech-studio-rosado-200x230mm-nylon-poliester\/"},"modified":"2026-04-21T03:33:55","modified_gmt":"2026-04-21T06:33:55","slug":"mouse-pad-logitech-studio-rosado-200x230mm-nylon-poliester","status":"publish","type":"product","link":"https:\/\/rms-enlinea.com.ar\/tienda\/producto\/mouse-pad-logitech-studio-rosado-200x230mm-nylon-poliester\/","title":{"rendered":"Mouse Pad Logitech Studio Rosado 200x230mm Nylon Poliester"},"content":{"rendered":"<p>Alfombrilla de mouse<\/p>\n<p>Altura: 200 mm<br \/>Ancho: 230 mm<br \/>Grosor: 2 mm<br \/>Peso: 73 g<br \/>ESPECIFICACIONES T\u00c9CNICAS<br \/>Materiales<\/p>\n<p>100% POLI\u00c9STER RECICLADO<br \/>Superficie y capa interior<br \/>BASE ANTIDESLIZANTE<br \/>72% caucho natural <br \/>BORDES QUE NO SE DESHILACHAN<br \/>Nylon + Poli\u00e9ster<\/p>\n","protected":false},"excerpt":{"rendered":"<p>Alfombrilla de mouse Altura: 200 mmAncho: 230 mmGrosor: 2 mmPeso: 73 gESPECIFICACIONES T\u00c9CNICASMateriales 100% POLI\u00c9STER RECICLADOSuperficie y capa interiorBASE ANTIDESLIZANTE72% caucho natural BORDES QUE NO SE DESHILACHANNylon + Poli\u00e9ster<\/p>\n","protected":false},"featured_media":54446,"comment_status":"open","ping_status":"closed","template":"","meta":{"_uag_custom_page_level_css":""},"product_brand":[549],"product_cat":[125],"product_tag":[],"class_list":{"0":"post-54445","1":"product","2":"type-product","3":"status-publish","4":"has-post-thumbnail","6":"product_brand-logitech","7":"product_cat-teclados-y-mouses","9":"first","10":"outofstock","11":"sale","12":"taxable","13":"shipping-taxable","14":"purchasable","15":"product-type-simple"},"uagb_featured_image_src":{"full":["https:\/\/rms-enlinea.com.ar\/wp-content\/uploads\/2025\/08\/D_932507-MLA90552075799_082025-F.jpg",1198,1047,false],"thumbnail":["https:\/\/rms-enlinea.com.ar\/wp-content\/uploads\/2025\/08\/D_932507-MLA90552075799_082025-F-150x150.jpg",150,150,true],"medium":["https:\/\/rms-enlinea.com.ar\/wp-content\/uploads\/2025\/08\/D_932507-MLA90552075799_082025-F-300x262.jpg",300,262,true],"medium_large":["https:\/\/rms-enlinea.com.ar\/wp-content\/uploads\/2025\/08\/D_932507-MLA90552075799_082025-F-768x671.jpg",768,671,true],"large":["https:\/\/rms-enlinea.com.ar\/wp-content\/uploads\/2025\/08\/D_932507-MLA90552075799_082025-F-1024x895.jpg",1024,895,true],"1536x1536":["https:\/\/rms-enlinea.com.ar\/wp-content\/uploads\/2025\/08\/D_932507-MLA90552075799_082025-F.jpg",1198,1047,false],"2048x2048":["https:\/\/rms-enlinea.com.ar\/wp-content\/uploads\/2025\/08\/D_932507-MLA90552075799_082025-F.jpg",1198,1047,false],"woocommerce_thumbnail":["https:\/\/rms-enlinea.com.ar\/wp-content\/uploads\/2025\/08\/D_932507-MLA90552075799_082025-F-450x450.jpg",450,450,true],"woocommerce_single":["https:\/\/rms-enlinea.com.ar\/wp-content\/uploads\/2025\/08\/D_932507-MLA90552075799_082025-F-600x524.jpg",600,524,true],"woocommerce_gallery_thumbnail":["https:\/\/rms-enlinea.com.ar\/wp-content\/uploads\/2025\/08\/D_932507-MLA90552075799_082025-F-100x100.jpg",100,100,true]},"uagb_author_info":{"display_name":"nelson","author_link":"https:\/\/rms-enlinea.com.ar\/tienda\/author\/"},"uagb_comment_info":0,"uagb_excerpt":"Alfombrilla de mouse Altura: 200 mmAncho: 230 mmGrosor: 2 mmPeso: 73 gESPECIFICACIONES T\u00c9CNICASMateriales 100% POLI\u00c9STER RECICLADOSuperficie y capa interiorBASE ANTIDESLIZANTE72% caucho natural BORDES QUE NO SE DESHILACHANNylon + Poli\u00e9ster","_links":{"self":[{"href":"https:\/\/rms-enlinea.com.ar\/tienda\/wp-json\/wp\/v2\/product\/54445","targetHints":{"allow":["GET"]}}],"collection":[{"href":"https:\/\/rms-enlinea.com.ar\/tienda\/wp-json\/wp\/v2\/product"}],"about":[{"href":"https:\/\/rms-enlinea.com.ar\/tienda\/wp-json\/wp\/v2\/types\/product"}],"replies":[{"embeddable":true,"href":"https:\/\/rms-enlinea.com.ar\/tienda\/wp-json\/wp\/v2\/comments?post=54445"}],"wp:featuredmedia":[{"embeddable":true,"href":"https:\/\/rms-enlinea.com.ar\/tienda\/wp-json\/wp\/v2\/media\/54446"}],"wp:attachment":[{"href":"https:\/\/rms-enlinea.com.ar\/tienda\/wp-json\/wp\/v2\/media?parent=54445"}],"wp:term":[{"taxonomy":"product_brand","embeddable":true,"href":"https:\/\/rms-enlinea.com.ar\/tienda\/wp-json\/wp\/v2\/product_brand?post=54445"},{"taxonomy":"product_cat","embeddable":true,"href":"https:\/\/rms-enlinea.com.ar\/tienda\/wp-json\/wp\/v2\/product_cat?post=54445"},{"taxonomy":"product_tag","embeddable":true,"href":"https:\/\/rms-enlinea.com.ar\/tienda\/wp-json\/wp\/v2\/product_tag?post=54445"}],"curies":[{"name":"wp","href":"https:\/\/api.w.org\/{rel}","templated":true}]}}