{"id":54452,"date":"2025-08-20T16:01:23","date_gmt":"2025-08-20T19:01:23","guid":{"rendered":"https:\/\/rms-enlinea.com.ar\/tienda\/producto\/mouse-inalambrico-logitech-lift-ergonomico-4000dpi\/"},"modified":"2026-04-06T11:00:43","modified_gmt":"2026-04-06T14:00:43","slug":"mouse-inalambrico-logitech-lift-ergonomico-4000dpi","status":"publish","type":"product","link":"https:\/\/rms-enlinea.com.ar\/tienda\/producto\/mouse-inalambrico-logitech-lift-ergonomico-4000dpi\/","title":{"rendered":"Mouse Inalambrico Logitech Lift Ergonomico 4000dpi"},"content":{"rendered":"<p>El mouse inal\u00e1mbrico Logitech Lift, parte de la serie Ergo, est\u00e1 dise\u00f1ado para brindar comodidad y eficiencia en el trabajo diario. Su innovador dise\u00f1o vertical promueve una postura natural de la mano, reduciendo la tensi\u00f3n en la mu\u00f1eca y proporcionando una experiencia ergon\u00f3mica ideal para quienes pasan largas horas frente al ordenador. Con una resoluci\u00f3n de 4000 DPI y un seguimiento \u00f3ptico avanzado, este mouse permite un control preciso y r\u00e1pido, mejorando la productividad en cada clic.<\/p>\n<p>Compatible con sistemas operativos macOS y Windows, el Logitech Lift se conecta f\u00e1cilmente mediante Bluetooth o a trav\u00e9s de un receptor USB, ofreciendo flexibilidad y conveniencia. Con un alcance de hasta 10 metros, olv\u00eddate de las limitaciones de los cables y disfruta de una experiencia de uso sin interrupciones. Su dise\u00f1o ligero y compacto, con un peso de solo 125 gramos, facilita su manejo y transporte.<\/p>\n<p>Este mouse cuenta con seis botones personalizables que permiten adaptarlo a tus necesidades espec\u00edficas, optimizando tus tareas y flujos de trabajo. Adem\u00e1s, su interruptor de ahorro de energ\u00eda garantiza una mayor duraci\u00f3n de las pilas, haciendo de este mouse una opci\u00f3n eficiente y sostenible. Eleva tu experiencia inform\u00e1tica con el mouse inal\u00e1mbrico Logitech Lift, un accesorio esencial para un entorno de trabajo m\u00e1s saludable y productivo.<\/p>\n","protected":false},"excerpt":{"rendered":"<p>El mouse inal\u00e1mbrico Logitech Lift, parte de la serie Ergo, est\u00e1 dise\u00f1ado para brindar comodidad y eficiencia en el trabajo diario. Su innovador dise\u00f1o vertical promueve una postura natural de la mano, reduciendo la tensi\u00f3n en la mu\u00f1eca y proporcionando una experiencia ergon\u00f3mica ideal para quienes pasan largas horas frente al ordenador. Con una resoluci\u00f3n [&hellip;]<\/p>\n","protected":false},"featured_media":4898,"comment_status":"open","ping_status":"closed","template":"","meta":{"_uag_custom_page_level_css":""},"product_brand":[549],"product_cat":[125],"product_tag":[],"class_list":{"0":"post-54452","1":"product","2":"type-product","3":"status-publish","4":"has-post-thumbnail","6":"product_brand-logitech","7":"product_cat-teclados-y-mouses","9":"first","10":"instock","11":"sale","12":"taxable","13":"shipping-taxable","14":"purchasable","15":"product-type-simple"},"uagb_featured_image_src":{"full":["https:\/\/rms-enlinea.com.ar\/wp-content\/uploads\/2025\/06\/D_619222-MLA53018018326_122022-F.jpg",826,1200,false],"thumbnail":["https:\/\/rms-enlinea.com.ar\/wp-content\/uploads\/2025\/06\/D_619222-MLA53018018326_122022-F-150x150.jpg",150,150,true],"medium":["https:\/\/rms-enlinea.com.ar\/wp-content\/uploads\/2025\/06\/D_619222-MLA53018018326_122022-F-207x300.jpg",207,300,true],"medium_large":["https:\/\/rms-enlinea.com.ar\/wp-content\/uploads\/2025\/06\/D_619222-MLA53018018326_122022-F-768x1116.jpg",768,1116,true],"large":["https:\/\/rms-enlinea.com.ar\/wp-content\/uploads\/2025\/06\/D_619222-MLA53018018326_122022-F-705x1024.jpg",705,1024,true],"1536x1536":["https:\/\/rms-enlinea.com.ar\/wp-content\/uploads\/2025\/06\/D_619222-MLA53018018326_122022-F.jpg",826,1200,false],"2048x2048":["https:\/\/rms-enlinea.com.ar\/wp-content\/uploads\/2025\/06\/D_619222-MLA53018018326_122022-F.jpg",826,1200,false],"woocommerce_thumbnail":["https:\/\/rms-enlinea.com.ar\/wp-content\/uploads\/2025\/06\/D_619222-MLA53018018326_122022-F-450x450.jpg",450,450,true],"woocommerce_single":["https:\/\/rms-enlinea.com.ar\/wp-content\/uploads\/2025\/06\/D_619222-MLA53018018326_122022-F-600x872.jpg",600,872,true],"woocommerce_gallery_thumbnail":["https:\/\/rms-enlinea.com.ar\/wp-content\/uploads\/2025\/06\/D_619222-MLA53018018326_122022-F-100x100.jpg",100,100,true]},"uagb_author_info":{"display_name":"nelson","author_link":"https:\/\/rms-enlinea.com.ar\/tienda\/author\/"},"uagb_comment_info":0,"uagb_excerpt":"El mouse inal\u00e1mbrico Logitech Lift, parte de la serie Ergo, est\u00e1 dise\u00f1ado para brindar comodidad y eficiencia en el trabajo diario. Su innovador dise\u00f1o vertical promueve una postura natural de la mano, reduciendo la tensi\u00f3n en la mu\u00f1eca y proporcionando una experiencia ergon\u00f3mica ideal para quienes pasan largas horas frente al ordenador. Con una resoluci\u00f3n&hellip;","_links":{"self":[{"href":"https:\/\/rms-enlinea.com.ar\/tienda\/wp-json\/wp\/v2\/product\/54452","targetHints":{"allow":["GET"]}}],"collection":[{"href":"https:\/\/rms-enlinea.com.ar\/tienda\/wp-json\/wp\/v2\/product"}],"about":[{"href":"https:\/\/rms-enlinea.com.ar\/tienda\/wp-json\/wp\/v2\/types\/product"}],"replies":[{"embeddable":true,"href":"https:\/\/rms-enlinea.com.ar\/tienda\/wp-json\/wp\/v2\/comments?post=54452"}],"wp:featuredmedia":[{"embeddable":true,"href":"https:\/\/rms-enlinea.com.ar\/tienda\/wp-json\/wp\/v2\/media\/4898"}],"wp:attachment":[{"href":"https:\/\/rms-enlinea.com.ar\/tienda\/wp-json\/wp\/v2\/media?parent=54452"}],"wp:term":[{"taxonomy":"product_brand","embeddable":true,"href":"https:\/\/rms-enlinea.com.ar\/tienda\/wp-json\/wp\/v2\/product_brand?post=54452"},{"taxonomy":"product_cat","embeddable":true,"href":"https:\/\/rms-enlinea.com.ar\/tienda\/wp-json\/wp\/v2\/product_cat?post=54452"},{"taxonomy":"product_tag","embeddable":true,"href":"https:\/\/rms-enlinea.com.ar\/tienda\/wp-json\/wp\/v2\/product_tag?post=54452"}],"curies":[{"name":"wp","href":"https:\/\/api.w.org\/{rel}","templated":true}]}}