{"id":54456,"date":"2025-08-20T16:01:45","date_gmt":"2025-08-20T19:01:45","guid":{"rendered":"https:\/\/rms-enlinea.com.ar\/tienda\/producto\/mouse-usb-genius-dx-110-white-1000dpi-3-botones\/"},"modified":"2026-04-07T23:40:50","modified_gmt":"2026-04-08T02:40:50","slug":"mouse-usb-genius-dx-110-white-1000dpi-3-botones","status":"publish","type":"product","link":"https:\/\/rms-enlinea.com.ar\/tienda\/producto\/mouse-usb-genius-dx-110-white-1000dpi-3-botones\/","title":{"rendered":"Mouse Usb Genius Dx-110 White 1000dpi 3 Botones"},"content":{"rendered":"<p>Nombre del modelo<\/p>\n<p>DX-110<br \/>\nInterfaz USB<br \/>\nUnidad de sensor \u00d3ptico<br \/>\nResoluci\u00f3n (DPI) 1000<br \/>\nCantidad de botones Tres (izquierda, derecha y central con desplazamiento)<br \/>\nLongitud de cable de alimentaci\u00f3n 1.5m<br \/>\nCompatible con sistema operativo Windows\u00ae 7, 8, 8.1, 10<br \/>\nColores Blanco elegante<\/p>\n","protected":false},"excerpt":{"rendered":"<p>Nombre del modelo DX-110 Interfaz USB Unidad de sensor \u00d3ptico Resoluci\u00f3n (DPI) 1000 Cantidad de botones Tres (izquierda, derecha y central con desplazamiento) Longitud de cable de alimentaci\u00f3n 1.5m Compatible con sistema operativo Windows\u00ae 7, 8, 8.1, 10 Colores Blanco elegante<\/p>\n","protected":false},"featured_media":54457,"comment_status":"open","ping_status":"closed","template":"","meta":{"_uag_custom_page_level_css":""},"product_brand":[550],"product_cat":[125],"product_tag":[],"class_list":{"0":"post-54456","1":"product","2":"type-product","3":"status-publish","4":"has-post-thumbnail","6":"product_brand-genius","7":"product_cat-teclados-y-mouses","9":"first","10":"instock","11":"sale","12":"taxable","13":"shipping-taxable","14":"purchasable","15":"product-type-simple"},"uagb_featured_image_src":{"full":["https:\/\/rms-enlinea.com.ar\/wp-content\/uploads\/2025\/08\/D_651128-MLA90557382243_082025-F.jpg",1025,1188,false],"thumbnail":["https:\/\/rms-enlinea.com.ar\/wp-content\/uploads\/2025\/08\/D_651128-MLA90557382243_082025-F-150x150.jpg",150,150,true],"medium":["https:\/\/rms-enlinea.com.ar\/wp-content\/uploads\/2025\/08\/D_651128-MLA90557382243_082025-F-259x300.jpg",259,300,true],"medium_large":["https:\/\/rms-enlinea.com.ar\/wp-content\/uploads\/2025\/08\/D_651128-MLA90557382243_082025-F-768x890.jpg",768,890,true],"large":["https:\/\/rms-enlinea.com.ar\/wp-content\/uploads\/2025\/08\/D_651128-MLA90557382243_082025-F-884x1024.jpg",884,1024,true],"1536x1536":["https:\/\/rms-enlinea.com.ar\/wp-content\/uploads\/2025\/08\/D_651128-MLA90557382243_082025-F.jpg",1025,1188,false],"2048x2048":["https:\/\/rms-enlinea.com.ar\/wp-content\/uploads\/2025\/08\/D_651128-MLA90557382243_082025-F.jpg",1025,1188,false],"woocommerce_thumbnail":["https:\/\/rms-enlinea.com.ar\/wp-content\/uploads\/2025\/08\/D_651128-MLA90557382243_082025-F-450x450.jpg",450,450,true],"woocommerce_single":["https:\/\/rms-enlinea.com.ar\/wp-content\/uploads\/2025\/08\/D_651128-MLA90557382243_082025-F-600x695.jpg",600,695,true],"woocommerce_gallery_thumbnail":["https:\/\/rms-enlinea.com.ar\/wp-content\/uploads\/2025\/08\/D_651128-MLA90557382243_082025-F-100x100.jpg",100,100,true]},"uagb_author_info":{"display_name":"nelson","author_link":"https:\/\/rms-enlinea.com.ar\/tienda\/author\/"},"uagb_comment_info":0,"uagb_excerpt":"Nombre del modelo DX-110 Interfaz USB Unidad de sensor \u00d3ptico Resoluci\u00f3n (DPI) 1000 Cantidad de botones Tres (izquierda, derecha y central con desplazamiento) Longitud de cable de alimentaci\u00f3n 1.5m Compatible con sistema operativo Windows\u00ae 7, 8, 8.1, 10 Colores Blanco elegante","_links":{"self":[{"href":"https:\/\/rms-enlinea.com.ar\/tienda\/wp-json\/wp\/v2\/product\/54456","targetHints":{"allow":["GET"]}}],"collection":[{"href":"https:\/\/rms-enlinea.com.ar\/tienda\/wp-json\/wp\/v2\/product"}],"about":[{"href":"https:\/\/rms-enlinea.com.ar\/tienda\/wp-json\/wp\/v2\/types\/product"}],"replies":[{"embeddable":true,"href":"https:\/\/rms-enlinea.com.ar\/tienda\/wp-json\/wp\/v2\/comments?post=54456"}],"wp:featuredmedia":[{"embeddable":true,"href":"https:\/\/rms-enlinea.com.ar\/tienda\/wp-json\/wp\/v2\/media\/54457"}],"wp:attachment":[{"href":"https:\/\/rms-enlinea.com.ar\/tienda\/wp-json\/wp\/v2\/media?parent=54456"}],"wp:term":[{"taxonomy":"product_brand","embeddable":true,"href":"https:\/\/rms-enlinea.com.ar\/tienda\/wp-json\/wp\/v2\/product_brand?post=54456"},{"taxonomy":"product_cat","embeddable":true,"href":"https:\/\/rms-enlinea.com.ar\/tienda\/wp-json\/wp\/v2\/product_cat?post=54456"},{"taxonomy":"product_tag","embeddable":true,"href":"https:\/\/rms-enlinea.com.ar\/tienda\/wp-json\/wp\/v2\/product_tag?post=54456"}],"curies":[{"name":"wp","href":"https:\/\/api.w.org\/{rel}","templated":true}]}}