{"id":54489,"date":"2025-08-20T18:40:06","date_gmt":"2025-08-20T21:40:06","guid":{"rendered":"https:\/\/rms-enlinea.com.ar\/tienda\/producto\/teclado-logitech-bluetooth-k250-pebble-white-bluetooth\/"},"modified":"2026-04-15T19:50:16","modified_gmt":"2026-04-15T22:50:16","slug":"teclado-logitech-bluetooth-k250-pebble-white-bluetooth","status":"publish","type":"product","link":"https:\/\/rms-enlinea.com.ar\/tienda\/producto\/teclado-logitech-bluetooth-k250-pebble-white-bluetooth\/","title":{"rendered":"Teclado Logitech Bluetooth K250 Pebble White Bluetooth"},"content":{"rendered":"<p>Dimensiones<br \/>Altura: 136.9 mm<br \/>Anchura: 369.9 mm<br \/>Profundidad: 22.8 mm<br \/>Peso: 380 g<br \/>Especificaciones generales<br \/>Indicador luminoso: Conectividad LED<br \/>Botones\/Teclas especiales: Bot\u00f3n de encendido\/apagado<br \/>Caracter\u00edsticas adicionales: Patas inclinables (para un \u00e1ngulo de escritura de 7 grados)<br \/>Distribuci\u00f3n: Dise\u00f1o compacto con secci\u00f3n num\u00e9rica<br \/>Dise\u00f1o impreso multisistema operativo: S\u00ed<br \/>Bater\u00eda y carga<br \/>Tipo de pilas\/bater\u00eda: Bater\u00eda alcalina<br \/>Duraci\u00f3n de bater\u00edas: 12 meses<br \/>N\u00famero de bater\u00edas: 2 AAA (incluidas)<br \/>Conectividad<br \/>Tipo de conexi\u00f3n: Pulsaci\u00f3n prolongada de los botones de encendido\/apagado para el emparejamiento<br \/>Tecnolog\u00eda inal\u00e1mbrica: Tecnolog\u00eda Bluetooth\u00ae Low Energy<br \/>Alcance inal\u00e1mbrico: 10 m<br \/>Requisitos del sistema<br \/>Requisitos: Tecnolog\u00eda inal\u00e1mbrica Bluetooth\u00ae Low Energy<br \/>Compatibilidad<br \/>Windows 10, 11 o versiones posteriores;<br \/>macOS 12 o versiones posteriores,ChromeOS;<br \/>Linux; iPadOS 15 o versiones posteriores;<br \/>iOS 15 o versiones posteriores; Android 12 o versiones posteriores<\/p>\n","protected":false},"excerpt":{"rendered":"<p>DimensionesAltura: 136.9 mmAnchura: 369.9 mmProfundidad: 22.8 mmPeso: 380 gEspecificaciones generalesIndicador luminoso: Conectividad LEDBotones\/Teclas especiales: Bot\u00f3n de encendido\/apagadoCaracter\u00edsticas adicionales: Patas inclinables (para un \u00e1ngulo de escritura de 7 grados)Distribuci\u00f3n: Dise\u00f1o compacto con secci\u00f3n num\u00e9ricaDise\u00f1o impreso multisistema operativo: S\u00edBater\u00eda y cargaTipo de pilas\/bater\u00eda: Bater\u00eda alcalinaDuraci\u00f3n de bater\u00edas: 12 mesesN\u00famero de bater\u00edas: 2 AAA (incluidas)ConectividadTipo de conexi\u00f3n: Pulsaci\u00f3n [&hellip;]<\/p>\n","protected":false},"featured_media":54490,"comment_status":"open","ping_status":"closed","template":"","meta":{"_uag_custom_page_level_css":""},"product_brand":[549],"product_cat":[125],"product_tag":[],"class_list":{"0":"post-54489","1":"product","2":"type-product","3":"status-publish","4":"has-post-thumbnail","6":"product_brand-logitech","7":"product_cat-teclados-y-mouses","9":"first","10":"instock","11":"sale","12":"taxable","13":"shipping-taxable","14":"purchasable","15":"product-type-simple"},"uagb_featured_image_src":{"full":["https:\/\/rms-enlinea.com.ar\/wp-content\/uploads\/2025\/08\/D_726687-MLA90563342289_082025-F.jpg",1200,443,false],"thumbnail":["https:\/\/rms-enlinea.com.ar\/wp-content\/uploads\/2025\/08\/D_726687-MLA90563342289_082025-F-150x150.jpg",150,150,true],"medium":["https:\/\/rms-enlinea.com.ar\/wp-content\/uploads\/2025\/08\/D_726687-MLA90563342289_082025-F-300x111.jpg",300,111,true],"medium_large":["https:\/\/rms-enlinea.com.ar\/wp-content\/uploads\/2025\/08\/D_726687-MLA90563342289_082025-F-768x284.jpg",768,284,true],"large":["https:\/\/rms-enlinea.com.ar\/wp-content\/uploads\/2025\/08\/D_726687-MLA90563342289_082025-F-1024x378.jpg",1024,378,true],"1536x1536":["https:\/\/rms-enlinea.com.ar\/wp-content\/uploads\/2025\/08\/D_726687-MLA90563342289_082025-F.jpg",1200,443,false],"2048x2048":["https:\/\/rms-enlinea.com.ar\/wp-content\/uploads\/2025\/08\/D_726687-MLA90563342289_082025-F.jpg",1200,443,false],"woocommerce_thumbnail":["https:\/\/rms-enlinea.com.ar\/wp-content\/uploads\/2025\/08\/D_726687-MLA90563342289_082025-F-450x443.jpg",450,443,true],"woocommerce_single":["https:\/\/rms-enlinea.com.ar\/wp-content\/uploads\/2025\/08\/D_726687-MLA90563342289_082025-F-600x222.jpg",600,222,true],"woocommerce_gallery_thumbnail":["https:\/\/rms-enlinea.com.ar\/wp-content\/uploads\/2025\/08\/D_726687-MLA90563342289_082025-F-100x100.jpg",100,100,true]},"uagb_author_info":{"display_name":"nelson","author_link":"https:\/\/rms-enlinea.com.ar\/tienda\/author\/"},"uagb_comment_info":0,"uagb_excerpt":"DimensionesAltura: 136.9 mmAnchura: 369.9 mmProfundidad: 22.8 mmPeso: 380 gEspecificaciones generalesIndicador luminoso: Conectividad LEDBotones\/Teclas especiales: Bot\u00f3n de encendido\/apagadoCaracter\u00edsticas adicionales: Patas inclinables (para un \u00e1ngulo de escritura de 7 grados)Distribuci\u00f3n: Dise\u00f1o compacto con secci\u00f3n num\u00e9ricaDise\u00f1o impreso multisistema operativo: S\u00edBater\u00eda y cargaTipo de pilas\/bater\u00eda: Bater\u00eda alcalinaDuraci\u00f3n de bater\u00edas: 12 mesesN\u00famero de bater\u00edas: 2 AAA (incluidas)ConectividadTipo de conexi\u00f3n: Pulsaci\u00f3n&hellip;","_links":{"self":[{"href":"https:\/\/rms-enlinea.com.ar\/tienda\/wp-json\/wp\/v2\/product\/54489","targetHints":{"allow":["GET"]}}],"collection":[{"href":"https:\/\/rms-enlinea.com.ar\/tienda\/wp-json\/wp\/v2\/product"}],"about":[{"href":"https:\/\/rms-enlinea.com.ar\/tienda\/wp-json\/wp\/v2\/types\/product"}],"replies":[{"embeddable":true,"href":"https:\/\/rms-enlinea.com.ar\/tienda\/wp-json\/wp\/v2\/comments?post=54489"}],"wp:featuredmedia":[{"embeddable":true,"href":"https:\/\/rms-enlinea.com.ar\/tienda\/wp-json\/wp\/v2\/media\/54490"}],"wp:attachment":[{"href":"https:\/\/rms-enlinea.com.ar\/tienda\/wp-json\/wp\/v2\/media?parent=54489"}],"wp:term":[{"taxonomy":"product_brand","embeddable":true,"href":"https:\/\/rms-enlinea.com.ar\/tienda\/wp-json\/wp\/v2\/product_brand?post=54489"},{"taxonomy":"product_cat","embeddable":true,"href":"https:\/\/rms-enlinea.com.ar\/tienda\/wp-json\/wp\/v2\/product_cat?post=54489"},{"taxonomy":"product_tag","embeddable":true,"href":"https:\/\/rms-enlinea.com.ar\/tienda\/wp-json\/wp\/v2\/product_tag?post=54489"}],"curies":[{"name":"wp","href":"https:\/\/api.w.org\/{rel}","templated":true}]}}