{"id":54500,"date":"2025-08-20T18:50:12","date_gmt":"2025-08-20T21:50:12","guid":{"rendered":"https:\/\/rms-enlinea.com.ar\/tienda\/producto\/amplificador-p-instalacion-bar-local-vmr-audio-store-6-link\/"},"modified":"2026-03-31T17:24:52","modified_gmt":"2026-03-31T20:24:52","slug":"amplificador-p-instalacion-bar-local-vmr-audio-store-6-link","status":"publish","type":"product","link":"https:\/\/rms-enlinea.com.ar\/tienda\/producto\/amplificador-p-instalacion-bar-local-vmr-audio-store-6-link\/","title":{"rendered":"Amplificador P\/instalaci\u00f3n Bar Local Vmr Audio Store 6 Link"},"content":{"rendered":"<p>Dise\u00f1o compacto y robusto<br \/>\nTrabaja en baja y alta impedancia 70\/100v<br \/>\nControl de volumen independiente por entrada<br \/>\nDise\u00f1o port\u00e1til con bornera para conectar a bater\u00eda 12v<br \/>\nIdeal para la creaci\u00f3n de zonas independientes<br \/>\nSilencioso<br \/>\nCategor\u00eda: Power Series<br \/>\nTipo: Amplificador de potencia<br \/>\nZonas: 1 canal mono \/ 1 zona<br \/>\nImpedancia: Seleccionable de 4 a 16 ohm \/ L\u00ednea de 70V \/ 100V<br \/>\nCapacidad de potencia: 30W (RMS) @ 8 ohms<br \/>\nSensibilidad de entradas: Entrada AUX: -10dB (245mV) \/ 5 k ohms, desbalanceado<br \/>\nConsumo de potencia: DC 12V \/ 3A<br \/>\nDimensiones: H 23,5cm x W 8cm x D 22,5cm<br \/>\nConectores: Bornera de rosca<br \/>\nColor: Negro<br \/>\nPeso: 3 Kg<\/p>\n","protected":false},"excerpt":{"rendered":"<p>Dise\u00f1o compacto y robusto Trabaja en baja y alta impedancia 70\/100v Control de volumen independiente por entrada Dise\u00f1o port\u00e1til con bornera para conectar a bater\u00eda 12v Ideal para la creaci\u00f3n de zonas independientes Silencioso Categor\u00eda: Power Series Tipo: Amplificador de potencia Zonas: 1 canal mono \/ 1 zona Impedancia: Seleccionable de 4 a 16 ohm [&hellip;]<\/p>\n","protected":false},"featured_media":10500,"comment_status":"open","ping_status":"closed","template":"","meta":{"_uag_custom_page_level_css":""},"product_brand":[497],"product_cat":[53,15],"product_tag":[],"class_list":{"0":"post-54500","1":"product","2":"type-product","3":"status-publish","4":"has-post-thumbnail","6":"product_brand-vmr","7":"product_cat-amplificadores-potencias","8":"product_cat-sin-categorizar","10":"first","11":"outofstock","12":"sale","13":"taxable","14":"shipping-taxable","15":"purchasable","16":"product-type-simple"},"uagb_featured_image_src":{"full":["https:\/\/rms-enlinea.com.ar\/wp-content\/uploads\/2025\/06\/D_650438-MLA84824711682_052025-F.jpg",907,347,false],"thumbnail":["https:\/\/rms-enlinea.com.ar\/wp-content\/uploads\/2025\/06\/D_650438-MLA84824711682_052025-F-150x150.jpg",150,150,true],"medium":["https:\/\/rms-enlinea.com.ar\/wp-content\/uploads\/2025\/06\/D_650438-MLA84824711682_052025-F-300x115.jpg",300,115,true],"medium_large":["https:\/\/rms-enlinea.com.ar\/wp-content\/uploads\/2025\/06\/D_650438-MLA84824711682_052025-F-768x294.jpg",768,294,true],"large":["https:\/\/rms-enlinea.com.ar\/wp-content\/uploads\/2025\/06\/D_650438-MLA84824711682_052025-F.jpg",907,347,false],"1536x1536":["https:\/\/rms-enlinea.com.ar\/wp-content\/uploads\/2025\/06\/D_650438-MLA84824711682_052025-F.jpg",907,347,false],"2048x2048":["https:\/\/rms-enlinea.com.ar\/wp-content\/uploads\/2025\/06\/D_650438-MLA84824711682_052025-F.jpg",907,347,false],"woocommerce_thumbnail":["https:\/\/rms-enlinea.com.ar\/wp-content\/uploads\/2025\/06\/D_650438-MLA84824711682_052025-F-450x347.jpg",450,347,true],"woocommerce_single":["https:\/\/rms-enlinea.com.ar\/wp-content\/uploads\/2025\/06\/D_650438-MLA84824711682_052025-F-600x230.jpg",600,230,true],"woocommerce_gallery_thumbnail":["https:\/\/rms-enlinea.com.ar\/wp-content\/uploads\/2025\/06\/D_650438-MLA84824711682_052025-F-100x100.jpg",100,100,true]},"uagb_author_info":{"display_name":"nelson","author_link":"https:\/\/rms-enlinea.com.ar\/tienda\/author\/"},"uagb_comment_info":0,"uagb_excerpt":"Dise\u00f1o compacto y robusto Trabaja en baja y alta impedancia 70\/100v Control de volumen independiente por entrada Dise\u00f1o port\u00e1til con bornera para conectar a bater\u00eda 12v Ideal para la creaci\u00f3n de zonas independientes Silencioso Categor\u00eda: Power Series Tipo: Amplificador de potencia Zonas: 1 canal mono \/ 1 zona Impedancia: Seleccionable de 4 a 16 ohm&hellip;","_links":{"self":[{"href":"https:\/\/rms-enlinea.com.ar\/tienda\/wp-json\/wp\/v2\/product\/54500","targetHints":{"allow":["GET"]}}],"collection":[{"href":"https:\/\/rms-enlinea.com.ar\/tienda\/wp-json\/wp\/v2\/product"}],"about":[{"href":"https:\/\/rms-enlinea.com.ar\/tienda\/wp-json\/wp\/v2\/types\/product"}],"replies":[{"embeddable":true,"href":"https:\/\/rms-enlinea.com.ar\/tienda\/wp-json\/wp\/v2\/comments?post=54500"}],"wp:featuredmedia":[{"embeddable":true,"href":"https:\/\/rms-enlinea.com.ar\/tienda\/wp-json\/wp\/v2\/media\/10500"}],"wp:attachment":[{"href":"https:\/\/rms-enlinea.com.ar\/tienda\/wp-json\/wp\/v2\/media?parent=54500"}],"wp:term":[{"taxonomy":"product_brand","embeddable":true,"href":"https:\/\/rms-enlinea.com.ar\/tienda\/wp-json\/wp\/v2\/product_brand?post=54500"},{"taxonomy":"product_cat","embeddable":true,"href":"https:\/\/rms-enlinea.com.ar\/tienda\/wp-json\/wp\/v2\/product_cat?post=54500"},{"taxonomy":"product_tag","embeddable":true,"href":"https:\/\/rms-enlinea.com.ar\/tienda\/wp-json\/wp\/v2\/product_tag?post=54500"}],"curies":[{"name":"wp","href":"https:\/\/api.w.org\/{rel}","templated":true}]}}