{"id":54504,"date":"2025-08-20T19:20:19","date_gmt":"2025-08-20T22:20:19","guid":{"rendered":"https:\/\/rms-enlinea.com.ar\/tienda\/producto\/monitor-27-asus-va27ehf-j-ips-100hz-1ms-fhd-led\/"},"modified":"2026-02-25T20:30:10","modified_gmt":"2026-02-25T23:30:10","slug":"monitor-27-asus-va27ehf-j-ips-100hz-1ms-fhd-led","status":"publish","type":"product","link":"https:\/\/rms-enlinea.com.ar\/tienda\/producto\/monitor-27-asus-va27ehf-j-ips-100hz-1ms-fhd-led\/","title":{"rendered":"Monitor 27 Asus Va27ehf-j Ips 100hz 1ms Fhd Led"},"content":{"rendered":"<p>Dise\u00f1o sin marco Full HD (1920 x 1080) de 27 pulgadas con panel IPS con \u00e1ngulo de visi\u00f3n amplio de 178\u00b0.<\/p>\n<p>La frecuencia de actualizaci\u00f3n SmoothMotion de 100 Hz y 1 ms MPRT ofrece una experiencia visual fluida y sin interrupciones al habilitar VRR (frecuencia de actualizaci\u00f3n variable).<\/p>\n<p>Montaje VESA para montar en pared y ahorrar espacio en el escritorio.<\/p>\n<p>Los monitores ASUS Eye Care cuentan con tecnolog\u00edas Flicker-free y Low Blue Light certificadas por T\u00dcV Rheinland para garantizar una experiencia de visualizaci\u00f3n c\u00f3moda.<\/p>\n","protected":false},"excerpt":{"rendered":"<p>Dise\u00f1o sin marco Full HD (1920 x 1080) de 27 pulgadas con panel IPS con \u00e1ngulo de visi\u00f3n amplio de 178\u00b0. La frecuencia de actualizaci\u00f3n SmoothMotion de 100 Hz y 1 ms MPRT ofrece una experiencia visual fluida y sin interrupciones al habilitar VRR (frecuencia de actualizaci\u00f3n variable). Montaje VESA para montar en pared y [&hellip;]<\/p>\n","protected":false},"featured_media":54505,"comment_status":"open","ping_status":"closed","template":"","meta":{"_uag_custom_page_level_css":""},"product_brand":[586],"product_cat":[114],"product_tag":[],"class_list":{"0":"post-54504","1":"product","2":"type-product","3":"status-publish","4":"has-post-thumbnail","6":"product_brand-asus","7":"product_cat-monitores","9":"first","10":"outofstock","11":"sale","12":"taxable","13":"shipping-taxable","14":"purchasable","15":"product-type-simple"},"uagb_featured_image_src":{"full":["https:\/\/rms-enlinea.com.ar\/wp-content\/uploads\/2025\/08\/D_817677-MLA90564887449_082025-F.jpg",1198,933,false],"thumbnail":["https:\/\/rms-enlinea.com.ar\/wp-content\/uploads\/2025\/08\/D_817677-MLA90564887449_082025-F-150x150.jpg",150,150,true],"medium":["https:\/\/rms-enlinea.com.ar\/wp-content\/uploads\/2025\/08\/D_817677-MLA90564887449_082025-F-300x234.jpg",300,234,true],"medium_large":["https:\/\/rms-enlinea.com.ar\/wp-content\/uploads\/2025\/08\/D_817677-MLA90564887449_082025-F-768x598.jpg",768,598,true],"large":["https:\/\/rms-enlinea.com.ar\/wp-content\/uploads\/2025\/08\/D_817677-MLA90564887449_082025-F-1024x797.jpg",1024,797,true],"1536x1536":["https:\/\/rms-enlinea.com.ar\/wp-content\/uploads\/2025\/08\/D_817677-MLA90564887449_082025-F.jpg",1198,933,false],"2048x2048":["https:\/\/rms-enlinea.com.ar\/wp-content\/uploads\/2025\/08\/D_817677-MLA90564887449_082025-F.jpg",1198,933,false],"woocommerce_thumbnail":["https:\/\/rms-enlinea.com.ar\/wp-content\/uploads\/2025\/08\/D_817677-MLA90564887449_082025-F-450x450.jpg",450,450,true],"woocommerce_single":["https:\/\/rms-enlinea.com.ar\/wp-content\/uploads\/2025\/08\/D_817677-MLA90564887449_082025-F-600x467.jpg",600,467,true],"woocommerce_gallery_thumbnail":["https:\/\/rms-enlinea.com.ar\/wp-content\/uploads\/2025\/08\/D_817677-MLA90564887449_082025-F-100x100.jpg",100,100,true]},"uagb_author_info":{"display_name":"nelson","author_link":"https:\/\/rms-enlinea.com.ar\/tienda\/author\/"},"uagb_comment_info":0,"uagb_excerpt":"Dise\u00f1o sin marco Full HD (1920 x 1080) de 27 pulgadas con panel IPS con \u00e1ngulo de visi\u00f3n amplio de 178\u00b0. La frecuencia de actualizaci\u00f3n SmoothMotion de 100 Hz y 1 ms MPRT ofrece una experiencia visual fluida y sin interrupciones al habilitar VRR (frecuencia de actualizaci\u00f3n variable). Montaje VESA para montar en pared y&hellip;","_links":{"self":[{"href":"https:\/\/rms-enlinea.com.ar\/tienda\/wp-json\/wp\/v2\/product\/54504","targetHints":{"allow":["GET"]}}],"collection":[{"href":"https:\/\/rms-enlinea.com.ar\/tienda\/wp-json\/wp\/v2\/product"}],"about":[{"href":"https:\/\/rms-enlinea.com.ar\/tienda\/wp-json\/wp\/v2\/types\/product"}],"replies":[{"embeddable":true,"href":"https:\/\/rms-enlinea.com.ar\/tienda\/wp-json\/wp\/v2\/comments?post=54504"}],"wp:featuredmedia":[{"embeddable":true,"href":"https:\/\/rms-enlinea.com.ar\/tienda\/wp-json\/wp\/v2\/media\/54505"}],"wp:attachment":[{"href":"https:\/\/rms-enlinea.com.ar\/tienda\/wp-json\/wp\/v2\/media?parent=54504"}],"wp:term":[{"taxonomy":"product_brand","embeddable":true,"href":"https:\/\/rms-enlinea.com.ar\/tienda\/wp-json\/wp\/v2\/product_brand?post=54504"},{"taxonomy":"product_cat","embeddable":true,"href":"https:\/\/rms-enlinea.com.ar\/tienda\/wp-json\/wp\/v2\/product_cat?post=54504"},{"taxonomy":"product_tag","embeddable":true,"href":"https:\/\/rms-enlinea.com.ar\/tienda\/wp-json\/wp\/v2\/product_tag?post=54504"}],"curies":[{"name":"wp","href":"https:\/\/api.w.org\/{rel}","templated":true}]}}