{"id":54507,"date":"2025-08-20T19:20:34","date_gmt":"2025-08-20T22:20:34","guid":{"rendered":"https:\/\/rms-enlinea.com.ar\/tienda\/producto\/monitor-gamer-asus-27-vg279q3a-fhd-180hz-ips-hdmi-dp\/"},"modified":"2026-05-04T12:24:16","modified_gmt":"2026-05-04T15:24:16","slug":"monitor-gamer-asus-27-vg279q3a-fhd-180hz-ips-hdmi-dp","status":"publish","type":"product","link":"https:\/\/rms-enlinea.com.ar\/tienda\/producto\/monitor-gamer-asus-27-vg279q3a-fhd-180hz-ips-hdmi-dp\/","title":{"rendered":"Monitor Gamer Asus 27 Vg279q3a Fhd 180hz Ips Hdmi Dp"},"content":{"rendered":"<p>Monitor para juegos Full HD (1920 x 1080) de 27 pulgadas con frecuencia de actualizaci\u00f3n de 180 Hz dise\u00f1ado para jugadores profesionales y juegos inmersivos.<\/p>\n<p>La tecnolog\u00eda ASUS Extreme Low Motion Blur Sync (ELMB Sync) permite que las tecnolog\u00edas ELMB y de frecuencia de actualizaci\u00f3n variable funcionen simult\u00e1neamente para eliminar las im\u00e1genes fantasma y el desgarro para obtener im\u00e1genes de juego n\u00edtidas con altas velocidades de cuadro.<\/p>\n<p>La compatibilidad con FreeSync Premium y G-Sync ofrece una experiencia de juego fluida y sin desgarros al habilitar VRR (frecuencia de actualizaci\u00f3n variable) de forma predeterminada.<br \/>Shadow Boost mejora los detalles de la imagen en las \u00e1reas oscuras, iluminando las escenas sin sobreexponer las \u00e1reas brillantes.<\/p>\n","protected":false},"excerpt":{"rendered":"<p>Monitor para juegos Full HD (1920 x 1080) de 27 pulgadas con frecuencia de actualizaci\u00f3n de 180 Hz dise\u00f1ado para jugadores profesionales y juegos inmersivos. La tecnolog\u00eda ASUS Extreme Low Motion Blur Sync (ELMB Sync) permite que las tecnolog\u00edas ELMB y de frecuencia de actualizaci\u00f3n variable funcionen simult\u00e1neamente para eliminar las im\u00e1genes fantasma y el [&hellip;]<\/p>\n","protected":false},"featured_media":49225,"comment_status":"open","ping_status":"closed","template":"","meta":{"_uag_custom_page_level_css":""},"product_brand":[586],"product_cat":[114],"product_tag":[],"class_list":{"0":"post-54507","1":"product","2":"type-product","3":"status-publish","4":"has-post-thumbnail","6":"product_brand-asus","7":"product_cat-monitores","9":"first","10":"outofstock","11":"sale","12":"taxable","13":"shipping-taxable","14":"purchasable","15":"product-type-simple"},"uagb_featured_image_src":{"full":["https:\/\/rms-enlinea.com.ar\/wp-content\/uploads\/2025\/06\/D_900675-MLA81364299251_122024-F.jpg",1200,896,false],"thumbnail":["https:\/\/rms-enlinea.com.ar\/wp-content\/uploads\/2025\/06\/D_900675-MLA81364299251_122024-F-150x150.jpg",150,150,true],"medium":["https:\/\/rms-enlinea.com.ar\/wp-content\/uploads\/2025\/06\/D_900675-MLA81364299251_122024-F-300x224.jpg",300,224,true],"medium_large":["https:\/\/rms-enlinea.com.ar\/wp-content\/uploads\/2025\/06\/D_900675-MLA81364299251_122024-F-768x573.jpg",768,573,true],"large":["https:\/\/rms-enlinea.com.ar\/wp-content\/uploads\/2025\/06\/D_900675-MLA81364299251_122024-F-1024x765.jpg",1024,765,true],"1536x1536":["https:\/\/rms-enlinea.com.ar\/wp-content\/uploads\/2025\/06\/D_900675-MLA81364299251_122024-F.jpg",1200,896,false],"2048x2048":["https:\/\/rms-enlinea.com.ar\/wp-content\/uploads\/2025\/06\/D_900675-MLA81364299251_122024-F.jpg",1200,896,false],"woocommerce_thumbnail":["https:\/\/rms-enlinea.com.ar\/wp-content\/uploads\/2025\/06\/D_900675-MLA81364299251_122024-F-450x450.jpg",450,450,true],"woocommerce_single":["https:\/\/rms-enlinea.com.ar\/wp-content\/uploads\/2025\/06\/D_900675-MLA81364299251_122024-F-600x448.jpg",600,448,true],"woocommerce_gallery_thumbnail":["https:\/\/rms-enlinea.com.ar\/wp-content\/uploads\/2025\/06\/D_900675-MLA81364299251_122024-F-100x100.jpg",100,100,true]},"uagb_author_info":{"display_name":"nelson","author_link":"https:\/\/rms-enlinea.com.ar\/tienda\/author\/"},"uagb_comment_info":0,"uagb_excerpt":"Monitor para juegos Full HD (1920 x 1080) de 27 pulgadas con frecuencia de actualizaci\u00f3n de 180 Hz dise\u00f1ado para jugadores profesionales y juegos inmersivos. La tecnolog\u00eda ASUS Extreme Low Motion Blur Sync (ELMB Sync) permite que las tecnolog\u00edas ELMB y de frecuencia de actualizaci\u00f3n variable funcionen simult\u00e1neamente para eliminar las im\u00e1genes fantasma y el&hellip;","_links":{"self":[{"href":"https:\/\/rms-enlinea.com.ar\/tienda\/wp-json\/wp\/v2\/product\/54507","targetHints":{"allow":["GET"]}}],"collection":[{"href":"https:\/\/rms-enlinea.com.ar\/tienda\/wp-json\/wp\/v2\/product"}],"about":[{"href":"https:\/\/rms-enlinea.com.ar\/tienda\/wp-json\/wp\/v2\/types\/product"}],"replies":[{"embeddable":true,"href":"https:\/\/rms-enlinea.com.ar\/tienda\/wp-json\/wp\/v2\/comments?post=54507"}],"wp:featuredmedia":[{"embeddable":true,"href":"https:\/\/rms-enlinea.com.ar\/tienda\/wp-json\/wp\/v2\/media\/49225"}],"wp:attachment":[{"href":"https:\/\/rms-enlinea.com.ar\/tienda\/wp-json\/wp\/v2\/media?parent=54507"}],"wp:term":[{"taxonomy":"product_brand","embeddable":true,"href":"https:\/\/rms-enlinea.com.ar\/tienda\/wp-json\/wp\/v2\/product_brand?post=54507"},{"taxonomy":"product_cat","embeddable":true,"href":"https:\/\/rms-enlinea.com.ar\/tienda\/wp-json\/wp\/v2\/product_cat?post=54507"},{"taxonomy":"product_tag","embeddable":true,"href":"https:\/\/rms-enlinea.com.ar\/tienda\/wp-json\/wp\/v2\/product_tag?post=54507"}],"curies":[{"name":"wp","href":"https:\/\/api.w.org\/{rel}","templated":true}]}}