{"id":54509,"date":"2025-08-20T19:20:44","date_gmt":"2025-08-20T22:20:44","guid":{"rendered":"https:\/\/rms-enlinea.com.ar\/tienda\/producto\/monitor-asus-24-va24ehf-ips-100hz-1ms-fhd-vesa\/"},"modified":"2026-05-04T12:52:58","modified_gmt":"2026-05-04T15:52:58","slug":"monitor-asus-24-va24ehf-ips-100hz-1ms-fhd-vesa","status":"publish","type":"product","link":"https:\/\/rms-enlinea.com.ar\/tienda\/producto\/monitor-asus-24-va24ehf-ips-100hz-1ms-fhd-vesa\/","title":{"rendered":"Monitor Asus 24 Va24ehf Ips 100hz 1ms Fhd Vesa"},"content":{"rendered":"<p>El monitor ASUS VA24EHF-J de 24 pulgadas es la elecci\u00f3n perfecta para quienes buscan una experiencia visual envolvente y de alta calidad. Con su panel IPS y resoluci\u00f3n Full HD de 1920 x 1080 p\u00edxeles, disfrutar\u00e1s de colores vibrantes y \u00e1ngulos de visi\u00f3n amplios, ideales tanto para el trabajo como para el entretenimiento. Su frecuencia de actualizaci\u00f3n de 100 Hz y tiempo de respuesta de 1 ms garantizan una fluidez excepcional en juegos y videos, permiti\u00e9ndote sumergirte en cada detalle.<\/p>\n<p>Dise\u00f1ado con la l\u00ednea Eye Care Gaming, este monitor cuenta con tecnolog\u00edas que reducen la fatiga visual, lo que lo convierte en una opci\u00f3n ideal para largas sesiones de uso. Adem\u00e1s, su compatibilidad con FreeSync asegura una experiencia de juego sin interrupciones, eliminando el desgarro de imagen y mejorando la sincronizaci\u00f3n entre la tarjeta gr\u00e1fica y el monitor. <\/p>\n<p>El ASUS VA24EHF-J tambi\u00e9n incluye conectividad HDMI, facilitando la conexi\u00f3n con diversos dispositivos. Su dise\u00f1o elegante en color negro se adapta a cualquier entorno, y su soporte VESA permite montarlo en la pared, optimizando el espacio de trabajo o de juego. <\/p>\n<p>Con una eficiencia energ\u00e9tica de clase A++, este monitor no solo es una opci\u00f3n responsable con el medio ambiente, sino que tambi\u00e9n te ayudar\u00e1 a reducir el consumo el\u00e9ctrico. Ya sea que est\u00e9s trabajando, jugando o disfrutando de tus pel\u00edculas favoritas, el ASUS VA24EHF-J es la herramienta perfecta para llevar tu experiencia visual al siguiente nivel.<\/p>\n","protected":false},"excerpt":{"rendered":"<p>El monitor ASUS VA24EHF-J de 24 pulgadas es la elecci\u00f3n perfecta para quienes buscan una experiencia visual envolvente y de alta calidad. Con su panel IPS y resoluci\u00f3n Full HD de 1920 x 1080 p\u00edxeles, disfrutar\u00e1s de colores vibrantes y \u00e1ngulos de visi\u00f3n amplios, ideales tanto para el trabajo como para el entretenimiento. Su frecuencia [&hellip;]<\/p>\n","protected":false},"featured_media":5713,"comment_status":"open","ping_status":"closed","template":"","meta":{"_uag_custom_page_level_css":""},"product_brand":[586],"product_cat":[114],"product_tag":[],"class_list":{"0":"post-54509","1":"product","2":"type-product","3":"status-publish","4":"has-post-thumbnail","6":"product_brand-asus","7":"product_cat-monitores","9":"first","10":"outofstock","11":"sale","12":"taxable","13":"shipping-taxable","14":"purchasable","15":"product-type-simple"},"uagb_featured_image_src":{"full":["https:\/\/rms-enlinea.com.ar\/wp-content\/uploads\/2025\/06\/D_918916-MLA84520264413_052025-F.jpg",899,710,false],"thumbnail":["https:\/\/rms-enlinea.com.ar\/wp-content\/uploads\/2025\/06\/D_918916-MLA84520264413_052025-F-150x150.jpg",150,150,true],"medium":["https:\/\/rms-enlinea.com.ar\/wp-content\/uploads\/2025\/06\/D_918916-MLA84520264413_052025-F-300x237.jpg",300,237,true],"medium_large":["https:\/\/rms-enlinea.com.ar\/wp-content\/uploads\/2025\/06\/D_918916-MLA84520264413_052025-F-768x607.jpg",768,607,true],"large":["https:\/\/rms-enlinea.com.ar\/wp-content\/uploads\/2025\/06\/D_918916-MLA84520264413_052025-F.jpg",899,710,false],"1536x1536":["https:\/\/rms-enlinea.com.ar\/wp-content\/uploads\/2025\/06\/D_918916-MLA84520264413_052025-F.jpg",899,710,false],"2048x2048":["https:\/\/rms-enlinea.com.ar\/wp-content\/uploads\/2025\/06\/D_918916-MLA84520264413_052025-F.jpg",899,710,false],"woocommerce_thumbnail":["https:\/\/rms-enlinea.com.ar\/wp-content\/uploads\/2025\/06\/D_918916-MLA84520264413_052025-F-450x450.jpg",450,450,true],"woocommerce_single":["https:\/\/rms-enlinea.com.ar\/wp-content\/uploads\/2025\/06\/D_918916-MLA84520264413_052025-F-600x474.jpg",600,474,true],"woocommerce_gallery_thumbnail":["https:\/\/rms-enlinea.com.ar\/wp-content\/uploads\/2025\/06\/D_918916-MLA84520264413_052025-F-100x100.jpg",100,100,true]},"uagb_author_info":{"display_name":"nelson","author_link":"https:\/\/rms-enlinea.com.ar\/tienda\/author\/"},"uagb_comment_info":0,"uagb_excerpt":"El monitor ASUS VA24EHF-J de 24 pulgadas es la elecci\u00f3n perfecta para quienes buscan una experiencia visual envolvente y de alta calidad. Con su panel IPS y resoluci\u00f3n Full HD de 1920 x 1080 p\u00edxeles, disfrutar\u00e1s de colores vibrantes y \u00e1ngulos de visi\u00f3n amplios, ideales tanto para el trabajo como para el entretenimiento. Su frecuencia&hellip;","_links":{"self":[{"href":"https:\/\/rms-enlinea.com.ar\/tienda\/wp-json\/wp\/v2\/product\/54509","targetHints":{"allow":["GET"]}}],"collection":[{"href":"https:\/\/rms-enlinea.com.ar\/tienda\/wp-json\/wp\/v2\/product"}],"about":[{"href":"https:\/\/rms-enlinea.com.ar\/tienda\/wp-json\/wp\/v2\/types\/product"}],"replies":[{"embeddable":true,"href":"https:\/\/rms-enlinea.com.ar\/tienda\/wp-json\/wp\/v2\/comments?post=54509"}],"wp:featuredmedia":[{"embeddable":true,"href":"https:\/\/rms-enlinea.com.ar\/tienda\/wp-json\/wp\/v2\/media\/5713"}],"wp:attachment":[{"href":"https:\/\/rms-enlinea.com.ar\/tienda\/wp-json\/wp\/v2\/media?parent=54509"}],"wp:term":[{"taxonomy":"product_brand","embeddable":true,"href":"https:\/\/rms-enlinea.com.ar\/tienda\/wp-json\/wp\/v2\/product_brand?post=54509"},{"taxonomy":"product_cat","embeddable":true,"href":"https:\/\/rms-enlinea.com.ar\/tienda\/wp-json\/wp\/v2\/product_cat?post=54509"},{"taxonomy":"product_tag","embeddable":true,"href":"https:\/\/rms-enlinea.com.ar\/tienda\/wp-json\/wp\/v2\/product_tag?post=54509"}],"curies":[{"name":"wp","href":"https:\/\/api.w.org\/{rel}","templated":true}]}}