{"id":54563,"date":"2025-08-21T16:30:57","date_gmt":"2025-08-21T19:30:57","guid":{"rendered":"https:\/\/rms-enlinea.com.ar\/tienda\/producto\/amplificador-digital-1u-rack-250w-x-2-8-ohms-vmr-digiamp250\/"},"modified":"2026-04-21T04:16:36","modified_gmt":"2026-04-21T07:16:36","slug":"amplificador-digital-1u-rack-250w-x-2-8-ohms-vmr-digiamp250","status":"publish","type":"product","link":"https:\/\/rms-enlinea.com.ar\/tienda\/producto\/amplificador-digital-1u-rack-250w-x-2-8-ohms-vmr-digiamp250\/","title":{"rendered":"Amplificador Digital 1u Rack 250w X 2 8 Ohms Vmr Digiamp250"},"content":{"rendered":"<p>El amplificador digital VMR DIGIAMP250 est\u00e1 dise\u00f1ado para ofrecer un rendimiento excepcional en sistemas de audio de alta calidad. Con una potencia de 250W por canal a 8 ohms, este modelo compacto de 1U de rack es ideal para profesionales que buscan una soluci\u00f3n potente y eficiente para sus eventos en vivo o instalaciones permanentes.<\/p>\n<p>La construcci\u00f3n digital del DIGIAMP250 asegura una claridad de audio y una respuesta r\u00e1pida, optimizando cada frecuencia para una experiencia auditiva envolvente. Adem\u00e1s, su dise\u00f1o sin pantalla resulta en un equipo m\u00e1s ligero y compacto, permitiendo un montaje m\u00e1s fluido en espacios reducidos.<\/p>\n<p>Este amplificador es una opci\u00f3n ideal para m\u00fasicos, t\u00e9cnicos de audio y empresas de eventos que buscan un equipo confiable y de alto rendimiento. Con el VMR DIGIAMP250, puede estar seguro de que su sonido ser\u00e1 potenciado de manera eficaz, llevando su audio al siguiente nivel.<\/p>\n","protected":false},"excerpt":{"rendered":"<p>El amplificador digital VMR DIGIAMP250 est\u00e1 dise\u00f1ado para ofrecer un rendimiento excepcional en sistemas de audio de alta calidad. Con una potencia de 250W por canal a 8 ohms, este modelo compacto de 1U de rack es ideal para profesionales que buscan una soluci\u00f3n potente y eficiente para sus eventos en vivo o instalaciones permanentes. [&hellip;]<\/p>\n","protected":false},"featured_media":54564,"comment_status":"open","ping_status":"closed","template":"","meta":{"_uag_custom_page_level_css":""},"product_brand":[497],"product_cat":[53,15],"product_tag":[],"class_list":{"0":"post-54563","1":"product","2":"type-product","3":"status-publish","4":"has-post-thumbnail","6":"product_brand-vmr","7":"product_cat-amplificadores-potencias","8":"product_cat-sin-categorizar","10":"first","11":"outofstock","12":"sale","13":"taxable","14":"shipping-taxable","15":"purchasable","16":"product-type-simple"},"uagb_featured_image_src":{"full":["https:\/\/rms-enlinea.com.ar\/wp-content\/uploads\/2025\/08\/D_976007-MLA90275658294_082025-F.jpg",1200,385,false],"thumbnail":["https:\/\/rms-enlinea.com.ar\/wp-content\/uploads\/2025\/08\/D_976007-MLA90275658294_082025-F-150x150.jpg",150,150,true],"medium":["https:\/\/rms-enlinea.com.ar\/wp-content\/uploads\/2025\/08\/D_976007-MLA90275658294_082025-F-300x96.jpg",300,96,true],"medium_large":["https:\/\/rms-enlinea.com.ar\/wp-content\/uploads\/2025\/08\/D_976007-MLA90275658294_082025-F-768x246.jpg",768,246,true],"large":["https:\/\/rms-enlinea.com.ar\/wp-content\/uploads\/2025\/08\/D_976007-MLA90275658294_082025-F-1024x329.jpg",1024,329,true],"1536x1536":["https:\/\/rms-enlinea.com.ar\/wp-content\/uploads\/2025\/08\/D_976007-MLA90275658294_082025-F.jpg",1200,385,false],"2048x2048":["https:\/\/rms-enlinea.com.ar\/wp-content\/uploads\/2025\/08\/D_976007-MLA90275658294_082025-F.jpg",1200,385,false],"woocommerce_thumbnail":["https:\/\/rms-enlinea.com.ar\/wp-content\/uploads\/2025\/08\/D_976007-MLA90275658294_082025-F-450x385.jpg",450,385,true],"woocommerce_single":["https:\/\/rms-enlinea.com.ar\/wp-content\/uploads\/2025\/08\/D_976007-MLA90275658294_082025-F-600x193.jpg",600,193,true],"woocommerce_gallery_thumbnail":["https:\/\/rms-enlinea.com.ar\/wp-content\/uploads\/2025\/08\/D_976007-MLA90275658294_082025-F-100x100.jpg",100,100,true]},"uagb_author_info":{"display_name":"nelson","author_link":"https:\/\/rms-enlinea.com.ar\/tienda\/author\/"},"uagb_comment_info":0,"uagb_excerpt":"El amplificador digital VMR DIGIAMP250 est\u00e1 dise\u00f1ado para ofrecer un rendimiento excepcional en sistemas de audio de alta calidad. Con una potencia de 250W por canal a 8 ohms, este modelo compacto de 1U de rack es ideal para profesionales que buscan una soluci\u00f3n potente y eficiente para sus eventos en vivo o instalaciones permanentes.&hellip;","_links":{"self":[{"href":"https:\/\/rms-enlinea.com.ar\/tienda\/wp-json\/wp\/v2\/product\/54563","targetHints":{"allow":["GET"]}}],"collection":[{"href":"https:\/\/rms-enlinea.com.ar\/tienda\/wp-json\/wp\/v2\/product"}],"about":[{"href":"https:\/\/rms-enlinea.com.ar\/tienda\/wp-json\/wp\/v2\/types\/product"}],"replies":[{"embeddable":true,"href":"https:\/\/rms-enlinea.com.ar\/tienda\/wp-json\/wp\/v2\/comments?post=54563"}],"wp:featuredmedia":[{"embeddable":true,"href":"https:\/\/rms-enlinea.com.ar\/tienda\/wp-json\/wp\/v2\/media\/54564"}],"wp:attachment":[{"href":"https:\/\/rms-enlinea.com.ar\/tienda\/wp-json\/wp\/v2\/media?parent=54563"}],"wp:term":[{"taxonomy":"product_brand","embeddable":true,"href":"https:\/\/rms-enlinea.com.ar\/tienda\/wp-json\/wp\/v2\/product_brand?post=54563"},{"taxonomy":"product_cat","embeddable":true,"href":"https:\/\/rms-enlinea.com.ar\/tienda\/wp-json\/wp\/v2\/product_cat?post=54563"},{"taxonomy":"product_tag","embeddable":true,"href":"https:\/\/rms-enlinea.com.ar\/tienda\/wp-json\/wp\/v2\/product_tag?post=54563"}],"curies":[{"name":"wp","href":"https:\/\/api.w.org\/{rel}","templated":true}]}}