{"id":54582,"date":"2025-08-21T18:10:27","date_gmt":"2025-08-21T21:10:27","guid":{"rendered":"https:\/\/rms-enlinea.com.ar\/tienda\/producto\/amplificador-de-potencia-para-instalaciones-vmr-store-18\/"},"modified":"2026-04-21T05:32:47","modified_gmt":"2026-04-21T08:32:47","slug":"amplificador-de-potencia-para-instalaciones-vmr-store-18","status":"publish","type":"product","link":"https:\/\/rms-enlinea.com.ar\/tienda\/producto\/amplificador-de-potencia-para-instalaciones-vmr-store-18\/","title":{"rendered":"Amplificador De Potencia Para Instalaciones Vmr Store 35"},"content":{"rendered":"<p>VMR AUDIO STORE 18 Amplificador de potencia para instalaciones<\/p>\n<p>DESCRIPCI\u00d3N<br \/>Los nuevos amplificadores POWER SERIES de VMR tienen todas las<br \/>caracter\u00edsticas necesarias para utilizar en aplicaciones de instalaci\u00f3n fija.<br \/>Desde locales comerciales, restaurantes y pubs hasta gimnasios, iglesias y<br \/>cualquier lugar donde se requiera m\u00fasica de ambientaci\u00f3n funcional.<\/p>\n<p>El STORE 18 posee 3 entradas para micr\u00f3fono, 3 entradas auxiliares y salida de l\u00ednea.<br \/>Incluye reproductor de MP3\/SD con un luminoso display, radio FM, Bluetooth, ecualizador de 2 bandas y control remoto.<\/p>\n<p>Caracteristicas<br \/>Bluetooth\tSi<br \/>Peso\t11,2 Kg.<br \/>Reproducci\u00f3n\tLector MP3\/SD con display y Radio FM<br \/>Zonas\t1 a 6<br \/>Tipo\tAmplificador de potencia con entradas multimedia<br \/>Conexi\u00f3n\tBornera de rosca<br \/>Impedancia\tSeleccionable de 4 a 16 ohm \/ Linea de 70V \/ 100V<br \/>Dimensiones\tH 48cm x W 8,8cm x D 33,5cm<br \/>Sensibilidad\tEntrada Mic: -50dB (2.45mV) \/ 2 K ohms, balanceado<br \/>Potencia\t180 Watts<\/p>\n","protected":false},"excerpt":{"rendered":"<p>VMR AUDIO STORE 18 Amplificador de potencia para instalaciones DESCRIPCI\u00d3NLos nuevos amplificadores POWER SERIES de VMR tienen todas lascaracter\u00edsticas necesarias para utilizar en aplicaciones de instalaci\u00f3n fija.Desde locales comerciales, restaurantes y pubs hasta gimnasios, iglesias ycualquier lugar donde se requiera m\u00fasica de ambientaci\u00f3n funcional. El STORE 18 posee 3 entradas para micr\u00f3fono, 3 entradas auxiliares [&hellip;]<\/p>\n","protected":false},"featured_media":54583,"comment_status":"open","ping_status":"closed","template":"","meta":{"_uag_custom_page_level_css":""},"product_brand":[497],"product_cat":[53,15],"product_tag":[],"class_list":{"0":"post-54582","1":"product","2":"type-product","3":"status-publish","4":"has-post-thumbnail","6":"product_brand-vmr","7":"product_cat-amplificadores-potencias","8":"product_cat-sin-categorizar","10":"first","11":"outofstock","12":"sale","13":"taxable","14":"shipping-taxable","15":"purchasable","16":"product-type-simple"},"uagb_featured_image_src":{"full":["https:\/\/rms-enlinea.com.ar\/wp-content\/uploads\/2025\/08\/D_704973-MLA90664662537_082025-F.jpg",1198,313,false],"thumbnail":["https:\/\/rms-enlinea.com.ar\/wp-content\/uploads\/2025\/08\/D_704973-MLA90664662537_082025-F-150x150.jpg",150,150,true],"medium":["https:\/\/rms-enlinea.com.ar\/wp-content\/uploads\/2025\/08\/D_704973-MLA90664662537_082025-F-300x78.jpg",300,78,true],"medium_large":["https:\/\/rms-enlinea.com.ar\/wp-content\/uploads\/2025\/08\/D_704973-MLA90664662537_082025-F-768x201.jpg",768,201,true],"large":["https:\/\/rms-enlinea.com.ar\/wp-content\/uploads\/2025\/08\/D_704973-MLA90664662537_082025-F-1024x268.jpg",1024,268,true],"1536x1536":["https:\/\/rms-enlinea.com.ar\/wp-content\/uploads\/2025\/08\/D_704973-MLA90664662537_082025-F.jpg",1198,313,false],"2048x2048":["https:\/\/rms-enlinea.com.ar\/wp-content\/uploads\/2025\/08\/D_704973-MLA90664662537_082025-F.jpg",1198,313,false],"woocommerce_thumbnail":["https:\/\/rms-enlinea.com.ar\/wp-content\/uploads\/2025\/08\/D_704973-MLA90664662537_082025-F-450x313.jpg",450,313,true],"woocommerce_single":["https:\/\/rms-enlinea.com.ar\/wp-content\/uploads\/2025\/08\/D_704973-MLA90664662537_082025-F-600x157.jpg",600,157,true],"woocommerce_gallery_thumbnail":["https:\/\/rms-enlinea.com.ar\/wp-content\/uploads\/2025\/08\/D_704973-MLA90664662537_082025-F-100x100.jpg",100,100,true]},"uagb_author_info":{"display_name":"nelson","author_link":"https:\/\/rms-enlinea.com.ar\/tienda\/author\/"},"uagb_comment_info":0,"uagb_excerpt":"VMR AUDIO STORE 18 Amplificador de potencia para instalaciones DESCRIPCI\u00d3NLos nuevos amplificadores POWER SERIES de VMR tienen todas lascaracter\u00edsticas necesarias para utilizar en aplicaciones de instalaci\u00f3n fija.Desde locales comerciales, restaurantes y pubs hasta gimnasios, iglesias ycualquier lugar donde se requiera m\u00fasica de ambientaci\u00f3n funcional. El STORE 18 posee 3 entradas para micr\u00f3fono, 3 entradas auxiliares&hellip;","_links":{"self":[{"href":"https:\/\/rms-enlinea.com.ar\/tienda\/wp-json\/wp\/v2\/product\/54582","targetHints":{"allow":["GET"]}}],"collection":[{"href":"https:\/\/rms-enlinea.com.ar\/tienda\/wp-json\/wp\/v2\/product"}],"about":[{"href":"https:\/\/rms-enlinea.com.ar\/tienda\/wp-json\/wp\/v2\/types\/product"}],"replies":[{"embeddable":true,"href":"https:\/\/rms-enlinea.com.ar\/tienda\/wp-json\/wp\/v2\/comments?post=54582"}],"wp:featuredmedia":[{"embeddable":true,"href":"https:\/\/rms-enlinea.com.ar\/tienda\/wp-json\/wp\/v2\/media\/54583"}],"wp:attachment":[{"href":"https:\/\/rms-enlinea.com.ar\/tienda\/wp-json\/wp\/v2\/media?parent=54582"}],"wp:term":[{"taxonomy":"product_brand","embeddable":true,"href":"https:\/\/rms-enlinea.com.ar\/tienda\/wp-json\/wp\/v2\/product_brand?post=54582"},{"taxonomy":"product_cat","embeddable":true,"href":"https:\/\/rms-enlinea.com.ar\/tienda\/wp-json\/wp\/v2\/product_cat?post=54582"},{"taxonomy":"product_tag","embeddable":true,"href":"https:\/\/rms-enlinea.com.ar\/tienda\/wp-json\/wp\/v2\/product_tag?post=54582"}],"curies":[{"name":"wp","href":"https:\/\/api.w.org\/{rel}","templated":true}]}}