{"id":54586,"date":"2025-08-21T18:21:04","date_gmt":"2025-08-21T21:21:04","guid":{"rendered":"https:\/\/rms-enlinea.com.ar\/tienda\/producto\/amplificador-de-potencia-para-instalaciones-vmr-store-18-2\/"},"modified":"2026-04-06T12:39:46","modified_gmt":"2026-04-06T15:39:46","slug":"amplificador-de-potencia-para-instalaciones-vmr-store-18-2","status":"publish","type":"product","link":"https:\/\/rms-enlinea.com.ar\/tienda\/producto\/amplificador-de-potencia-para-instalaciones-vmr-store-18-2\/","title":{"rendered":"Amplificador De Potencia Para Instalaciones Vmr Store 18"},"content":{"rendered":"<p>Los nuevos amplificadores POWER SERIES de VMR tienen todas las caracter\u00edsticas<br \/>necesarias para utilizar en aplicaciones de instalaci\u00f3n fija. Desde locales comerciales,<br \/>restaurantes y pubs hasta gimnasios, iglesias y cualquier lugar donde se requiera m\u00fasica<br \/>de ambientaci\u00f3n funcional.<\/p>\n<p>El STORE 35 posee 3 entradas para micr\u00f3fono, 3 entradas auxiliares y salida de l\u00ednea.<br \/>Incluye reproductor de MP3\/SD con un luminoso display, radio FM, Bluetooth, ecualizador de 2 bandas y control remoto.<\/p>\n<p>Caracteristicas<br \/>Bluetooth\tSi<br \/>Color\tNegro<br \/>Peso\t15,5 Kg.<br \/>Reproducci\u00f3n\tLector MP3\/SD con display y Radio FM<br \/>Zonas\tDe 1 a 6<br \/>Tipo\tAmplificador de potencia con entradas multimedia<br \/>Conexi\u00f3n\tBornera de rosca<br \/>Impedancia\tSeleccionable de 4 a 16 ohm \/ Linea de 70V \/ 100V<br \/>Dimensiones\tH 48cm x W 8,8cm x D 33,5cm<br \/>Sensibilidad\tEntrada Mic: -50dB<br \/>Potencia\t350 Watts<\/p>\n","protected":false},"excerpt":{"rendered":"<p>Los nuevos amplificadores POWER SERIES de VMR tienen todas las caracter\u00edsticasnecesarias para utilizar en aplicaciones de instalaci\u00f3n fija. Desde locales comerciales,restaurantes y pubs hasta gimnasios, iglesias y cualquier lugar donde se requiera m\u00fasicade ambientaci\u00f3n funcional. El STORE 35 posee 3 entradas para micr\u00f3fono, 3 entradas auxiliares y salida de l\u00ednea.Incluye reproductor de MP3\/SD con un [&hellip;]<\/p>\n","protected":false},"featured_media":54587,"comment_status":"open","ping_status":"closed","template":"","meta":{"_uag_custom_page_level_css":""},"product_brand":[497],"product_cat":[53,15],"product_tag":[],"class_list":{"0":"post-54586","1":"product","2":"type-product","3":"status-publish","4":"has-post-thumbnail","6":"product_brand-vmr","7":"product_cat-amplificadores-potencias","8":"product_cat-sin-categorizar","10":"first","11":"instock","12":"sale","13":"taxable","14":"shipping-taxable","15":"purchasable","16":"product-type-simple"},"uagb_featured_image_src":{"full":["https:\/\/rms-enlinea.com.ar\/wp-content\/uploads\/2025\/08\/D_697793-MLA90665695473_082025-F.jpg",1199,336,false],"thumbnail":["https:\/\/rms-enlinea.com.ar\/wp-content\/uploads\/2025\/08\/D_697793-MLA90665695473_082025-F-150x150.jpg",150,150,true],"medium":["https:\/\/rms-enlinea.com.ar\/wp-content\/uploads\/2025\/08\/D_697793-MLA90665695473_082025-F-300x84.jpg",300,84,true],"medium_large":["https:\/\/rms-enlinea.com.ar\/wp-content\/uploads\/2025\/08\/D_697793-MLA90665695473_082025-F-768x215.jpg",768,215,true],"large":["https:\/\/rms-enlinea.com.ar\/wp-content\/uploads\/2025\/08\/D_697793-MLA90665695473_082025-F-1024x287.jpg",1024,287,true],"1536x1536":["https:\/\/rms-enlinea.com.ar\/wp-content\/uploads\/2025\/08\/D_697793-MLA90665695473_082025-F.jpg",1199,336,false],"2048x2048":["https:\/\/rms-enlinea.com.ar\/wp-content\/uploads\/2025\/08\/D_697793-MLA90665695473_082025-F.jpg",1199,336,false],"woocommerce_thumbnail":["https:\/\/rms-enlinea.com.ar\/wp-content\/uploads\/2025\/08\/D_697793-MLA90665695473_082025-F-450x336.jpg",450,336,true],"woocommerce_single":["https:\/\/rms-enlinea.com.ar\/wp-content\/uploads\/2025\/08\/D_697793-MLA90665695473_082025-F-600x168.jpg",600,168,true],"woocommerce_gallery_thumbnail":["https:\/\/rms-enlinea.com.ar\/wp-content\/uploads\/2025\/08\/D_697793-MLA90665695473_082025-F-100x100.jpg",100,100,true]},"uagb_author_info":{"display_name":"nelson","author_link":"https:\/\/rms-enlinea.com.ar\/tienda\/author\/"},"uagb_comment_info":0,"uagb_excerpt":"Los nuevos amplificadores POWER SERIES de VMR tienen todas las caracter\u00edsticasnecesarias para utilizar en aplicaciones de instalaci\u00f3n fija. Desde locales comerciales,restaurantes y pubs hasta gimnasios, iglesias y cualquier lugar donde se requiera m\u00fasicade ambientaci\u00f3n funcional. El STORE 35 posee 3 entradas para micr\u00f3fono, 3 entradas auxiliares y salida de l\u00ednea.Incluye reproductor de MP3\/SD con un&hellip;","_links":{"self":[{"href":"https:\/\/rms-enlinea.com.ar\/tienda\/wp-json\/wp\/v2\/product\/54586","targetHints":{"allow":["GET"]}}],"collection":[{"href":"https:\/\/rms-enlinea.com.ar\/tienda\/wp-json\/wp\/v2\/product"}],"about":[{"href":"https:\/\/rms-enlinea.com.ar\/tienda\/wp-json\/wp\/v2\/types\/product"}],"replies":[{"embeddable":true,"href":"https:\/\/rms-enlinea.com.ar\/tienda\/wp-json\/wp\/v2\/comments?post=54586"}],"wp:featuredmedia":[{"embeddable":true,"href":"https:\/\/rms-enlinea.com.ar\/tienda\/wp-json\/wp\/v2\/media\/54587"}],"wp:attachment":[{"href":"https:\/\/rms-enlinea.com.ar\/tienda\/wp-json\/wp\/v2\/media?parent=54586"}],"wp:term":[{"taxonomy":"product_brand","embeddable":true,"href":"https:\/\/rms-enlinea.com.ar\/tienda\/wp-json\/wp\/v2\/product_brand?post=54586"},{"taxonomy":"product_cat","embeddable":true,"href":"https:\/\/rms-enlinea.com.ar\/tienda\/wp-json\/wp\/v2\/product_cat?post=54586"},{"taxonomy":"product_tag","embeddable":true,"href":"https:\/\/rms-enlinea.com.ar\/tienda\/wp-json\/wp\/v2\/product_tag?post=54586"}],"curies":[{"name":"wp","href":"https:\/\/api.w.org\/{rel}","templated":true}]}}