{"id":54596,"date":"2025-08-21T18:50:04","date_gmt":"2025-08-21T21:50:04","guid":{"rendered":"https:\/\/rms-enlinea.com.ar\/tienda\/producto\/amplificador-de-potencia-para-instalaciones-vmr-store-6\/"},"modified":"2026-03-31T20:28:51","modified_gmt":"2026-03-31T23:28:51","slug":"amplificador-de-potencia-para-instalaciones-vmr-store-6","status":"publish","type":"product","link":"https:\/\/rms-enlinea.com.ar\/tienda\/producto\/amplificador-de-potencia-para-instalaciones-vmr-store-6\/","title":{"rendered":"Amplificador De Potencia Para Instalaciones Vmr Store 6"},"content":{"rendered":"<p>La serie POWER consistente en amplificadores de potencia resistentes para aplicaciones de sonido instaladas. Proporcionan conectores de entrada y salida flexibles, perfectos para su uso en proyectos como salas de espect\u00e1culos, clubes deportivos, gimnasios, salas de baile, bares y sistemas de m\u00fasica de fondo.<br \/>El amplificador STORE 6 es un modelo compacto y vers\u00e1til ideal para instalaciones en salones.<br \/>Caracteristicas<br \/>Color\tNegro<br \/>Consumo\tDC 12V \/ 3A<br \/>Medidas\tH 23,5cm x W 8cm x D 22,5cm<br \/>Peso\t3,5 Kg.<br \/>Zonas\t1 canal mono \/ 1 zona<br \/>Tipo\tAmplificador de potencia para instalaci\u00f3n<br \/>Conexi\u00f3n\tBornera de rosca<br \/>Impedancia\tSeleccionable de 4 a 16 ohm \/ Linea de 70V \/ 100V<br \/>Sensibilidad\tEntrada Mic: -50dB (2.45mV) \/ 2 K ohms, balanceado<br \/>Potencia\t30 watts<\/p>\n","protected":false},"excerpt":{"rendered":"<p>La serie POWER consistente en amplificadores de potencia resistentes para aplicaciones de sonido instaladas. Proporcionan conectores de entrada y salida flexibles, perfectos para su uso en proyectos como salas de espect\u00e1culos, clubes deportivos, gimnasios, salas de baile, bares y sistemas de m\u00fasica de fondo.El amplificador STORE 6 es un modelo compacto y vers\u00e1til ideal para [&hellip;]<\/p>\n","protected":false},"featured_media":54597,"comment_status":"open","ping_status":"closed","template":"","meta":{"_uag_custom_page_level_css":""},"product_brand":[497],"product_cat":[53,15],"product_tag":[],"class_list":{"0":"post-54596","1":"product","2":"type-product","3":"status-publish","4":"has-post-thumbnail","6":"product_brand-vmr","7":"product_cat-amplificadores-potencias","8":"product_cat-sin-categorizar","10":"first","11":"outofstock","12":"sale","13":"taxable","14":"shipping-taxable","15":"purchasable","16":"product-type-simple"},"uagb_featured_image_src":{"full":["https:\/\/rms-enlinea.com.ar\/wp-content\/uploads\/2025\/08\/D_825201-MLA90281031996_082025-F.jpg",1199,430,false],"thumbnail":["https:\/\/rms-enlinea.com.ar\/wp-content\/uploads\/2025\/08\/D_825201-MLA90281031996_082025-F-150x150.jpg",150,150,true],"medium":["https:\/\/rms-enlinea.com.ar\/wp-content\/uploads\/2025\/08\/D_825201-MLA90281031996_082025-F-300x108.jpg",300,108,true],"medium_large":["https:\/\/rms-enlinea.com.ar\/wp-content\/uploads\/2025\/08\/D_825201-MLA90281031996_082025-F-768x275.jpg",768,275,true],"large":["https:\/\/rms-enlinea.com.ar\/wp-content\/uploads\/2025\/08\/D_825201-MLA90281031996_082025-F-1024x367.jpg",1024,367,true],"1536x1536":["https:\/\/rms-enlinea.com.ar\/wp-content\/uploads\/2025\/08\/D_825201-MLA90281031996_082025-F.jpg",1199,430,false],"2048x2048":["https:\/\/rms-enlinea.com.ar\/wp-content\/uploads\/2025\/08\/D_825201-MLA90281031996_082025-F.jpg",1199,430,false],"woocommerce_thumbnail":["https:\/\/rms-enlinea.com.ar\/wp-content\/uploads\/2025\/08\/D_825201-MLA90281031996_082025-F-450x430.jpg",450,430,true],"woocommerce_single":["https:\/\/rms-enlinea.com.ar\/wp-content\/uploads\/2025\/08\/D_825201-MLA90281031996_082025-F-600x215.jpg",600,215,true],"woocommerce_gallery_thumbnail":["https:\/\/rms-enlinea.com.ar\/wp-content\/uploads\/2025\/08\/D_825201-MLA90281031996_082025-F-100x100.jpg",100,100,true]},"uagb_author_info":{"display_name":"nelson","author_link":"https:\/\/rms-enlinea.com.ar\/tienda\/author\/"},"uagb_comment_info":0,"uagb_excerpt":"La serie POWER consistente en amplificadores de potencia resistentes para aplicaciones de sonido instaladas. Proporcionan conectores de entrada y salida flexibles, perfectos para su uso en proyectos como salas de espect\u00e1culos, clubes deportivos, gimnasios, salas de baile, bares y sistemas de m\u00fasica de fondo.El amplificador STORE 6 es un modelo compacto y vers\u00e1til ideal para&hellip;","_links":{"self":[{"href":"https:\/\/rms-enlinea.com.ar\/tienda\/wp-json\/wp\/v2\/product\/54596","targetHints":{"allow":["GET"]}}],"collection":[{"href":"https:\/\/rms-enlinea.com.ar\/tienda\/wp-json\/wp\/v2\/product"}],"about":[{"href":"https:\/\/rms-enlinea.com.ar\/tienda\/wp-json\/wp\/v2\/types\/product"}],"replies":[{"embeddable":true,"href":"https:\/\/rms-enlinea.com.ar\/tienda\/wp-json\/wp\/v2\/comments?post=54596"}],"wp:featuredmedia":[{"embeddable":true,"href":"https:\/\/rms-enlinea.com.ar\/tienda\/wp-json\/wp\/v2\/media\/54597"}],"wp:attachment":[{"href":"https:\/\/rms-enlinea.com.ar\/tienda\/wp-json\/wp\/v2\/media?parent=54596"}],"wp:term":[{"taxonomy":"product_brand","embeddable":true,"href":"https:\/\/rms-enlinea.com.ar\/tienda\/wp-json\/wp\/v2\/product_brand?post=54596"},{"taxonomy":"product_cat","embeddable":true,"href":"https:\/\/rms-enlinea.com.ar\/tienda\/wp-json\/wp\/v2\/product_cat?post=54596"},{"taxonomy":"product_tag","embeddable":true,"href":"https:\/\/rms-enlinea.com.ar\/tienda\/wp-json\/wp\/v2\/product_tag?post=54596"}],"curies":[{"name":"wp","href":"https:\/\/api.w.org\/{rel}","templated":true}]}}