{"id":54600,"date":"2025-08-21T18:50:11","date_gmt":"2025-08-21T21:50:11","guid":{"rendered":"https:\/\/rms-enlinea.com.ar\/tienda\/producto\/bafle-activo-12-pulgadas-2-vias-500w-rms-vmr-super-groove12\/"},"modified":"2026-04-02T17:20:10","modified_gmt":"2026-04-02T20:20:10","slug":"bafle-activo-12-pulgadas-2-vias-500w-rms-vmr-super-groove12","status":"publish","type":"product","link":"https:\/\/rms-enlinea.com.ar\/tienda\/producto\/bafle-activo-12-pulgadas-2-vias-500w-rms-vmr-super-groove12\/","title":{"rendered":"Bafle Activo De 12 500w Rms Dsp Bluetooth Vmr Super-groove12"},"content":{"rendered":"<p>Presentamos el Bafle Activo VMR Super-groove, un potente altavoz dise\u00f1ado para quienes buscan calidad de sonido excepcional. Con una potencia de salida de 500 W RMS, este bafle de 2 v\u00edas es ideal para eventos, reuniones o simplemente disfrutar de tu m\u00fasica favorita en casa. Su dise\u00f1o funcional permite colocarlo f\u00e1cilmente en diferentes espacios, ya sea en pared o en el suelo.<\/p>\n<p>Equipado con conectividad Bluetooth, permite reproducir m\u00fasica de forma inal\u00e1mbrica desde tus dispositivos m\u00f3viles, facilitando la experiencia de entretenimiento sin complicaciones. su alimentaci\u00f3n a 220V garantiza un rendimiento \u00f3ptimo para largas sesiones de uso. Este modelo es perfecto para aquellos que buscan un sonido claro y potente, sin necesidad de complicadas configuraciones.<\/p>\n<p>El VMR Super-groove es la elecci\u00f3n ideal para quienes valoran la calidad de audio y la versatilidad en la colocaci\u00f3n. Su dise\u00f1o robusto y activo proporciona una experiencia sonoro din\u00e1mica, destacando en fiestas o eventos donde la m\u00fasica es protagonista. Con este bafle, cada momento se convierte en una celebraci\u00f3n del sonido.<\/p>\n<p>Caracter\u00edsticas principales<\/p>\n<p>Bafle activo 2 vias<br \/>\nWoofer: 12&#8243;<br \/>\nDriver: 1&#8243; driver titanio<br \/>\nPotencia: 500 Watts RMS \/ 1000 pico<br \/>\nRespuesta en frecuencia: 45Hz-20KHz<br \/>\nDSP (Procesador Digital de Se\u00f1ales)<br \/>\nBluetooth y USB<br \/>\nCanales de entrada: 1 x linea + 1 x linea \/ microfono<br \/>\nEntradas: Rca, Xlr, Plug<br \/>\nSalida: xlr (para puentear con otros bafles)<br \/>\nPeso con caja: 22 Kg<br \/>\nPeso sin caja: 18 Kg<br \/>\nMedida: 43 x 40 x 67 Cm<\/p>\n","protected":false},"excerpt":{"rendered":"<p>Presentamos el Bafle Activo VMR Super-groove, un potente altavoz dise\u00f1ado para quienes buscan calidad de sonido excepcional. Con una potencia de salida de 500 W RMS, este bafle de 2 v\u00edas es ideal para eventos, reuniones o simplemente disfrutar de tu m\u00fasica favorita en casa. Su dise\u00f1o funcional permite colocarlo f\u00e1cilmente en diferentes espacios, ya [&hellip;]<\/p>\n","protected":false},"featured_media":54601,"comment_status":"open","ping_status":"closed","template":"","meta":{"_uag_custom_page_level_css":""},"product_brand":[497],"product_cat":[36],"product_tag":[],"class_list":{"0":"post-54600","1":"product","2":"type-product","3":"status-publish","4":"has-post-thumbnail","6":"product_brand-vmr","7":"product_cat-bafles","9":"first","10":"instock","11":"taxable","12":"shipping-taxable","13":"purchasable","14":"product-type-simple"},"uagb_featured_image_src":{"full":["https:\/\/rms-enlinea.com.ar\/wp-content\/uploads\/2025\/08\/D_869867-MLA90281400010_082025-F.jpg",681,1200,false],"thumbnail":["https:\/\/rms-enlinea.com.ar\/wp-content\/uploads\/2025\/08\/D_869867-MLA90281400010_082025-F-150x150.jpg",150,150,true],"medium":["https:\/\/rms-enlinea.com.ar\/wp-content\/uploads\/2025\/08\/D_869867-MLA90281400010_082025-F-170x300.jpg",170,300,true],"medium_large":["https:\/\/rms-enlinea.com.ar\/wp-content\/uploads\/2025\/08\/D_869867-MLA90281400010_082025-F.jpg",681,1200,false],"large":["https:\/\/rms-enlinea.com.ar\/wp-content\/uploads\/2025\/08\/D_869867-MLA90281400010_082025-F-581x1024.jpg",581,1024,true],"1536x1536":["https:\/\/rms-enlinea.com.ar\/wp-content\/uploads\/2025\/08\/D_869867-MLA90281400010_082025-F.jpg",681,1200,false],"2048x2048":["https:\/\/rms-enlinea.com.ar\/wp-content\/uploads\/2025\/08\/D_869867-MLA90281400010_082025-F.jpg",681,1200,false],"woocommerce_thumbnail":["https:\/\/rms-enlinea.com.ar\/wp-content\/uploads\/2025\/08\/D_869867-MLA90281400010_082025-F-450x450.jpg",450,450,true],"woocommerce_single":["https:\/\/rms-enlinea.com.ar\/wp-content\/uploads\/2025\/08\/D_869867-MLA90281400010_082025-F-600x1057.jpg",600,1057,true],"woocommerce_gallery_thumbnail":["https:\/\/rms-enlinea.com.ar\/wp-content\/uploads\/2025\/08\/D_869867-MLA90281400010_082025-F-100x100.jpg",100,100,true]},"uagb_author_info":{"display_name":"mario","author_link":"https:\/\/rms-enlinea.com.ar\/tienda\/author\/"},"uagb_comment_info":0,"uagb_excerpt":"Presentamos el Bafle Activo VMR Super-groove, un potente altavoz dise\u00f1ado para quienes buscan calidad de sonido excepcional. Con una potencia de salida de 500 W RMS, este bafle de 2 v\u00edas es ideal para eventos, reuniones o simplemente disfrutar de tu m\u00fasica favorita en casa. Su dise\u00f1o funcional permite colocarlo f\u00e1cilmente en diferentes espacios, ya&hellip;","_links":{"self":[{"href":"https:\/\/rms-enlinea.com.ar\/tienda\/wp-json\/wp\/v2\/product\/54600","targetHints":{"allow":["GET"]}}],"collection":[{"href":"https:\/\/rms-enlinea.com.ar\/tienda\/wp-json\/wp\/v2\/product"}],"about":[{"href":"https:\/\/rms-enlinea.com.ar\/tienda\/wp-json\/wp\/v2\/types\/product"}],"replies":[{"embeddable":true,"href":"https:\/\/rms-enlinea.com.ar\/tienda\/wp-json\/wp\/v2\/comments?post=54600"}],"wp:featuredmedia":[{"embeddable":true,"href":"https:\/\/rms-enlinea.com.ar\/tienda\/wp-json\/wp\/v2\/media\/54601"}],"wp:attachment":[{"href":"https:\/\/rms-enlinea.com.ar\/tienda\/wp-json\/wp\/v2\/media?parent=54600"}],"wp:term":[{"taxonomy":"product_brand","embeddable":true,"href":"https:\/\/rms-enlinea.com.ar\/tienda\/wp-json\/wp\/v2\/product_brand?post=54600"},{"taxonomy":"product_cat","embeddable":true,"href":"https:\/\/rms-enlinea.com.ar\/tienda\/wp-json\/wp\/v2\/product_cat?post=54600"},{"taxonomy":"product_tag","embeddable":true,"href":"https:\/\/rms-enlinea.com.ar\/tienda\/wp-json\/wp\/v2\/product_tag?post=54600"}],"curies":[{"name":"wp","href":"https:\/\/api.w.org\/{rel}","templated":true}]}}