{"id":54616,"date":"2025-08-22T01:42:35","date_gmt":"2025-08-22T04:42:35","guid":{"rendered":"https:\/\/rms-enlinea.com.ar\/tienda\/producto\/mouse-logitech-wireless-mx-master-3s-pale-grey\/"},"modified":"2026-04-21T06:50:12","modified_gmt":"2026-04-21T09:50:12","slug":"mouse-logitech-wireless-mx-master-3s-pale-grey","status":"publish","type":"product","link":"https:\/\/rms-enlinea.com.ar\/tienda\/producto\/mouse-logitech-wireless-mx-master-3s-pale-grey\/","title":{"rendered":"Mouse Logitech Wireless Mx Master 3s Pale Grey"},"content":{"rendered":"<p>DIMENSIONES<br \/>\nAltura: 124,9 mm<\/p>\n<p>Ancho: 84,3 mm<\/p>\n<p>Profundidad: 51 mm<\/p>\n<p>Peso: 141 g<\/p>\n<p>TECNOLOG\u00cdA DE SENSOR<br \/>\nTecnolog\u00eda de sensor: Alta precisi\u00f3n Darkfield<\/p>\n<p>Valor nominal: 1000 dpi<\/p>\n<p>dpi (valores m\u00ednimo y m\u00e1ximo): 200-8000 DPI (ajustable en incrementos de 50 DPI)<\/p>\n<p>BOTONES<br \/>\n7 botones (click izquierdo\/derecho, avance\/retroceso, conmutador de aplicaci\u00f3n, cambio de modo de bot\u00f3n rueda, click con el bot\u00f3n central)<\/p>\n<p>Rueda de desplazamiento: S\u00ed, con SmartShift<\/p>\n<p>Bot\u00f3n rueda para el pulgar: S\u00ed<\/p>\n<p>Bot\u00f3n de gestos: S\u00ed<\/p>\n<p>BATER\u00cdA<br \/>\nBater\u00eda recargable Li-Po (500 mAh)<\/p>\n<p>Consigue tres horas de uso con un minuto de carga r\u00e1pida.<\/p>\n","protected":false},"excerpt":{"rendered":"<p>DIMENSIONES Altura: 124,9 mm Ancho: 84,3 mm Profundidad: 51 mm Peso: 141 g TECNOLOG\u00cdA DE SENSOR Tecnolog\u00eda de sensor: Alta precisi\u00f3n Darkfield Valor nominal: 1000 dpi dpi (valores m\u00ednimo y m\u00e1ximo): 200-8000 DPI (ajustable en incrementos de 50 DPI) BOTONES 7 botones (click izquierdo\/derecho, avance\/retroceso, conmutador de aplicaci\u00f3n, cambio de modo de bot\u00f3n rueda, click [&hellip;]<\/p>\n","protected":false},"featured_media":54617,"comment_status":"open","ping_status":"closed","template":"","meta":{"_uag_custom_page_level_css":""},"product_brand":[549],"product_cat":[125],"product_tag":[],"class_list":{"0":"post-54616","1":"product","2":"type-product","3":"status-publish","4":"has-post-thumbnail","6":"product_brand-logitech","7":"product_cat-teclados-y-mouses","9":"first","10":"outofstock","11":"sale","12":"taxable","13":"shipping-taxable","14":"purchasable","15":"product-type-simple"},"uagb_featured_image_src":{"full":["https:\/\/rms-enlinea.com.ar\/wp-content\/uploads\/2025\/08\/D_936011-MLA90221161193_082025-F.jpg",730,1034,false],"thumbnail":["https:\/\/rms-enlinea.com.ar\/wp-content\/uploads\/2025\/08\/D_936011-MLA90221161193_082025-F-150x150.jpg",150,150,true],"medium":["https:\/\/rms-enlinea.com.ar\/wp-content\/uploads\/2025\/08\/D_936011-MLA90221161193_082025-F-212x300.jpg",212,300,true],"medium_large":["https:\/\/rms-enlinea.com.ar\/wp-content\/uploads\/2025\/08\/D_936011-MLA90221161193_082025-F.jpg",730,1034,false],"large":["https:\/\/rms-enlinea.com.ar\/wp-content\/uploads\/2025\/08\/D_936011-MLA90221161193_082025-F-723x1024.jpg",723,1024,true],"1536x1536":["https:\/\/rms-enlinea.com.ar\/wp-content\/uploads\/2025\/08\/D_936011-MLA90221161193_082025-F.jpg",730,1034,false],"2048x2048":["https:\/\/rms-enlinea.com.ar\/wp-content\/uploads\/2025\/08\/D_936011-MLA90221161193_082025-F.jpg",730,1034,false],"woocommerce_thumbnail":["https:\/\/rms-enlinea.com.ar\/wp-content\/uploads\/2025\/08\/D_936011-MLA90221161193_082025-F-450x450.jpg",450,450,true],"woocommerce_single":["https:\/\/rms-enlinea.com.ar\/wp-content\/uploads\/2025\/08\/D_936011-MLA90221161193_082025-F-600x850.jpg",600,850,true],"woocommerce_gallery_thumbnail":["https:\/\/rms-enlinea.com.ar\/wp-content\/uploads\/2025\/08\/D_936011-MLA90221161193_082025-F-100x100.jpg",100,100,true]},"uagb_author_info":{"display_name":"nelson","author_link":"https:\/\/rms-enlinea.com.ar\/tienda\/author\/"},"uagb_comment_info":0,"uagb_excerpt":"DIMENSIONES Altura: 124,9 mm Ancho: 84,3 mm Profundidad: 51 mm Peso: 141 g TECNOLOG\u00cdA DE SENSOR Tecnolog\u00eda de sensor: Alta precisi\u00f3n Darkfield Valor nominal: 1000 dpi dpi (valores m\u00ednimo y m\u00e1ximo): 200-8000 DPI (ajustable en incrementos de 50 DPI) BOTONES 7 botones (click izquierdo\/derecho, avance\/retroceso, conmutador de aplicaci\u00f3n, cambio de modo de bot\u00f3n rueda, click&hellip;","_links":{"self":[{"href":"https:\/\/rms-enlinea.com.ar\/tienda\/wp-json\/wp\/v2\/product\/54616","targetHints":{"allow":["GET"]}}],"collection":[{"href":"https:\/\/rms-enlinea.com.ar\/tienda\/wp-json\/wp\/v2\/product"}],"about":[{"href":"https:\/\/rms-enlinea.com.ar\/tienda\/wp-json\/wp\/v2\/types\/product"}],"replies":[{"embeddable":true,"href":"https:\/\/rms-enlinea.com.ar\/tienda\/wp-json\/wp\/v2\/comments?post=54616"}],"wp:featuredmedia":[{"embeddable":true,"href":"https:\/\/rms-enlinea.com.ar\/tienda\/wp-json\/wp\/v2\/media\/54617"}],"wp:attachment":[{"href":"https:\/\/rms-enlinea.com.ar\/tienda\/wp-json\/wp\/v2\/media?parent=54616"}],"wp:term":[{"taxonomy":"product_brand","embeddable":true,"href":"https:\/\/rms-enlinea.com.ar\/tienda\/wp-json\/wp\/v2\/product_brand?post=54616"},{"taxonomy":"product_cat","embeddable":true,"href":"https:\/\/rms-enlinea.com.ar\/tienda\/wp-json\/wp\/v2\/product_cat?post=54616"},{"taxonomy":"product_tag","embeddable":true,"href":"https:\/\/rms-enlinea.com.ar\/tienda\/wp-json\/wp\/v2\/product_tag?post=54616"}],"curies":[{"name":"wp","href":"https:\/\/api.w.org\/{rel}","templated":true}]}}