{"id":54626,"date":"2025-08-22T02:01:47","date_gmt":"2025-08-22T05:01:47","guid":{"rendered":"https:\/\/rms-enlinea.com.ar\/tienda\/producto\/procesador-amd-ryzen-9-7900-am5-c-video-c-cooler\/"},"modified":"2026-03-31T18:07:56","modified_gmt":"2026-03-31T21:07:56","slug":"procesador-amd-ryzen-9-7900-am5-c-video-c-cooler","status":"publish","type":"product","link":"https:\/\/rms-enlinea.com.ar\/tienda\/producto\/procesador-amd-ryzen-9-7900-am5-c-video-c-cooler\/","title":{"rendered":"Procesador Amd Ryzen 9 7900 Am5 C\/video C\/cooler"},"content":{"rendered":"<p>L\u00ednea de productos: AMD Ryzen\u2122 9 Processors<\/p>\n<p>N.\u00b0 de n\u00facleos de CPU: 12<\/p>\n<p>N.\u00b0 de subprocesos: 24<\/p>\n<p>Reloj de aumento m\u00e1x: Hasta 5.4GHz<\/p>\n<p>Reloj base: 3.7GHz<\/p>\n<p>Cach\u00e9 L1 total: 768KB<\/p>\n<p>Cach\u00e9 L2 total: 12MB<\/p>\n<p>Cach\u00e9 L3 total: 64MB<\/p>\n<p>TDP\/TDP predeterminado: 65W<\/p>\n<p>Processor Technology for CPU Cores: TSMC 5nm FinFET<\/p>\n<p>Desbloqueados: S\u00ed<\/p>\n<p>Paquete: AM5<\/p>\n<p>Soluci\u00f3n t\u00e9rmica: AMD Wraith Prism<\/p>\n<p>Temp. M\u00e1x: 95\u00b0C<\/p>\n","protected":false},"excerpt":{"rendered":"<p>L\u00ednea de productos: AMD Ryzen\u2122 9 Processors N.\u00b0 de n\u00facleos de CPU: 12 N.\u00b0 de subprocesos: 24 Reloj de aumento m\u00e1x: Hasta 5.4GHz Reloj base: 3.7GHz Cach\u00e9 L1 total: 768KB Cach\u00e9 L2 total: 12MB Cach\u00e9 L3 total: 64MB TDP\/TDP predeterminado: 65W Processor Technology for CPU Cores: TSMC 5nm FinFET Desbloqueados: S\u00ed Paquete: AM5 Soluci\u00f3n t\u00e9rmica: [&hellip;]<\/p>\n","protected":false},"featured_media":5581,"comment_status":"open","ping_status":"closed","template":"","meta":{"_uag_custom_page_level_css":""},"product_brand":[531],"product_cat":[121],"product_tag":[],"class_list":{"0":"post-54626","1":"product","2":"type-product","3":"status-publish","4":"has-post-thumbnail","6":"product_brand-amd","7":"product_cat-procesadores-computacion","9":"first","10":"outofstock","11":"sale","12":"taxable","13":"shipping-taxable","14":"purchasable","15":"product-type-simple"},"uagb_featured_image_src":{"full":["https:\/\/rms-enlinea.com.ar\/wp-content\/uploads\/2025\/06\/D_951004-MLA54950812533_042023-F.jpg",614,500,false],"thumbnail":["https:\/\/rms-enlinea.com.ar\/wp-content\/uploads\/2025\/06\/D_951004-MLA54950812533_042023-F-150x150.jpg",150,150,true],"medium":["https:\/\/rms-enlinea.com.ar\/wp-content\/uploads\/2025\/06\/D_951004-MLA54950812533_042023-F-300x244.jpg",300,244,true],"medium_large":["https:\/\/rms-enlinea.com.ar\/wp-content\/uploads\/2025\/06\/D_951004-MLA54950812533_042023-F.jpg",614,500,false],"large":["https:\/\/rms-enlinea.com.ar\/wp-content\/uploads\/2025\/06\/D_951004-MLA54950812533_042023-F.jpg",614,500,false],"1536x1536":["https:\/\/rms-enlinea.com.ar\/wp-content\/uploads\/2025\/06\/D_951004-MLA54950812533_042023-F.jpg",614,500,false],"2048x2048":["https:\/\/rms-enlinea.com.ar\/wp-content\/uploads\/2025\/06\/D_951004-MLA54950812533_042023-F.jpg",614,500,false],"woocommerce_thumbnail":["https:\/\/rms-enlinea.com.ar\/wp-content\/uploads\/2025\/06\/D_951004-MLA54950812533_042023-F-450x450.jpg",450,450,true],"woocommerce_single":["https:\/\/rms-enlinea.com.ar\/wp-content\/uploads\/2025\/06\/D_951004-MLA54950812533_042023-F-600x489.jpg",600,489,true],"woocommerce_gallery_thumbnail":["https:\/\/rms-enlinea.com.ar\/wp-content\/uploads\/2025\/06\/D_951004-MLA54950812533_042023-F-100x100.jpg",100,100,true]},"uagb_author_info":{"display_name":"nelson","author_link":"https:\/\/rms-enlinea.com.ar\/tienda\/author\/"},"uagb_comment_info":0,"uagb_excerpt":"L\u00ednea de productos: AMD Ryzen\u2122 9 Processors N.\u00b0 de n\u00facleos de CPU: 12 N.\u00b0 de subprocesos: 24 Reloj de aumento m\u00e1x: Hasta 5.4GHz Reloj base: 3.7GHz Cach\u00e9 L1 total: 768KB Cach\u00e9 L2 total: 12MB Cach\u00e9 L3 total: 64MB TDP\/TDP predeterminado: 65W Processor Technology for CPU Cores: TSMC 5nm FinFET Desbloqueados: S\u00ed Paquete: AM5 Soluci\u00f3n t\u00e9rmica:&hellip;","_links":{"self":[{"href":"https:\/\/rms-enlinea.com.ar\/tienda\/wp-json\/wp\/v2\/product\/54626","targetHints":{"allow":["GET"]}}],"collection":[{"href":"https:\/\/rms-enlinea.com.ar\/tienda\/wp-json\/wp\/v2\/product"}],"about":[{"href":"https:\/\/rms-enlinea.com.ar\/tienda\/wp-json\/wp\/v2\/types\/product"}],"replies":[{"embeddable":true,"href":"https:\/\/rms-enlinea.com.ar\/tienda\/wp-json\/wp\/v2\/comments?post=54626"}],"wp:featuredmedia":[{"embeddable":true,"href":"https:\/\/rms-enlinea.com.ar\/tienda\/wp-json\/wp\/v2\/media\/5581"}],"wp:attachment":[{"href":"https:\/\/rms-enlinea.com.ar\/tienda\/wp-json\/wp\/v2\/media?parent=54626"}],"wp:term":[{"taxonomy":"product_brand","embeddable":true,"href":"https:\/\/rms-enlinea.com.ar\/tienda\/wp-json\/wp\/v2\/product_brand?post=54626"},{"taxonomy":"product_cat","embeddable":true,"href":"https:\/\/rms-enlinea.com.ar\/tienda\/wp-json\/wp\/v2\/product_cat?post=54626"},{"taxonomy":"product_tag","embeddable":true,"href":"https:\/\/rms-enlinea.com.ar\/tienda\/wp-json\/wp\/v2\/product_tag?post=54626"}],"curies":[{"name":"wp","href":"https:\/\/api.w.org\/{rel}","templated":true}]}}