{"id":54636,"date":"2025-08-22T02:14:31","date_gmt":"2025-08-22T05:14:31","guid":{"rendered":"https:\/\/rms-enlinea.com.ar\/tienda\/producto\/presenter-logitech-spotlight-slate-910-005216-recargable-bt\/"},"modified":"2026-04-06T12:37:31","modified_gmt":"2026-04-06T15:37:31","slug":"presenter-logitech-spotlight-slate-910-005216-recargable-bt","status":"publish","type":"product","link":"https:\/\/rms-enlinea.com.ar\/tienda\/producto\/presenter-logitech-spotlight-slate-910-005216-recargable-bt\/","title":{"rendered":"Presenter Logitech Spotlight Slate 910-005216 Recargable Bt"},"content":{"rendered":"<p>Dimensiones<br \/>Remoto inal\u00e1mbrico para presentaciones<\/p>\n<p>Altura: 131,3 mm<br \/>Ancho: 28,1 mm<br \/>Profundidad: 12,1 mm<br \/>Peso: 49,2 g incluida bater\u00eda<br \/>Receptor<\/p>\n<p>Altura: 40,4 mm<br \/>Ancho: 17,2 mm<br \/>Profundidad: 6,8 mm<br \/>Peso: 3,3 g<br \/>Cable de carga<\/p>\n<p>Longitud: 140 mm<br \/>Especificaciones t\u00e9cnicas<br \/>Tecnolog\u00eda de sensor<\/p>\n<p>Sensor de movimiento<br \/>Aceler\u00f3metro y giroscopio 3D<br \/>Bater\u00eda<\/p>\n<p>Duraci\u00f3n de la bater\u00eda (recargable): 3 meses<br \/>Detalles de la bater\u00eda: Recargable de pol\u00edmero de litio, 85 mAh<br \/>Conectividad<\/p>\n<p>Tipo de conexi\u00f3n: Bluetooth de bajo consumo y conexi\u00f3n inal\u00e1mbrica de 2,4 GHz<br \/>Radio de acci\u00f3n inal\u00e1mbrico: 30 m<br \/>Indicador luminoso<\/p>\n<p>LED: Bater\u00eda y conectividad<br \/>Aplicaci\u00f3n de personalizaci\u00f3n<\/p>\n<p>Compatibilidad con Logi Options+ para Windows y macOS<\/p>\n","protected":false},"excerpt":{"rendered":"<p>DimensionesRemoto inal\u00e1mbrico para presentaciones Altura: 131,3 mmAncho: 28,1 mmProfundidad: 12,1 mmPeso: 49,2 g incluida bater\u00edaReceptor Altura: 40,4 mmAncho: 17,2 mmProfundidad: 6,8 mmPeso: 3,3 gCable de carga Longitud: 140 mmEspecificaciones t\u00e9cnicasTecnolog\u00eda de sensor Sensor de movimientoAceler\u00f3metro y giroscopio 3DBater\u00eda Duraci\u00f3n de la bater\u00eda (recargable): 3 mesesDetalles de la bater\u00eda: Recargable de pol\u00edmero de litio, 85 mAhConectividad [&hellip;]<\/p>\n","protected":false},"featured_media":54637,"comment_status":"open","ping_status":"closed","template":"","meta":{"_uag_custom_page_level_css":""},"product_brand":[549],"product_cat":[125],"product_tag":[],"class_list":{"0":"post-54636","1":"product","2":"type-product","3":"status-publish","4":"has-post-thumbnail","6":"product_brand-logitech","7":"product_cat-teclados-y-mouses","9":"first","10":"instock","11":"sale","12":"taxable","13":"shipping-taxable","14":"purchasable","15":"product-type-simple"},"uagb_featured_image_src":{"full":["https:\/\/rms-enlinea.com.ar\/wp-content\/uploads\/2025\/08\/D_731965-MLA90221009969_082025-F.jpg",234,1068,false],"thumbnail":["https:\/\/rms-enlinea.com.ar\/wp-content\/uploads\/2025\/08\/D_731965-MLA90221009969_082025-F-150x150.jpg",150,150,true],"medium":["https:\/\/rms-enlinea.com.ar\/wp-content\/uploads\/2025\/08\/D_731965-MLA90221009969_082025-F-66x300.jpg",66,300,true],"medium_large":["https:\/\/rms-enlinea.com.ar\/wp-content\/uploads\/2025\/08\/D_731965-MLA90221009969_082025-F.jpg",234,1068,false],"large":["https:\/\/rms-enlinea.com.ar\/wp-content\/uploads\/2025\/08\/D_731965-MLA90221009969_082025-F-224x1024.jpg",224,1024,true],"1536x1536":["https:\/\/rms-enlinea.com.ar\/wp-content\/uploads\/2025\/08\/D_731965-MLA90221009969_082025-F.jpg",234,1068,false],"2048x2048":["https:\/\/rms-enlinea.com.ar\/wp-content\/uploads\/2025\/08\/D_731965-MLA90221009969_082025-F.jpg",234,1068,false],"woocommerce_thumbnail":["https:\/\/rms-enlinea.com.ar\/wp-content\/uploads\/2025\/08\/D_731965-MLA90221009969_082025-F-234x450.jpg",234,450,true],"woocommerce_single":["https:\/\/rms-enlinea.com.ar\/wp-content\/uploads\/2025\/08\/D_731965-MLA90221009969_082025-F.jpg",234,1068,false],"woocommerce_gallery_thumbnail":["https:\/\/rms-enlinea.com.ar\/wp-content\/uploads\/2025\/08\/D_731965-MLA90221009969_082025-F-100x100.jpg",100,100,true]},"uagb_author_info":{"display_name":"nelson","author_link":"https:\/\/rms-enlinea.com.ar\/tienda\/author\/"},"uagb_comment_info":0,"uagb_excerpt":"DimensionesRemoto inal\u00e1mbrico para presentaciones Altura: 131,3 mmAncho: 28,1 mmProfundidad: 12,1 mmPeso: 49,2 g incluida bater\u00edaReceptor Altura: 40,4 mmAncho: 17,2 mmProfundidad: 6,8 mmPeso: 3,3 gCable de carga Longitud: 140 mmEspecificaciones t\u00e9cnicasTecnolog\u00eda de sensor Sensor de movimientoAceler\u00f3metro y giroscopio 3DBater\u00eda Duraci\u00f3n de la bater\u00eda (recargable): 3 mesesDetalles de la bater\u00eda: Recargable de pol\u00edmero de litio, 85 mAhConectividad&hellip;","_links":{"self":[{"href":"https:\/\/rms-enlinea.com.ar\/tienda\/wp-json\/wp\/v2\/product\/54636","targetHints":{"allow":["GET"]}}],"collection":[{"href":"https:\/\/rms-enlinea.com.ar\/tienda\/wp-json\/wp\/v2\/product"}],"about":[{"href":"https:\/\/rms-enlinea.com.ar\/tienda\/wp-json\/wp\/v2\/types\/product"}],"replies":[{"embeddable":true,"href":"https:\/\/rms-enlinea.com.ar\/tienda\/wp-json\/wp\/v2\/comments?post=54636"}],"wp:featuredmedia":[{"embeddable":true,"href":"https:\/\/rms-enlinea.com.ar\/tienda\/wp-json\/wp\/v2\/media\/54637"}],"wp:attachment":[{"href":"https:\/\/rms-enlinea.com.ar\/tienda\/wp-json\/wp\/v2\/media?parent=54636"}],"wp:term":[{"taxonomy":"product_brand","embeddable":true,"href":"https:\/\/rms-enlinea.com.ar\/tienda\/wp-json\/wp\/v2\/product_brand?post=54636"},{"taxonomy":"product_cat","embeddable":true,"href":"https:\/\/rms-enlinea.com.ar\/tienda\/wp-json\/wp\/v2\/product_cat?post=54636"},{"taxonomy":"product_tag","embeddable":true,"href":"https:\/\/rms-enlinea.com.ar\/tienda\/wp-json\/wp\/v2\/product_tag?post=54636"}],"curies":[{"name":"wp","href":"https:\/\/api.w.org\/{rel}","templated":true}]}}