{"id":54651,"date":"2025-08-22T02:15:01","date_gmt":"2025-08-22T05:15:01","guid":{"rendered":"https:\/\/rms-enlinea.com.ar\/tienda\/producto\/mouse-gamer-logitech-g-pro-x-superlight-910-005941\/"},"modified":"2026-04-06T13:35:29","modified_gmt":"2026-04-06T16:35:29","slug":"mouse-gamer-logitech-g-pro-x-superlight-910-005941","status":"publish","type":"product","link":"https:\/\/rms-enlinea.com.ar\/tienda\/producto\/mouse-gamer-logitech-g-pro-x-superlight-910-005941\/","title":{"rendered":"Mouse Gamer Logitech G Pro X Superlight 910-005941"},"content":{"rendered":"<p>ESPECIFICACIONES F\u00cdSICAS<\/p>\n<p>Altura: 125,0 mm<br \/>Anchura: 63,5 mm<br \/>Profundidad: 40,0 mm<br \/>ESPECIFICACIONES T\u00c9CNICAS<br \/>Compatible con POWERPLAY<br \/>Tecnolog\u00eda inal\u00e1mbrica LIGHTSPEED<br \/>Memoria integrada <br \/>Sistema de tensi\u00f3n de click<br \/>Pies de PTFE sin aditivos<br \/>5 botones<br \/>SEGUIMIENTO<br \/>Sensor: HERO\u2122<br \/>Resoluci\u00f3n: 100 \u2013 25.600 DPI<br \/>Aceleraci\u00f3n m\u00e1xima: &gt;40 G <br \/>Velocidad m\u00e1xima: &gt;400 ips <br \/>Sin suavizado\/aceleraci\u00f3n\/filtros<br \/>RESPUESTA<br \/>Velocidad de respuesta USB: 1.000 Hz (1 ms)<br \/>Microprocesador: ARM de 32 bits<br \/>DURACI\u00d3N DE BATER\u00cdAS <br \/>Movimiento constante: 70 h<br \/>REQUISITOS<br \/>Puerto USB<br \/>Windows\u00ae 8 o posteriores, macOS 10.11 o posteriores<br \/>Acceso a Internet para descarga de software opcional<\/p>\n","protected":false},"excerpt":{"rendered":"<p>ESPECIFICACIONES F\u00cdSICAS Altura: 125,0 mmAnchura: 63,5 mmProfundidad: 40,0 mmESPECIFICACIONES T\u00c9CNICASCompatible con POWERPLAYTecnolog\u00eda inal\u00e1mbrica LIGHTSPEEDMemoria integrada Sistema de tensi\u00f3n de clickPies de PTFE sin aditivos5 botonesSEGUIMIENTOSensor: HERO\u2122Resoluci\u00f3n: 100 \u2013 25.600 DPIAceleraci\u00f3n m\u00e1xima: &gt;40 G Velocidad m\u00e1xima: &gt;400 ips Sin suavizado\/aceleraci\u00f3n\/filtrosRESPUESTAVelocidad de respuesta USB: 1.000 Hz (1 ms)Microprocesador: ARM de 32 bitsDURACI\u00d3N DE BATER\u00cdAS Movimiento constante: 70 [&hellip;]<\/p>\n","protected":false},"featured_media":54652,"comment_status":"open","ping_status":"closed","template":"","meta":{"_uag_custom_page_level_css":""},"product_brand":[549],"product_cat":[125],"product_tag":[],"class_list":{"0":"post-54651","1":"product","2":"type-product","3":"status-publish","4":"has-post-thumbnail","6":"product_brand-logitech","7":"product_cat-teclados-y-mouses","9":"first","10":"outofstock","11":"sale","12":"taxable","13":"shipping-taxable","14":"purchasable","15":"product-type-simple"},"uagb_featured_image_src":{"full":["https:\/\/rms-enlinea.com.ar\/wp-content\/uploads\/2025\/08\/D_758435-MLA90223156951_082025-F.jpg",600,1188,false],"thumbnail":["https:\/\/rms-enlinea.com.ar\/wp-content\/uploads\/2025\/08\/D_758435-MLA90223156951_082025-F-150x150.jpg",150,150,true],"medium":["https:\/\/rms-enlinea.com.ar\/wp-content\/uploads\/2025\/08\/D_758435-MLA90223156951_082025-F-152x300.jpg",152,300,true],"medium_large":["https:\/\/rms-enlinea.com.ar\/wp-content\/uploads\/2025\/08\/D_758435-MLA90223156951_082025-F.jpg",600,1188,false],"large":["https:\/\/rms-enlinea.com.ar\/wp-content\/uploads\/2025\/08\/D_758435-MLA90223156951_082025-F-517x1024.jpg",517,1024,true],"1536x1536":["https:\/\/rms-enlinea.com.ar\/wp-content\/uploads\/2025\/08\/D_758435-MLA90223156951_082025-F.jpg",600,1188,false],"2048x2048":["https:\/\/rms-enlinea.com.ar\/wp-content\/uploads\/2025\/08\/D_758435-MLA90223156951_082025-F.jpg",600,1188,false],"woocommerce_thumbnail":["https:\/\/rms-enlinea.com.ar\/wp-content\/uploads\/2025\/08\/D_758435-MLA90223156951_082025-F-450x450.jpg",450,450,true],"woocommerce_single":["https:\/\/rms-enlinea.com.ar\/wp-content\/uploads\/2025\/08\/D_758435-MLA90223156951_082025-F.jpg",600,1188,false],"woocommerce_gallery_thumbnail":["https:\/\/rms-enlinea.com.ar\/wp-content\/uploads\/2025\/08\/D_758435-MLA90223156951_082025-F-100x100.jpg",100,100,true]},"uagb_author_info":{"display_name":"nelson","author_link":"https:\/\/rms-enlinea.com.ar\/tienda\/author\/"},"uagb_comment_info":0,"uagb_excerpt":"ESPECIFICACIONES F\u00cdSICAS Altura: 125,0 mmAnchura: 63,5 mmProfundidad: 40,0 mmESPECIFICACIONES T\u00c9CNICASCompatible con POWERPLAYTecnolog\u00eda inal\u00e1mbrica LIGHTSPEEDMemoria integrada Sistema de tensi\u00f3n de clickPies de PTFE sin aditivos5 botonesSEGUIMIENTOSensor: HERO\u2122Resoluci\u00f3n: 100 \u2013 25.600 DPIAceleraci\u00f3n m\u00e1xima: &gt;40 G Velocidad m\u00e1xima: &gt;400 ips Sin suavizado\/aceleraci\u00f3n\/filtrosRESPUESTAVelocidad de respuesta USB: 1.000 Hz (1 ms)Microprocesador: ARM de 32 bitsDURACI\u00d3N DE BATER\u00cdAS Movimiento constante: 70&hellip;","_links":{"self":[{"href":"https:\/\/rms-enlinea.com.ar\/tienda\/wp-json\/wp\/v2\/product\/54651","targetHints":{"allow":["GET"]}}],"collection":[{"href":"https:\/\/rms-enlinea.com.ar\/tienda\/wp-json\/wp\/v2\/product"}],"about":[{"href":"https:\/\/rms-enlinea.com.ar\/tienda\/wp-json\/wp\/v2\/types\/product"}],"replies":[{"embeddable":true,"href":"https:\/\/rms-enlinea.com.ar\/tienda\/wp-json\/wp\/v2\/comments?post=54651"}],"wp:featuredmedia":[{"embeddable":true,"href":"https:\/\/rms-enlinea.com.ar\/tienda\/wp-json\/wp\/v2\/media\/54652"}],"wp:attachment":[{"href":"https:\/\/rms-enlinea.com.ar\/tienda\/wp-json\/wp\/v2\/media?parent=54651"}],"wp:term":[{"taxonomy":"product_brand","embeddable":true,"href":"https:\/\/rms-enlinea.com.ar\/tienda\/wp-json\/wp\/v2\/product_brand?post=54651"},{"taxonomy":"product_cat","embeddable":true,"href":"https:\/\/rms-enlinea.com.ar\/tienda\/wp-json\/wp\/v2\/product_cat?post=54651"},{"taxonomy":"product_tag","embeddable":true,"href":"https:\/\/rms-enlinea.com.ar\/tienda\/wp-json\/wp\/v2\/product_tag?post=54651"}],"curies":[{"name":"wp","href":"https:\/\/api.w.org\/{rel}","templated":true}]}}