{"id":54672,"date":"2025-08-22T02:15:43","date_gmt":"2025-08-22T05:15:43","guid":{"rendered":"https:\/\/rms-enlinea.com.ar\/tienda\/producto\/teclado-gamer-logitech-g713-lightsync-aurora-rgb-pbt-ingles\/"},"modified":"2026-03-29T22:00:20","modified_gmt":"2026-03-30T01:00:20","slug":"teclado-gamer-logitech-g713-lightsync-aurora-rgb-pbt-ingles","status":"publish","type":"product","link":"https:\/\/rms-enlinea.com.ar\/tienda\/producto\/teclado-gamer-logitech-g713-lightsync-aurora-rgb-pbt-ingles\/","title":{"rendered":"Teclado Gamer Logitech G713 Lightsync Aurora Rgb Pbt Ingles"},"content":{"rendered":"<p>ESPECIFICACIONES F\u00cdSICAS<br \/>Longitud: 370,6 mm<br \/>Ancho: 157 mm<br \/>Altura: 37,2 mm<br \/>Peso: 962,5 g (con cable)<br \/>ESPECIFICACIONES T\u00c9CNICAS<br \/>Teclado con 87 teclas y sin secci\u00f3n num\u00e9rica (TKL)<br \/>Interruptores mec\u00e1nicos RGB con iluminaci\u00f3n individual<br \/>Teclas de PBT de doble moldeado<br \/>Iluminaci\u00f3n de per\u00edmetro con 16 LED bajo la placa<br \/>Controles multimedia incluido control giratorio de volumen<br \/>Control de brillo<br \/>Cable extra\u00edble<br \/>COMPATIBILIDAD<br \/>Puerto USB<br \/>Windows\u00ae 10 o posterior<br \/>macOS 10.15 o posterior<br \/>iPadOS 13.4 o posterior<br \/>iOS 14 o posterior<\/p>\n","protected":false},"excerpt":{"rendered":"<p>ESPECIFICACIONES F\u00cdSICASLongitud: 370,6 mmAncho: 157 mmAltura: 37,2 mmPeso: 962,5 g (con cable)ESPECIFICACIONES T\u00c9CNICASTeclado con 87 teclas y sin secci\u00f3n num\u00e9rica (TKL)Interruptores mec\u00e1nicos RGB con iluminaci\u00f3n individualTeclas de PBT de doble moldeadoIluminaci\u00f3n de per\u00edmetro con 16 LED bajo la placaControles multimedia incluido control giratorio de volumenControl de brilloCable extra\u00edbleCOMPATIBILIDADPuerto USBWindows\u00ae 10 o posteriormacOS 10.15 o posterioriPadOS [&hellip;]<\/p>\n","protected":false},"featured_media":54673,"comment_status":"open","ping_status":"closed","template":"","meta":{"_uag_custom_page_level_css":""},"product_brand":[549],"product_cat":[125],"product_tag":[],"class_list":{"0":"post-54672","1":"product","2":"type-product","3":"status-publish","4":"has-post-thumbnail","6":"product_brand-logitech","7":"product_cat-teclados-y-mouses","9":"first","10":"outofstock","11":"sale","12":"taxable","13":"shipping-taxable","14":"purchasable","15":"product-type-simple"},"uagb_featured_image_src":{"full":["https:\/\/rms-enlinea.com.ar\/wp-content\/uploads\/2025\/08\/D_982497-MLA90270667825_082025-F.jpg",1199,860,false],"thumbnail":["https:\/\/rms-enlinea.com.ar\/wp-content\/uploads\/2025\/08\/D_982497-MLA90270667825_082025-F-150x150.jpg",150,150,true],"medium":["https:\/\/rms-enlinea.com.ar\/wp-content\/uploads\/2025\/08\/D_982497-MLA90270667825_082025-F-300x215.jpg",300,215,true],"medium_large":["https:\/\/rms-enlinea.com.ar\/wp-content\/uploads\/2025\/08\/D_982497-MLA90270667825_082025-F-768x551.jpg",768,551,true],"large":["https:\/\/rms-enlinea.com.ar\/wp-content\/uploads\/2025\/08\/D_982497-MLA90270667825_082025-F-1024x734.jpg",1024,734,true],"1536x1536":["https:\/\/rms-enlinea.com.ar\/wp-content\/uploads\/2025\/08\/D_982497-MLA90270667825_082025-F.jpg",1199,860,false],"2048x2048":["https:\/\/rms-enlinea.com.ar\/wp-content\/uploads\/2025\/08\/D_982497-MLA90270667825_082025-F.jpg",1199,860,false],"woocommerce_thumbnail":["https:\/\/rms-enlinea.com.ar\/wp-content\/uploads\/2025\/08\/D_982497-MLA90270667825_082025-F-450x450.jpg",450,450,true],"woocommerce_single":["https:\/\/rms-enlinea.com.ar\/wp-content\/uploads\/2025\/08\/D_982497-MLA90270667825_082025-F-600x430.jpg",600,430,true],"woocommerce_gallery_thumbnail":["https:\/\/rms-enlinea.com.ar\/wp-content\/uploads\/2025\/08\/D_982497-MLA90270667825_082025-F-100x100.jpg",100,100,true]},"uagb_author_info":{"display_name":"nelson","author_link":"https:\/\/rms-enlinea.com.ar\/tienda\/author\/"},"uagb_comment_info":0,"uagb_excerpt":"ESPECIFICACIONES F\u00cdSICASLongitud: 370,6 mmAncho: 157 mmAltura: 37,2 mmPeso: 962,5 g (con cable)ESPECIFICACIONES T\u00c9CNICASTeclado con 87 teclas y sin secci\u00f3n num\u00e9rica (TKL)Interruptores mec\u00e1nicos RGB con iluminaci\u00f3n individualTeclas de PBT de doble moldeadoIluminaci\u00f3n de per\u00edmetro con 16 LED bajo la placaControles multimedia incluido control giratorio de volumenControl de brilloCable extra\u00edbleCOMPATIBILIDADPuerto USBWindows\u00ae 10 o posteriormacOS 10.15 o posterioriPadOS&hellip;","_links":{"self":[{"href":"https:\/\/rms-enlinea.com.ar\/tienda\/wp-json\/wp\/v2\/product\/54672","targetHints":{"allow":["GET"]}}],"collection":[{"href":"https:\/\/rms-enlinea.com.ar\/tienda\/wp-json\/wp\/v2\/product"}],"about":[{"href":"https:\/\/rms-enlinea.com.ar\/tienda\/wp-json\/wp\/v2\/types\/product"}],"replies":[{"embeddable":true,"href":"https:\/\/rms-enlinea.com.ar\/tienda\/wp-json\/wp\/v2\/comments?post=54672"}],"wp:featuredmedia":[{"embeddable":true,"href":"https:\/\/rms-enlinea.com.ar\/tienda\/wp-json\/wp\/v2\/media\/54673"}],"wp:attachment":[{"href":"https:\/\/rms-enlinea.com.ar\/tienda\/wp-json\/wp\/v2\/media?parent=54672"}],"wp:term":[{"taxonomy":"product_brand","embeddable":true,"href":"https:\/\/rms-enlinea.com.ar\/tienda\/wp-json\/wp\/v2\/product_brand?post=54672"},{"taxonomy":"product_cat","embeddable":true,"href":"https:\/\/rms-enlinea.com.ar\/tienda\/wp-json\/wp\/v2\/product_cat?post=54672"},{"taxonomy":"product_tag","embeddable":true,"href":"https:\/\/rms-enlinea.com.ar\/tienda\/wp-json\/wp\/v2\/product_tag?post=54672"}],"curies":[{"name":"wp","href":"https:\/\/api.w.org\/{rel}","templated":true}]}}